{"id":568,"date":"2022-05-20T10:20:26","date_gmt":"2022-05-20T08:20:26","guid":{"rendered":"https:\/\/spirits-import.de\/fine-bretagne-tradition-aoc\/"},"modified":"2022-05-20T11:29:41","modified_gmt":"2022-05-20T09:29:41","slug":"fine-bretagne-tradition-aoc","status":"publish","type":"page","link":"https:\/\/spirits-import.de\/nl\/fachhandel\/distillerie-du-gorvello\/fine-bretagne-tradition-aoc\/","title":{"rendered":"Fine Bretagne Tradition AOC"},"content":{"rendered":"\n<div class=\"wp-block-image\"><figure class=\"alignright size-large is-resized\"><img loading=\"lazy\" decoding=\"async\" src=\"https:\/\/spirits-import.de\/wp-content\/uploads\/2022\/05\/Fine_Tradition_front_small-393x1024.png\" alt=\"\" class=\"wp-image-603\" width=\"198\" height=\"515\" srcset=\"https:\/\/spirits-import.de\/wp-content\/uploads\/2022\/05\/Fine_Tradition_front_small-393x1024.png 393w, https:\/\/spirits-import.de\/wp-content\/uploads\/2022\/05\/Fine_Tradition_front_small-115x300.png 115w, https:\/\/spirits-import.de\/wp-content\/uploads\/2022\/05\/Fine_Tradition_front_small-768x2003.png 768w, https:\/\/spirits-import.de\/wp-content\/uploads\/2022\/05\/Fine_Tradition_front_small-589x1536.png 589w\" sizes=\"auto, (max-width: 198px) 100vw, 198px\" \/><\/figure><\/div>\n\n\n\n<p>Fine Bretagne ist ein Eau-de-Vie de Cidre de Bretagne und somit eine gesch\u00fctzte geografische Angabe f\u00fcr eine Spirituose. Der Fine Bretagne Tradition wird auf Basis von Apfelwein (Cidre) auf maximal 86% vol. destilliert. Dadurch bleibt der Geschmack der Most\u00e4pfel als Ausgangsstoff dieser Spirituose erhalten. Nach der Destillation wird der Eau-de-Vie de Cidre (also der Apfelbrand) auf F\u00e4ssern aus Eichenholz gelagert.<\/p>\n\n\n\n<p>Die Cuv\u00e9e Tradition ist eine Assemblage verschiedener Jahrg\u00e4nge des Eau-de-Vie de Cidre, wobei die j\u00fcngsten mindestens drei Jahre gereift sind. Diesen Fine Bretagne genie\u00dfen Sie pur bei Zimmertemperatur. Seine subtilen Aromen von Holz und die angenehme Fruchtigkeit im Bouquet k\u00f6nnen sich in einem Nosing-Glas ganz entfalten und sollten in aller Ruhe genossen werden. Zu einer Mahlzeit wird Fine Bretagne Tradition gerne als Digestif zum Abschluss gemeinsam mit einem passenden Dessert gereicht.<\/p>\n","protected":false},"excerpt":{"rendered":"<p>Fine Bretagne ist ein Eau-de-Vie de Cidre de Bretagne und somit eine gesch\u00fctzte geografische Angabe f\u00fcr eine Spirituose. Der Fine Bretagne Tradition wird auf Basis von Apfelwein (Cidre) auf maximal 86% vol. destilliert. Dadurch bleibt der Geschmack der Most\u00e4pfel als Ausgangsstoff dieser Spirituose erhalten. Nach der Destillation wird der Eau-de-Vie de Cidre (also der Apfelbrand)&hellip; <a class=\"more-link\" href=\"https:\/\/spirits-import.de\/nl\/fachhandel\/distillerie-du-gorvello\/fine-bretagne-tradition-aoc\/\">Continue reading <span class=\"screen-reader-text\">Fine Bretagne Tradition AOC<\/span><\/a><\/p>\n","protected":false},"author":1,"featured_media":0,"parent":562,"menu_order":2,"comment_status":"closed","ping_status":"closed","template":"","meta":{"footnotes":""},"class_list":["post-568","page","type-page","status-publish","hentry","entry"],"translation":{"provider":"WPGlobus","version":"3.0.2","language":"nl","enabled_languages":["de","en","es","fr","it","nl"],"languages":{"de":{"title":true,"content":true,"excerpt":false},"en":{"title":false,"content":false,"excerpt":false},"es":{"title":false,"content":false,"excerpt":false},"fr":{"title":false,"content":false,"excerpt":false},"it":{"title":false,"content":false,"excerpt":false},"nl":{"title":false,"content":false,"excerpt":false}}},"_links":{"self":[{"href":"https:\/\/spirits-import.de\/nl\/wp-json\/wp\/v2\/pages\/568","targetHints":{"allow":["GET"]}}],"collection":[{"href":"https:\/\/spirits-import.de\/nl\/wp-json\/wp\/v2\/pages"}],"about":[{"href":"https:\/\/spirits-import.de\/nl\/wp-json\/wp\/v2\/types\/page"}],"author":[{"embeddable":true,"href":"https:\/\/spirits-import.de\/nl\/wp-json\/wp\/v2\/users\/1"}],"replies":[{"embeddable":true,"href":"https:\/\/spirits-import.de\/nl\/wp-json\/wp\/v2\/comments?post=568"}],"version-history":[{"count":3,"href":"https:\/\/spirits-import.de\/nl\/wp-json\/wp\/v2\/pages\/568\/revisions"}],"predecessor-version":[{"id":607,"href":"https:\/\/spirits-import.de\/nl\/wp-json\/wp\/v2\/pages\/568\/revisions\/607"}],"up":[{"embeddable":true,"href":"https:\/\/spirits-import.de\/nl\/wp-json\/wp\/v2\/pages\/562"}],"wp:attachment":[{"href":"https:\/\/spirits-import.de\/nl\/wp-json\/wp\/v2\/media?parent=568"}],"curies":[{"name":"wp","href":"https:\/\/api.w.org\/{rel}","templated":true}]}}