{"id":388,"date":"2022-02-24T10:06:30","date_gmt":"2022-02-24T09:06:30","guid":{"rendered":"https:\/\/spirits-import.de\/?page_id=388"},"modified":"2022-02-24T10:08:37","modified_gmt":"2022-02-24T09:08:37","slug":"liqueur-de-verveine","status":"publish","type":"page","link":"https:\/\/spirits-import.de\/nl\/fachhandel\/distillerie-la-salamandre\/liqueur-de-verveine\/","title":{"rendered":"Liqueur de Verveine"},"content":{"rendered":"\n<p>Der Liqueur de Verveine der Distillerie La Salamandre ist eine subtile Mischung aus Zitronenverbene und Genepi mit einem kr\u00e4ftigen Alkoholgehalt von 40% vol. Der besondere Geschmack und die leuchtend gr\u00fcne Farbe machen diesen Lik\u00f6r zu einer unvergleichbaren Zutat von Obstsalaten, Eisbechern, cremigen Desserts und nat\u00fcrlich Cocktails.<\/p>\n\n\n\n<div class=\"wp-block-image\"><figure class=\"alignright size-full is-resized\"><img loading=\"lazy\" decoding=\"async\" src=\"https:\/\/spirits-import.de\/wp-content\/uploads\/2022\/02\/Liqueur_de_Verveine_Small.png\" alt=\"\" class=\"wp-image-476\" width=\"162\" height=\"516\"\/><\/figure><\/div>\n\n\n\n<p>Pur wird der Lik\u00f6r eisgek\u00fchlt oder auf Crushed-Ice serviert. Wenn der Liqueur de Verveine sich im Glas langsam erw\u00e4rmt, setzt er nach und nach seine Aromen frei und eignet sich daher ideal als Digestif nach einer Mahlzeit oder als Aperitif vor einem Men\u00fc.<\/p>\n\n\n\n<p>Mit gek\u00fchltem, stillen oder sprudelnden Wasser oder einem Tonic Water verwandelt sich der Liqueur de Verveine zu einem Longdrink. In K\u00fcche eignet sich Liqueur de Verveine f\u00fcr die Zubereitung von Panna Cotta, Cr\u00e8me br\u00fbl\u00e9e, eisgek\u00fchltem Souffl\u00e9 oder Obstsalat.<\/p>\n\n\n\n<p>Zum Schutz der Aromen sollte der Liqueur de Verveine an einem dunklen, k\u00fchlen Ort vor direkter Sonneneinstrahlung gesch\u00fctzt gelagert werden. Nach dem \u00d6ffnen sollte die Flasche an einem k\u00fchlen Ort aufbewahrt werden, da f\u00fcr die Herstellung keine Konservierungsstoffe verwendet werden. Durch den Verzicht auf Konservierungsstoffe kann es bei Lagerung bei Zimmertemperatur zu einer Oxidation kommen, die die Geschmacksqualit\u00e4t des Liqueur de Verveine ver\u00e4ndert, ohne die Genie\u00dfbarkeit zu beeintr\u00e4chtigen.<\/p>\n","protected":false},"excerpt":{"rendered":"<p>Der Liqueur de Verveine der Distillerie La Salamandre ist eine subtile Mischung aus Zitronenverbene und Genepi mit einem kr\u00e4ftigen Alkoholgehalt von 40% vol. Der besondere Geschmack und die leuchtend gr\u00fcne Farbe machen diesen Lik\u00f6r zu einer unvergleichbaren Zutat von Obstsalaten, Eisbechern, cremigen Desserts und nat\u00fcrlich Cocktails. Pur wird der Lik\u00f6r eisgek\u00fchlt oder auf Crushed-Ice serviert.&hellip; <a class=\"more-link\" href=\"https:\/\/spirits-import.de\/nl\/fachhandel\/distillerie-la-salamandre\/liqueur-de-verveine\/\">Continue reading <span class=\"screen-reader-text\">Liqueur de Verveine<\/span><\/a><\/p>\n","protected":false},"author":1,"featured_media":0,"parent":384,"menu_order":4,"comment_status":"closed","ping_status":"closed","template":"","meta":{"footnotes":""},"class_list":["post-388","page","type-page","status-publish","hentry","entry"],"translation":{"provider":"WPGlobus","version":"3.0.2","language":"nl","enabled_languages":["de","en","es","fr","it","nl"],"languages":{"de":{"title":true,"content":true,"excerpt":false},"en":{"title":false,"content":false,"excerpt":false},"es":{"title":false,"content":false,"excerpt":false},"fr":{"title":false,"content":false,"excerpt":false},"it":{"title":false,"content":false,"excerpt":false},"nl":{"title":false,"content":false,"excerpt":false}}},"_links":{"self":[{"href":"https:\/\/spirits-import.de\/nl\/wp-json\/wp\/v2\/pages\/388","targetHints":{"allow":["GET"]}}],"collection":[{"href":"https:\/\/spirits-import.de\/nl\/wp-json\/wp\/v2\/pages"}],"about":[{"href":"https:\/\/spirits-import.de\/nl\/wp-json\/wp\/v2\/types\/page"}],"author":[{"embeddable":true,"href":"https:\/\/spirits-import.de\/nl\/wp-json\/wp\/v2\/users\/1"}],"replies":[{"embeddable":true,"href":"https:\/\/spirits-import.de\/nl\/wp-json\/wp\/v2\/comments?post=388"}],"version-history":[{"count":2,"href":"https:\/\/spirits-import.de\/nl\/wp-json\/wp\/v2\/pages\/388\/revisions"}],"predecessor-version":[{"id":477,"href":"https:\/\/spirits-import.de\/nl\/wp-json\/wp\/v2\/pages\/388\/revisions\/477"}],"up":[{"embeddable":true,"href":"https:\/\/spirits-import.de\/nl\/wp-json\/wp\/v2\/pages\/384"}],"wp:attachment":[{"href":"https:\/\/spirits-import.de\/nl\/wp-json\/wp\/v2\/media?parent=388"}],"curies":[{"name":"wp","href":"https:\/\/api.w.org\/{rel}","templated":true}]}}