{"id":806,"date":"2024-01-30T16:01:28","date_gmt":"2024-01-30T15:01:28","guid":{"rendered":"https:\/\/spirits-import.de\/medien\/medienuebersicht-maison-janot\/"},"modified":"2026-03-27T09:26:26","modified_gmt":"2026-03-27T08:26:26","slug":"medienuebersicht-maison-janot","status":"publish","type":"page","link":"https:\/\/spirits-import.de\/it\/medien\/medienuebersicht-maison-janot\/","title":{"rendered":"Medien\u00fcbersicht Maison Janot"},"content":{"rendered":"\n<h2 class=\"wp-block-heading\">Pastis Maison Janot<\/h2>\n\n\n\n<p>Breite Bilder der Flasche, ideal f\u00fcr Shops \u2013 vorne und hinten<br>Aufl\u00f6sung 1353 x 2100 Pixel<\/p>\n\n\n\n<div class=\"wp-block-columns is-layout-flex wp-container-core-columns-is-layout-9d6595d7 wp-block-columns-is-layout-flex\">\n<div class=\"wp-block-column is-layout-flow wp-block-column-is-layout-flow\">\n<figure class=\"wp-block-image size-large\"><a href=\"https:\/\/spirits-import.de\/wp-content\/uploads\/2024\/01\/Pastis-Janot_Front.png\"><img loading=\"lazy\" decoding=\"async\" width=\"660\" height=\"1024\" src=\"https:\/\/spirits-import.de\/wp-content\/uploads\/2024\/01\/Pastis-Janot_Front-660x1024.png\" alt=\"\" class=\"wp-image-866\" srcset=\"https:\/\/spirits-import.de\/wp-content\/uploads\/2024\/01\/Pastis-Janot_Front-660x1024.png 660w, https:\/\/spirits-import.de\/wp-content\/uploads\/2024\/01\/Pastis-Janot_Front-193x300.png 193w, https:\/\/spirits-import.de\/wp-content\/uploads\/2024\/01\/Pastis-Janot_Front-768x1192.png 768w, https:\/\/spirits-import.de\/wp-content\/uploads\/2024\/01\/Pastis-Janot_Front-990x1536.png 990w, https:\/\/spirits-import.de\/wp-content\/uploads\/2024\/01\/Pastis-Janot_Front-1319x2048.png 1319w, https:\/\/spirits-import.de\/wp-content\/uploads\/2024\/01\/Pastis-Janot_Front.png 1353w\" sizes=\"auto, (max-width: 660px) 100vw, 660px\" \/><\/a><figcaption class=\"wp-element-caption\"><a href=\"https:\/\/spirits-import.de\/wp-content\/uploads\/2024\/01\/Pastis-Janot_Front.png\" data-type=\"attachment\" data-id=\"866\">Pastis Janot Front<\/a><\/figcaption><\/figure>\n<\/div>\n\n\n\n<div class=\"wp-block-column is-layout-flow wp-block-column-is-layout-flow\">\n<figure class=\"wp-block-image size-large\"><a href=\"https:\/\/spirits-import.de\/wp-content\/uploads\/2024\/01\/Pastis-Janot_Back.png\"><img loading=\"lazy\" decoding=\"async\" width=\"660\" height=\"1024\" src=\"https:\/\/spirits-import.de\/wp-content\/uploads\/2024\/01\/Pastis-Janot_Back-660x1024.png\" alt=\"\" class=\"wp-image-865\" srcset=\"https:\/\/spirits-import.de\/wp-content\/uploads\/2024\/01\/Pastis-Janot_Back-660x1024.png 660w, https:\/\/spirits-import.de\/wp-content\/uploads\/2024\/01\/Pastis-Janot_Back-193x300.png 193w, https:\/\/spirits-import.de\/wp-content\/uploads\/2024\/01\/Pastis-Janot_Back-768x1192.png 768w, https:\/\/spirits-import.de\/wp-content\/uploads\/2024\/01\/Pastis-Janot_Back-990x1536.png 990w, https:\/\/spirits-import.de\/wp-content\/uploads\/2024\/01\/Pastis-Janot_Back-1319x2048.png 1319w, https:\/\/spirits-import.de\/wp-content\/uploads\/2024\/01\/Pastis-Janot_Back.png 1353w\" sizes=\"auto, (max-width: 660px) 100vw, 660px\" \/><\/a><figcaption class=\"wp-element-caption\"><a href=\"https:\/\/spirits-import.de\/wp-content\/uploads\/2024\/01\/Pastis-Janot_Back.png\" data-type=\"attachment\" data-id=\"865\">Pastis Janot Back<\/a><\/figcaption><\/figure>\n<\/div>\n<\/div>\n\n\n\n<p>Schmale Bilder der Flasche, vorne und hinten<br>Aufl\u00f6sung 516 x 2000 Pixel<\/p>\n\n\n\n<div class=\"wp-block-columns is-layout-flex wp-container-core-columns-is-layout-9d6595d7 wp-block-columns-is-layout-flex\">\n<div class=\"wp-block-column is-layout-flow wp-block-column-is-layout-flow\"><div class=\"wp-block-image\">\n<figure class=\"aligncenter size-large is-resized\"><a href=\"https:\/\/spirits-import.de\/wp-content\/uploads\/2024\/01\/Pastis-Janot_Small_Front.png\"><img loading=\"lazy\" decoding=\"async\" width=\"286\" height=\"1024\" src=\"https:\/\/spirits-import.de\/wp-content\/uploads\/2024\/01\/Pastis-Janot_Small_Front-286x1024.png\" alt=\"\" class=\"wp-image-870\" style=\"width:106px;height:auto\" srcset=\"https:\/\/spirits-import.de\/wp-content\/uploads\/2024\/01\/Pastis-Janot_Small_Front-286x1024.png 286w, https:\/\/spirits-import.de\/wp-content\/uploads\/2024\/01\/Pastis-Janot_Small_Front-84x300.png 84w, https:\/\/spirits-import.de\/wp-content\/uploads\/2024\/01\/Pastis-Janot_Small_Front-429x1536.png 429w, https:\/\/spirits-import.de\/wp-content\/uploads\/2024\/01\/Pastis-Janot_Small_Front.png 558w\" sizes=\"auto, (max-width: 286px) 100vw, 286px\" \/><\/a><figcaption class=\"wp-element-caption\"><a href=\"https:\/\/spirits-import.de\/wp-content\/uploads\/2024\/01\/Pastis-Janot_Small_Front.png\" data-type=\"attachment\" data-id=\"870\">Pastis Janot Small Front<\/a><\/figcaption><\/figure>\n<\/div><\/div>\n\n\n\n<div class=\"wp-block-column is-layout-flow wp-block-column-is-layout-flow\"><div class=\"wp-block-image\">\n<figure class=\"aligncenter size-large is-resized\"><a href=\"https:\/\/spirits-import.de\/wp-content\/uploads\/2024\/01\/Pastis-Janot_Small_Back.png\"><img loading=\"lazy\" decoding=\"async\" width=\"287\" height=\"1024\" src=\"https:\/\/spirits-import.de\/wp-content\/uploads\/2024\/01\/Pastis-Janot_Small_Back-287x1024.png\" alt=\"\" class=\"wp-image-869\" style=\"width:108px;height:auto\" srcset=\"https:\/\/spirits-import.de\/wp-content\/uploads\/2024\/01\/Pastis-Janot_Small_Back-287x1024.png 287w, https:\/\/spirits-import.de\/wp-content\/uploads\/2024\/01\/Pastis-Janot_Small_Back-84x300.png 84w, https:\/\/spirits-import.de\/wp-content\/uploads\/2024\/01\/Pastis-Janot_Small_Back-430x1536.png 430w, https:\/\/spirits-import.de\/wp-content\/uploads\/2024\/01\/Pastis-Janot_Small_Back.png 560w\" sizes=\"auto, (max-width: 287px) 100vw, 287px\" \/><\/a><figcaption class=\"wp-element-caption\"><a href=\"https:\/\/spirits-import.de\/wp-content\/uploads\/2024\/01\/Pastis-Janot_Small_Back.png\" data-type=\"attachment\" data-id=\"869\">Pastis Janot Small Back<\/a><\/figcaption><\/figure>\n<\/div><\/div>\n<\/div>\n\n\n\n<h2 class=\"wp-block-heading\" id=\"pastisbio\">Pastis Bio Maison Janot<br>FR-BIO-01<\/h2>\n\n\n\n<p>Breite Bilder der Flasche, ideal f\u00fcr Shops \u2013 vorne und hinten<br>Aufl\u00f6sung 1495x 2250 Pixel<\/p>\n\n\n\n<div class=\"wp-block-columns is-layout-flex wp-container-core-columns-is-layout-9d6595d7 wp-block-columns-is-layout-flex\">\n<div class=\"wp-block-column is-layout-flow wp-block-column-is-layout-flow\">\n<figure class=\"wp-block-image size-large\"><a href=\"https:\/\/spirits-import.de\/wp-content\/uploads\/2026\/03\/MJ_Pastis-Bio_Front.png\"><img loading=\"lazy\" decoding=\"async\" width=\"680\" height=\"1024\" src=\"https:\/\/spirits-import.de\/wp-content\/uploads\/2026\/03\/MJ_Pastis-Bio_Front-680x1024.png\" alt=\"\" class=\"wp-image-1321\" srcset=\"https:\/\/spirits-import.de\/wp-content\/uploads\/2026\/03\/MJ_Pastis-Bio_Front-680x1024.png 680w, https:\/\/spirits-import.de\/wp-content\/uploads\/2026\/03\/MJ_Pastis-Bio_Front-199x300.png 199w, https:\/\/spirits-import.de\/wp-content\/uploads\/2026\/03\/MJ_Pastis-Bio_Front-768x1156.png 768w, https:\/\/spirits-import.de\/wp-content\/uploads\/2026\/03\/MJ_Pastis-Bio_Front-1021x1536.png 1021w, https:\/\/spirits-import.de\/wp-content\/uploads\/2026\/03\/MJ_Pastis-Bio_Front-1361x2048.png 1361w, https:\/\/spirits-import.de\/wp-content\/uploads\/2026\/03\/MJ_Pastis-Bio_Front.png 1495w\" sizes=\"auto, (max-width: 680px) 100vw, 680px\" \/><\/a><figcaption class=\"wp-element-caption\"><a href=\"https:\/\/spirits-import.de\/wp-content\/uploads\/2026\/03\/MJ_Pastis-Bio_Front.png\" data-type=\"attachment\" data-id=\"1321\">Pastis Bio Front<\/a><\/figcaption><\/figure>\n<\/div>\n\n\n\n<div class=\"wp-block-column is-layout-flow wp-block-column-is-layout-flow\">\n<figure class=\"wp-block-image size-large\"><a href=\"https:\/\/spirits-import.de\/wp-content\/uploads\/2026\/03\/MJ_Pastis-Bio_Back.png\"><img loading=\"lazy\" decoding=\"async\" width=\"680\" height=\"1024\" src=\"https:\/\/spirits-import.de\/wp-content\/uploads\/2026\/03\/MJ_Pastis-Bio_Back-680x1024.png\" alt=\"\" class=\"wp-image-1320\" srcset=\"https:\/\/spirits-import.de\/wp-content\/uploads\/2026\/03\/MJ_Pastis-Bio_Back-680x1024.png 680w, https:\/\/spirits-import.de\/wp-content\/uploads\/2026\/03\/MJ_Pastis-Bio_Back-199x300.png 199w, https:\/\/spirits-import.de\/wp-content\/uploads\/2026\/03\/MJ_Pastis-Bio_Back-768x1156.png 768w, https:\/\/spirits-import.de\/wp-content\/uploads\/2026\/03\/MJ_Pastis-Bio_Back-1021x1536.png 1021w, https:\/\/spirits-import.de\/wp-content\/uploads\/2026\/03\/MJ_Pastis-Bio_Back-1361x2048.png 1361w, https:\/\/spirits-import.de\/wp-content\/uploads\/2026\/03\/MJ_Pastis-Bio_Back.png 1495w\" sizes=\"auto, (max-width: 680px) 100vw, 680px\" \/><\/a><figcaption class=\"wp-element-caption\"><a href=\"https:\/\/spirits-import.de\/wp-content\/uploads\/2026\/03\/MJ_Pastis-Bio_Back.png\" data-type=\"attachment\" data-id=\"1320\">Pastis Bio Back<\/a><\/figcaption><\/figure>\n<\/div>\n<\/div>\n\n\n\n<p>Schmale Bilder der Flasche, vorne und hinten<br>Aufl\u00f6sung 504 x 2150 Pixel<\/p>\n\n\n\n<div class=\"wp-block-columns is-layout-flex wp-container-core-columns-is-layout-9d6595d7 wp-block-columns-is-layout-flex\">\n<div class=\"wp-block-column is-layout-flow wp-block-column-is-layout-flow\">\n<figure class=\"wp-block-image size-large is-resized\"><a href=\"https:\/\/spirits-import.de\/wp-content\/uploads\/2026\/03\/MJ_Pastis-Bio_Small_Front.png\"><img loading=\"lazy\" decoding=\"async\" width=\"240\" height=\"1024\" src=\"https:\/\/spirits-import.de\/wp-content\/uploads\/2026\/03\/MJ_Pastis-Bio_Small_Front-240x1024.png\" alt=\"\" class=\"wp-image-1325\" style=\"width:78px\" srcset=\"https:\/\/spirits-import.de\/wp-content\/uploads\/2026\/03\/MJ_Pastis-Bio_Small_Front-240x1024.png 240w, https:\/\/spirits-import.de\/wp-content\/uploads\/2026\/03\/MJ_Pastis-Bio_Small_Front-70x300.png 70w, https:\/\/spirits-import.de\/wp-content\/uploads\/2026\/03\/MJ_Pastis-Bio_Small_Front-360x1536.png 360w, https:\/\/spirits-import.de\/wp-content\/uploads\/2026\/03\/MJ_Pastis-Bio_Small_Front-480x2048.png 480w, https:\/\/spirits-import.de\/wp-content\/uploads\/2026\/03\/MJ_Pastis-Bio_Small_Front.png 504w\" sizes=\"auto, (max-width: 240px) 100vw, 240px\" \/><\/a><figcaption class=\"wp-element-caption\"><a href=\"https:\/\/spirits-import.de\/wp-content\/uploads\/2026\/03\/MJ_Pastis-Bio_Small_Front.png\" data-type=\"attachment\" data-id=\"1325\">Pastis Bio<br>Schmales Bild Front<\/a><\/figcaption><\/figure>\n<\/div>\n\n\n\n<div class=\"wp-block-column is-layout-flow wp-block-column-is-layout-flow\">\n<figure class=\"wp-block-image size-large is-resized\"><a href=\"https:\/\/spirits-import.de\/wp-content\/uploads\/2026\/03\/MJ_Pastis-Bio_Back.png\"><img loading=\"lazy\" decoding=\"async\" width=\"240\" height=\"1024\" src=\"https:\/\/spirits-import.de\/wp-content\/uploads\/2026\/03\/MJ_Pastis-Bio_Small_Back-240x1024.png\" alt=\"\" class=\"wp-image-1324\" style=\"width:78px\" srcset=\"https:\/\/spirits-import.de\/wp-content\/uploads\/2026\/03\/MJ_Pastis-Bio_Small_Back-240x1024.png 240w, https:\/\/spirits-import.de\/wp-content\/uploads\/2026\/03\/MJ_Pastis-Bio_Small_Back-70x300.png 70w, https:\/\/spirits-import.de\/wp-content\/uploads\/2026\/03\/MJ_Pastis-Bio_Small_Back-360x1536.png 360w, https:\/\/spirits-import.de\/wp-content\/uploads\/2026\/03\/MJ_Pastis-Bio_Small_Back-480x2048.png 480w, https:\/\/spirits-import.de\/wp-content\/uploads\/2026\/03\/MJ_Pastis-Bio_Small_Back.png 504w\" sizes=\"auto, (max-width: 240px) 100vw, 240px\" \/><\/a><figcaption class=\"wp-element-caption\"><a href=\"https:\/\/spirits-import.de\/wp-content\/uploads\/2026\/03\/MJ_Pastis-Bio_Small_Back.png\" data-type=\"attachment\" data-id=\"1324\">Pastis Bio<br>Schmales Bild Back<\/a><\/figcaption><\/figure>\n<\/div>\n<\/div>\n\n\n\n<h2 class=\"wp-block-heading\" id=\"mentheblanche\">Menthe Blanche Maison Janot<\/h2>\n\n\n\n<p>Breite Bilder der Flasche, ideal f\u00fcr Shops \u2013 vorne und hinten<br>Aufl\u00f6sung 1495x 2250 Pixel<\/p>\n\n\n\n<div class=\"wp-block-columns is-layout-flex wp-container-core-columns-is-layout-9d6595d7 wp-block-columns-is-layout-flex\">\n<div class=\"wp-block-column is-layout-flow wp-block-column-is-layout-flow\">\n<figure class=\"wp-block-image size-large\"><a href=\"https:\/\/spirits-import.de\/wp-content\/uploads\/2026\/03\/MJ_Menthe-Blanche_Front.png\"><img loading=\"lazy\" decoding=\"async\" width=\"680\" height=\"1024\" src=\"https:\/\/spirits-import.de\/wp-content\/uploads\/2026\/03\/MJ_Menthe-Blanche_Front-680x1024.png\" alt=\"\" class=\"wp-image-1315\" srcset=\"https:\/\/spirits-import.de\/wp-content\/uploads\/2026\/03\/MJ_Menthe-Blanche_Front-680x1024.png 680w, https:\/\/spirits-import.de\/wp-content\/uploads\/2026\/03\/MJ_Menthe-Blanche_Front-199x300.png 199w, https:\/\/spirits-import.de\/wp-content\/uploads\/2026\/03\/MJ_Menthe-Blanche_Front-768x1156.png 768w, https:\/\/spirits-import.de\/wp-content\/uploads\/2026\/03\/MJ_Menthe-Blanche_Front-1021x1536.png 1021w, https:\/\/spirits-import.de\/wp-content\/uploads\/2026\/03\/MJ_Menthe-Blanche_Front-1361x2048.png 1361w, https:\/\/spirits-import.de\/wp-content\/uploads\/2026\/03\/MJ_Menthe-Blanche_Front.png 1495w\" sizes=\"auto, (max-width: 680px) 100vw, 680px\" \/><\/a><figcaption class=\"wp-element-caption\"><a href=\"https:\/\/spirits-import.de\/wp-content\/uploads\/2026\/03\/MJ_Menthe-Blanche_Front.png\" data-type=\"attachment\" data-id=\"1315\">Menthe Blanche Front<\/a><\/figcaption><\/figure>\n<\/div>\n\n\n\n<div class=\"wp-block-column is-layout-flow wp-block-column-is-layout-flow\">\n<figure class=\"wp-block-image size-large\"><a href=\"https:\/\/spirits-import.de\/wp-content\/uploads\/2026\/03\/MJ_Menthe-Blanche_Back.png\"><img loading=\"lazy\" decoding=\"async\" width=\"680\" height=\"1024\" src=\"https:\/\/spirits-import.de\/wp-content\/uploads\/2026\/03\/MJ_Menthe-Blanche_Back-680x1024.png\" alt=\"\" class=\"wp-image-1314\" srcset=\"https:\/\/spirits-import.de\/wp-content\/uploads\/2026\/03\/MJ_Menthe-Blanche_Back-680x1024.png 680w, https:\/\/spirits-import.de\/wp-content\/uploads\/2026\/03\/MJ_Menthe-Blanche_Back-199x300.png 199w, https:\/\/spirits-import.de\/wp-content\/uploads\/2026\/03\/MJ_Menthe-Blanche_Back-768x1156.png 768w, https:\/\/spirits-import.de\/wp-content\/uploads\/2026\/03\/MJ_Menthe-Blanche_Back-1021x1536.png 1021w, https:\/\/spirits-import.de\/wp-content\/uploads\/2026\/03\/MJ_Menthe-Blanche_Back-1361x2048.png 1361w, https:\/\/spirits-import.de\/wp-content\/uploads\/2026\/03\/MJ_Menthe-Blanche_Back.png 1495w\" sizes=\"auto, (max-width: 680px) 100vw, 680px\" \/><\/a><figcaption class=\"wp-element-caption\"><a href=\"https:\/\/spirits-import.de\/wp-content\/uploads\/2026\/03\/MJ_Menthe-Blanche_Back.png\" data-type=\"attachment\" data-id=\"1314\">Menthe Blanche Back<\/a><\/figcaption><\/figure>\n<\/div>\n<\/div>\n\n\n\n<p>Schmale Bilder der Flasche, vorne und hinten<br>Aufl\u00f6sung 504 x 2150 Pixel<\/p>\n\n\n\n<div class=\"wp-block-columns is-layout-flex wp-container-core-columns-is-layout-9d6595d7 wp-block-columns-is-layout-flex\">\n<div class=\"wp-block-column is-layout-flow wp-block-column-is-layout-flow\">\n<figure class=\"wp-block-image size-large is-resized\"><a href=\"https:\/\/spirits-import.de\/wp-content\/uploads\/2026\/03\/MJ_Menthe-Blanche_Small_Front.png\"><img loading=\"lazy\" decoding=\"async\" width=\"240\" height=\"1024\" src=\"https:\/\/spirits-import.de\/wp-content\/uploads\/2026\/03\/MJ_Menthe-Blanche_Small_Front-240x1024.png\" alt=\"\" class=\"wp-image-1319\" style=\"width:78px\" srcset=\"https:\/\/spirits-import.de\/wp-content\/uploads\/2026\/03\/MJ_Menthe-Blanche_Small_Front-240x1024.png 240w, https:\/\/spirits-import.de\/wp-content\/uploads\/2026\/03\/MJ_Menthe-Blanche_Small_Front-70x300.png 70w, https:\/\/spirits-import.de\/wp-content\/uploads\/2026\/03\/MJ_Menthe-Blanche_Small_Front-360x1536.png 360w, https:\/\/spirits-import.de\/wp-content\/uploads\/2026\/03\/MJ_Menthe-Blanche_Small_Front-480x2048.png 480w, https:\/\/spirits-import.de\/wp-content\/uploads\/2026\/03\/MJ_Menthe-Blanche_Small_Front.png 504w\" sizes=\"auto, (max-width: 240px) 100vw, 240px\" \/><\/a><figcaption class=\"wp-element-caption\"><a href=\"https:\/\/spirits-import.de\/wp-content\/uploads\/2026\/03\/MJ_Menthe-Blanche_Small_Front.png\" data-type=\"attachment\" data-id=\"1319\">Menthe Blanche <br>Schmales Bild Front<\/a><\/figcaption><\/figure>\n<\/div>\n\n\n\n<div class=\"wp-block-column is-layout-flow wp-block-column-is-layout-flow\">\n<figure class=\"wp-block-image size-large is-resized\"><a href=\"https:\/\/spirits-import.de\/wp-content\/uploads\/2026\/03\/MJ_Menthe-Blanche_Small_Back.png\"><img loading=\"lazy\" decoding=\"async\" width=\"240\" height=\"1024\" src=\"https:\/\/spirits-import.de\/wp-content\/uploads\/2026\/03\/MJ_Menthe-Blanche_Small_Back-240x1024.png\" alt=\"\" class=\"wp-image-1318\" style=\"width:78px\" srcset=\"https:\/\/spirits-import.de\/wp-content\/uploads\/2026\/03\/MJ_Menthe-Blanche_Small_Back-240x1024.png 240w, https:\/\/spirits-import.de\/wp-content\/uploads\/2026\/03\/MJ_Menthe-Blanche_Small_Back-70x300.png 70w, https:\/\/spirits-import.de\/wp-content\/uploads\/2026\/03\/MJ_Menthe-Blanche_Small_Back-360x1536.png 360w, https:\/\/spirits-import.de\/wp-content\/uploads\/2026\/03\/MJ_Menthe-Blanche_Small_Back-480x2048.png 480w, https:\/\/spirits-import.de\/wp-content\/uploads\/2026\/03\/MJ_Menthe-Blanche_Small_Back.png 504w\" sizes=\"auto, (max-width: 240px) 100vw, 240px\" \/><\/a><figcaption class=\"wp-element-caption\"><a href=\"https:\/\/spirits-import.de\/wp-content\/uploads\/2026\/03\/MJ_Menthe-Blanche_Small_Back.png\" data-type=\"attachment\" data-id=\"1318\">Menthe Blanche <br>Schmales Bild Back<\/a><\/figcaption><\/figure>\n<\/div>\n<\/div>\n","protected":false},"excerpt":{"rendered":"<p>Pastis Maison Janot Breite Bilder der Flasche, ideal f\u00fcr Shops \u2013 vorne und hintenAufl\u00f6sung 1353 x 2100 Pixel Schmale Bilder der Flasche, vorne und hintenAufl\u00f6sung 516 x 2000 Pixel Pastis Bio Maison JanotFR-BIO-01 Breite Bilder der Flasche, ideal f\u00fcr Shops \u2013 vorne und hintenAufl\u00f6sung 1495x 2250 Pixel Schmale Bilder der Flasche, vorne und hintenAufl\u00f6sung 504&hellip; <a class=\"more-link\" href=\"https:\/\/spirits-import.de\/it\/medien\/medienuebersicht-maison-janot\/\">Continue reading <span class=\"screen-reader-text\">Medien\u00fcbersicht Maison Janot<\/span><\/a><\/p>\n","protected":false},"author":1,"featured_media":0,"parent":949,"menu_order":6,"comment_status":"closed","ping_status":"closed","template":"","meta":{"footnotes":""},"class_list":["post-806","page","type-page","status-publish","hentry","entry"],"translation":{"provider":"WPGlobus","version":"3.0.2","language":"it","enabled_languages":["de","en","es","fr","it","nl"],"languages":{"de":{"title":true,"content":true,"excerpt":false},"en":{"title":false,"content":false,"excerpt":false},"es":{"title":false,"content":false,"excerpt":false},"fr":{"title":false,"content":false,"excerpt":false},"it":{"title":false,"content":false,"excerpt":false},"nl":{"title":false,"content":false,"excerpt":false}}},"_links":{"self":[{"href":"https:\/\/spirits-import.de\/it\/wp-json\/wp\/v2\/pages\/806","targetHints":{"allow":["GET"]}}],"collection":[{"href":"https:\/\/spirits-import.de\/it\/wp-json\/wp\/v2\/pages"}],"about":[{"href":"https:\/\/spirits-import.de\/it\/wp-json\/wp\/v2\/types\/page"}],"author":[{"embeddable":true,"href":"https:\/\/spirits-import.de\/it\/wp-json\/wp\/v2\/users\/1"}],"replies":[{"embeddable":true,"href":"https:\/\/spirits-import.de\/it\/wp-json\/wp\/v2\/comments?post=806"}],"version-history":[{"count":7,"href":"https:\/\/spirits-import.de\/it\/wp-json\/wp\/v2\/pages\/806\/revisions"}],"predecessor-version":[{"id":1338,"href":"https:\/\/spirits-import.de\/it\/wp-json\/wp\/v2\/pages\/806\/revisions\/1338"}],"up":[{"embeddable":true,"href":"https:\/\/spirits-import.de\/it\/wp-json\/wp\/v2\/pages\/949"}],"wp:attachment":[{"href":"https:\/\/spirits-import.de\/it\/wp-json\/wp\/v2\/media?parent=806"}],"curies":[{"name":"wp","href":"https:\/\/api.w.org\/{rel}","templated":true}]}}