{"id":6,"date":"2021-01-25T14:11:27","date_gmt":"2021-01-25T13:11:27","guid":{"rendered":"http:\/\/spirits-import.de\/wordpress\/?page_id=6"},"modified":"2023-10-12T13:04:07","modified_gmt":"2023-10-12T11:04:07","slug":"ueber-uns","status":"publish","type":"page","link":"https:\/\/spirits-import.de\/it\/ueber-uns\/","title":{"rendered":"Chi siamo"},"content":{"rendered":"\n<p>Noi, il team di Spirits Import, vogliamo convincervi con la nostra competenza e affidabilit\u00e0. Per il nostro assortimento e i nostri prodotti parla un alto grado di attualit\u00e0, flessibilit\u00e0 e spontaneit\u00e0. In qualsiasi momento siamo pronti a parlare con voi dell&#8217;importazione di alcolici. Per noi non fa differenza se si tratta di un rum finora sconosciuto, di un whisky gi\u00e0 noto o di un gin di alta qualit\u00e0. Siamo interessati a qualsiasi tipo di alcolici e siamo pronti a parlare delle vostre idee, dall&#8217;acquavite al brandy di prugne.<\/p>\n\n\n\n<div class=\"wp-block-group\"><div class=\"wp-block-group__inner-container is-layout-flow wp-block-group-is-layout-flow\">\n<figure class=\"wp-block-image size-large is-style-twentytwentyone-border\"><img loading=\"lazy\" decoding=\"async\" width=\"750\" height=\"499\" src=\"http:\/\/spirits-import.de\/wp-content\/uploads\/2021\/02\/Lastwagen.jpg\" alt=\"\" class=\"wp-image-160\" srcset=\"https:\/\/spirits-import.de\/wp-content\/uploads\/2021\/02\/Lastwagen.jpg 750w, https:\/\/spirits-import.de\/wp-content\/uploads\/2021\/02\/Lastwagen-300x200.jpg 300w\" sizes=\"auto, (max-width: 750px) 100vw, 750px\" \/><\/figure>\n<\/div><\/div>\n\n\n\n<p>Possiamo convincere con una rete consolidata nell&#8217;industria degli alcolici e vogliamo convincere anche voi di noi. Con prezzi sempre equi e affidabili e per voi soluzioni adeguate per le vostre importazioni o il vostro acquisto con noi.<\/p>\n\n\n\n<p>Abbiamo sempre il nostro dito sul polso degli spiriti e rimarr\u00e0 cos\u00ec. Non vediamo l&#8217;ora di accompagnarvi nel vostro cammino.<\/p>\n","protected":false},"excerpt":{"rendered":"<p>Noi, il team di Spirits Import, vogliamo convincervi con la nostra competenza e affidabilit\u00e0. Per il nostro assortimento e i nostri prodotti parla un alto grado di attualit\u00e0, flessibilit\u00e0 e spontaneit\u00e0. In qualsiasi momento siamo pronti a parlare con voi dell&#8217;importazione di alcolici. Per noi non fa differenza se si tratta di un rum finora&hellip; <a class=\"more-link\" href=\"https:\/\/spirits-import.de\/it\/ueber-uns\/\">Continue reading <span class=\"screen-reader-text\">Chi siamo<\/span><\/a><\/p>\n","protected":false},"author":1,"featured_media":0,"parent":0,"menu_order":4,"comment_status":"closed","ping_status":"closed","template":"","meta":{"footnotes":""},"class_list":["post-6","page","type-page","status-publish","hentry","entry"],"translation":{"provider":"WPGlobus","version":"3.0.2","language":"it","enabled_languages":["de","en","es","fr","it","nl"],"languages":{"de":{"title":true,"content":true,"excerpt":false},"en":{"title":true,"content":true,"excerpt":false},"es":{"title":true,"content":true,"excerpt":false},"fr":{"title":true,"content":true,"excerpt":false},"it":{"title":true,"content":true,"excerpt":false},"nl":{"title":true,"content":true,"excerpt":false}}},"_links":{"self":[{"href":"https:\/\/spirits-import.de\/it\/wp-json\/wp\/v2\/pages\/6","targetHints":{"allow":["GET"]}}],"collection":[{"href":"https:\/\/spirits-import.de\/it\/wp-json\/wp\/v2\/pages"}],"about":[{"href":"https:\/\/spirits-import.de\/it\/wp-json\/wp\/v2\/types\/page"}],"author":[{"embeddable":true,"href":"https:\/\/spirits-import.de\/it\/wp-json\/wp\/v2\/users\/1"}],"replies":[{"embeddable":true,"href":"https:\/\/spirits-import.de\/it\/wp-json\/wp\/v2\/comments?post=6"}],"version-history":[{"count":23,"href":"https:\/\/spirits-import.de\/it\/wp-json\/wp\/v2\/pages\/6\/revisions"}],"predecessor-version":[{"id":789,"href":"https:\/\/spirits-import.de\/it\/wp-json\/wp\/v2\/pages\/6\/revisions\/789"}],"wp:attachment":[{"href":"https:\/\/spirits-import.de\/it\/wp-json\/wp\/v2\/media?parent=6"}],"curies":[{"name":"wp","href":"https:\/\/api.w.org\/{rel}","templated":true}]}}