{"id":562,"date":"2022-05-20T11:03:53","date_gmt":"2022-05-20T09:03:53","guid":{"rendered":"https:\/\/spirits-import.de\/?page_id=562"},"modified":"2022-05-20T12:01:50","modified_gmt":"2022-05-20T10:01:50","slug":"distillerie-du-gorvello","status":"publish","type":"page","link":"https:\/\/spirits-import.de\/it\/fachhandel\/distillerie-du-gorvello\/","title":{"rendered":"Distillerie du Gorvello"},"content":{"rendered":"\n<h2 class=\"wp-block-heading\">Willkommen in der Bretagne<\/h2>\n\n\n\n<p>Kommen Sie mit auf eine Reise in die Bretagne an den Golf von Morbihan. In der N\u00e4he der alten Hafenstadt Vannes liegt der kleine Familienbetrieb von Nicolas Poirier, der sich auf den Anbau von \u00c4pfeln spezialisiert hat. Begleiten Sie uns auf einen Streifzug durch die Obstg\u00e4rten und die Brennerei der Distillerie du Gorvello.<\/p>\n\n\n\n<h2 class=\"wp-block-heading\">Die Produkte<\/h2>\n\n\n\n<p>Wir bieten Ihnen gerne verschiedene Produkte der Distillerie du Gorvello an:<\/p>\n\n\n\n<figure class=\"wp-block-table\"><table class=\"has-fixed-layout\"><tbody><tr><td class=\"has-text-align-center\" data-align=\"center\"><a href=\"https:\/\/spirits-import.de\/fachhandel\/distillerie-du-gorvello\/petit-prince-guillevic\/\" data-type=\"page\" data-id=\"564\"><strong>Petit Prince Guillevic<\/strong><br><img loading=\"lazy\" decoding=\"async\" width=\"150\" height=\"226\" class=\"wp-image-584\" style=\"width: 150px;\" src=\"https:\/\/spirits-import.de\/wp-content\/uploads\/2022\/05\/Petit_Prince_front_preview.png\" alt=\"\" srcset=\"https:\/\/spirits-import.de\/wp-content\/uploads\/2022\/05\/Petit_Prince_front_preview.png 350w, https:\/\/spirits-import.de\/wp-content\/uploads\/2022\/05\/Petit_Prince_front_preview-199x300.png 199w\" sizes=\"auto, (max-width: 150px) 100vw, 150px\" \/><\/a><\/td><td class=\"has-text-align-center\" data-align=\"center\"><a href=\"https:\/\/spirits-import.de\/fachhandel\/distillerie-du-gorvello\/pommeau-de-bretagne-aoc\/\" data-type=\"page\" data-id=\"566\"><strong>Pommeau de Bretagne AOC<\/strong><br><img loading=\"lazy\" decoding=\"async\" width=\"150\" height=\"226\" class=\"wp-image-583\" style=\"width: 150px;\" src=\"https:\/\/spirits-import.de\/wp-content\/uploads\/2022\/05\/Pommeau_front_preview.png\" alt=\"\" srcset=\"https:\/\/spirits-import.de\/wp-content\/uploads\/2022\/05\/Pommeau_front_preview.png 350w, https:\/\/spirits-import.de\/wp-content\/uploads\/2022\/05\/Pommeau_front_preview-199x300.png 199w\" sizes=\"auto, (max-width: 150px) 100vw, 150px\" \/><\/a><\/td><\/tr><tr><td class=\"has-text-align-center\" data-align=\"center\"><a href=\"https:\/\/spirits-import.de\/fachhandel\/distillerie-du-gorvello\/fine-bretagne-tradition-aoc\/\" data-type=\"page\" data-id=\"568\"><strong>Fine Bretagne Tradition AOC<\/strong><br><img loading=\"lazy\" decoding=\"async\" width=\"150\" height=\"226\" class=\"wp-image-582\" style=\"width: 150px;\" src=\"https:\/\/spirits-import.de\/wp-content\/uploads\/2022\/05\/Fine_Tradition_front_preview.png\" alt=\"\" srcset=\"https:\/\/spirits-import.de\/wp-content\/uploads\/2022\/05\/Fine_Tradition_front_preview.png 350w, https:\/\/spirits-import.de\/wp-content\/uploads\/2022\/05\/Fine_Tradition_front_preview-199x300.png 199w\" sizes=\"auto, (max-width: 150px) 100vw, 150px\" \/><\/a><\/td><td class=\"has-text-align-center\" data-align=\"center\"><a href=\"https:\/\/spirits-import.de\/fachhandel\/distillerie-du-gorvello\/gin-heol-an-oriant-1672\/\" data-type=\"page\" data-id=\"570\"><strong>Gin Heol an Oriant 1672<\/strong><br><img loading=\"lazy\" decoding=\"async\" width=\"150\" height=\"226\" class=\"wp-image-581\" style=\"width: 150px;\" src=\"https:\/\/spirits-import.de\/wp-content\/uploads\/2022\/05\/Gin_Oriant_OP_preview.png\" alt=\"\" srcset=\"https:\/\/spirits-import.de\/wp-content\/uploads\/2022\/05\/Gin_Oriant_OP_preview.png 350w, https:\/\/spirits-import.de\/wp-content\/uploads\/2022\/05\/Gin_Oriant_OP_preview-199x300.png 199w\" sizes=\"auto, (max-width: 150px) 100vw, 150px\" \/><\/a><\/td><\/tr><\/tbody><\/table><\/figure>\n\n\n\n<h2 class=\"wp-block-heading\">Die Betriebsgeschichte<\/h2>\n\n\n\n<p>Gegr\u00fcndet wurde der Vorl\u00e4ufer der heutigen Brennerei im Jahre 1984 durch G\u00e9rard le Pocr\u00e9au. G\u00e9rard war ein Wanderbrenner, der mit einer fahrenden Brennerei von Ort zu Ort fuhr und im Herbst aus den Fr\u00fcchten der ortsans\u00e4ssigen Bauern einen gebrannten Schnaps erzeugte. Auf dem Hof der heutigen Distillerie pflanzte er seine ersten Apfelb\u00e4ume. Weil die B\u00e4ume wunderbar gediehen und von Jahr zu Jahr mehr Fr\u00fcchte trugen, wurde die Vermarktung immer wichtiger. Da war es f\u00fcr den Brennmeister G\u00e9rard nur ein kleiner Schritt zum eigenen Cidre und Eau-de-Vie, als er 1990 zusammen mit seiner Frau den Weinkeller Ch\u00e2teau \u00e0 Theix pachten konnte.<\/p>\n\n\n\n<p>In den 1990er Jahren konnten weitere Obstplantagen angelegt werden und auf dem Hof wurde eine Direktvermarktung eingerichtet. Im Jahr 2012 hat sich G\u00e9rard zur Ruhe gesetzt. Seinen Betrieb konnte er an den jungen Landwirt Nicolas Poirier \u00fcbergeben. Zu diesem Zeitpunkt wurde aus der Distillerie G\u00e9rard le Pocr\u00e9au die Distillerie du Gorvello. Die Lagerfl\u00e4chen konnten um einen Weinkeller in der Gemeinde Sulniac erweitert werden und die Umstellung auf eine biologische Landwirtschaft wurde in die Wege geleitet.<\/p>\n\n\n\n<h2 class=\"wp-block-heading\">Die Obstg\u00e4rten<\/h2>\n\n\n\n<p>Das Herz der Brennerei sind die Obstg\u00e4rten, welche sich an zwei Standorten \u00fcber insgesamt 24 Hektar erstrecken. Direkt an die Brennerei Gorvello grenzen etwa 5 Hektar mit Obstb\u00e4umen bepflanze Fl\u00e4che, welche als Gramen\u00e9 bezeichnet wird. Die B\u00e4ume sind rund 20 Jahre alt.<\/p>\n\n\n\n<p>Das zweite Areal befindet sich in der Gemeinde Marzan und wird als Clos Saint Andr\u00e9 bezeichnet. Dieser Hang wurde 2012 von Nicolas Poirier zusammen mit der Distillerie erworben. Es handelt sich um eine Hanglage mit Blick auf das Flusstal der Vilaine. Diese Fl\u00e4chen wurden seitdem nach und nach mit B\u00e4umen bepflanzt.<\/p>\n\n\n\n<p>Angebaut werden etwa ein Dutzend unterschiedliche Apfelmostsorten aus der Bretagne, die sich in vier verschiedene Familien einordnen lassen:<\/p>\n\n\n\n<p>s\u00fc\u00dfe Sorten: Douce Co\u00ebt<br>bitterst\u00fc\u00dfe Sorten: Bedan und Douce Mo\u00ebn<br>bittere Sorten: Marie M\u00e9nard, Kermerrien, Fr\u00e9quin Rougem Cahouam Martinais und Vilb\u00e9ry<br>saure Sorten: Guillevic, Petit Jaune und Fil Jaune<\/p>\n\n\n\n<p>Die unterschiedlichen Sorten erm\u00f6glichen je nach Bedarf eine Kombination, um einen gew\u00fcnschten Geschmack zu erreichen.<\/p>\n\n\n\n<h2 class=\"wp-block-heading\">Der Umweltaspekt<\/h2>\n\n\n\n<p>Nach der Betriebs\u00fcbernahme im Jahre 2012 wurde der Einsatz synthetischer und chemischer Pflanzenschutzmittel auf den betriebseigenen Fl\u00e4chen vollst\u00e4ndig eingestellt. Inzwischen wir der gesamte Betrieb der Distillerie du Gorvello nach den Grunds\u00e4tzen des \u00f6kologischen Landsbaus bewirtschaftet. Auf den Obstplantagen werden zwei Ziele verfolgt:<\/p>\n\n\n\n<ul class=\"wp-block-list\"><li>das Auftreten von Biosch\u00e4dligen verhindern, anstatt diese zu bek\u00e4mpfen<\/li><li>die nat\u00fcrlichen Abwehrkr\u00e4fte der B\u00e4ume zu stimulieren.<\/li><\/ul>\n\n\n\n<p>Um diese Ziele zu erreichen, werden viele wertvolle N\u00fctzlinge eingesetzt und es wird auf eine nat\u00fcrliche, ausgewogene Bepflanzung der Plantage geachtet. Die Best\u00e4ubung der B\u00e4ume erfolgt durch Bienen und Hummeln. Ein \u00f6rtlicher Imker hat auf den Fl\u00e4chen der Brennerei ganzj\u00e4hrig ein Dutzend Bienenst\u00f6cke aufgestellt. Im Jahr 2015 wurden erste Weideversuche mit Shropshire-Schafen unternommen. Shropshire-Schafe werden gerne auf Plantagen eingesetzt, da sie die Rinde von B\u00e4umen nicht anfressen. Der Viehbestand wird sukzessive aufgebaut und das Ziel ist es, eines Tages die gesamten Fl\u00e4chen von den Schafen pflegen zu lassen.<\/p>\n\n\n\n<p>Gro\u00dfe Anstrengungen werden unternommen, um alle durch den Betrieb anfallenden Stoffe einer Verwertung zuf\u00fchren zu k\u00f6nnen. Der bei der Verarbeitung anfallende Apfeltrester wird von einem Bio-Milchbauern aus der N\u00e4he verwendet, um damit seine Rinder zu f\u00fcttern. Die fl\u00fcssigen Abw\u00e4sser, welche bei der Reinigung von Lagerbeh\u00e4ltern, Anlagen und dem Waschen der Fr\u00fcchte anfallen, werden aufgefangen und in einem eigenen Becken aufbereitet. Dieses Projekt wurde zusammen mit Agence de l\u2019Eau Loire-Bretagne umgesetzt und erlaubte den Einsatz der Abw\u00e4sser w\u00e4hrend der Sommermonate f\u00fcr die Bew\u00e4sserung der eigenen Plantagen. Dadurch werden viele Hektoliter wertvollen Trinkwassers eingespart.<\/p>\n\n\n\n<p>Auch bei der Planung des neuen Weinkellers wurden viele Aspekte beachtet, um den Einfluss auf die Umwelt so gering wie m\u00f6glich zu halten. Die Temperaturregelung \u00fcbernimmt in der teilweise unterirdischen Anlage die nat\u00fcrliche Umgebung. In den B\u00f6den wurden Kollektoren eingelassen, um das gesamte Abwasser f\u00fcr die Wiederaufbereitung auffangen zu k\u00f6nnen. Der Weinkeller ist wurde innen und au\u00dfen durch lokales Pappelholz realisiert und Bimsstein vulkanischen Ursprungs als nat\u00fcrliches Isoliermaterial verwendet. Der Hofladen wird mit Holz aus dem eigenen Wald und Restholz von den Plantagen beheizt.<\/p>\n\n\n\n<h2 class=\"wp-block-heading\">Die Produktionsschritte der Distillerie du Gorvello<\/h2>\n\n\n\n<figure class=\"wp-block-image size-full\"><img loading=\"lazy\" decoding=\"async\" width=\"529\" height=\"980\" src=\"https:\/\/spirits-import.de\/wp-content\/uploads\/2022\/05\/Gorvello_Uebersicht.png\" alt=\"\" class=\"wp-image-610\" srcset=\"https:\/\/spirits-import.de\/wp-content\/uploads\/2022\/05\/Gorvello_Uebersicht.png 529w, https:\/\/spirits-import.de\/wp-content\/uploads\/2022\/05\/Gorvello_Uebersicht-162x300.png 162w\" sizes=\"auto, (max-width: 529px) 100vw, 529px\" \/><\/figure>\n","protected":false},"excerpt":{"rendered":"<p>Willkommen in der Bretagne Kommen Sie mit auf eine Reise in die Bretagne an den Golf von Morbihan. In der N\u00e4he der alten Hafenstadt Vannes liegt der kleine Familienbetrieb von Nicolas Poirier, der sich auf den Anbau von \u00c4pfeln spezialisiert hat. Begleiten Sie uns auf einen Streifzug durch die Obstg\u00e4rten und die Brennerei der Distillerie&hellip; <a class=\"more-link\" href=\"https:\/\/spirits-import.de\/it\/fachhandel\/distillerie-du-gorvello\/\">Continue reading <span class=\"screen-reader-text\">Distillerie du Gorvello<\/span><\/a><\/p>\n","protected":false},"author":1,"featured_media":0,"parent":69,"menu_order":2,"comment_status":"closed","ping_status":"closed","template":"","meta":{"footnotes":""},"class_list":["post-562","page","type-page","status-publish","hentry","entry"],"translation":{"provider":"WPGlobus","version":"3.0.2","language":"it","enabled_languages":["de","en","es","fr","it","nl"],"languages":{"de":{"title":true,"content":true,"excerpt":false},"en":{"title":false,"content":false,"excerpt":false},"es":{"title":false,"content":false,"excerpt":false},"fr":{"title":false,"content":false,"excerpt":false},"it":{"title":false,"content":false,"excerpt":false},"nl":{"title":false,"content":false,"excerpt":false}}},"_links":{"self":[{"href":"https:\/\/spirits-import.de\/it\/wp-json\/wp\/v2\/pages\/562","targetHints":{"allow":["GET"]}}],"collection":[{"href":"https:\/\/spirits-import.de\/it\/wp-json\/wp\/v2\/pages"}],"about":[{"href":"https:\/\/spirits-import.de\/it\/wp-json\/wp\/v2\/types\/page"}],"author":[{"embeddable":true,"href":"https:\/\/spirits-import.de\/it\/wp-json\/wp\/v2\/users\/1"}],"replies":[{"embeddable":true,"href":"https:\/\/spirits-import.de\/it\/wp-json\/wp\/v2\/comments?post=562"}],"version-history":[{"count":6,"href":"https:\/\/spirits-import.de\/it\/wp-json\/wp\/v2\/pages\/562\/revisions"}],"predecessor-version":[{"id":612,"href":"https:\/\/spirits-import.de\/it\/wp-json\/wp\/v2\/pages\/562\/revisions\/612"}],"up":[{"embeddable":true,"href":"https:\/\/spirits-import.de\/it\/wp-json\/wp\/v2\/pages\/69"}],"wp:attachment":[{"href":"https:\/\/spirits-import.de\/it\/wp-json\/wp\/v2\/media?parent=562"}],"curies":[{"name":"wp","href":"https:\/\/api.w.org\/{rel}","templated":true}]}}