{"id":1156,"date":"2025-01-10T13:39:46","date_gmt":"2025-01-10T12:39:46","guid":{"rendered":"https:\/\/spirits-import.de\/medien\/medienuebersicht-distillerie-la-salamandre\/framboises-liqueur-bilder\/"},"modified":"2025-01-10T14:07:51","modified_gmt":"2025-01-10T13:07:51","slug":"framboises-liqueur-bilder","status":"publish","type":"page","link":"https:\/\/spirits-import.de\/it\/medien\/medienuebersicht-distillerie-la-salamandre\/framboises-liqueur-bilder\/","title":{"rendered":"Framboises Liqueur Bilder"},"content":{"rendered":"\n<div class=\"wp-block-columns is-layout-flex wp-container-core-columns-is-layout-9d6595d7 wp-block-columns-is-layout-flex\">\n<div class=\"wp-block-column is-layout-flow wp-block-column-is-layout-flow\">\n<p class=\"has-text-align-center\"><strong>Standard Bild<\/strong><br>Bildgr\u00f6\u00dfe:<br><strong>1353 x 2100 Pixel<\/strong><br>ideal f\u00fcr Online Shops<\/p>\n\n\n\n<figure class=\"wp-block-image size-large is-style-twentytwentyone-border\"><a href=\"https:\/\/spirits-import.de\/wp-content\/uploads\/2025\/01\/Salamandre_Framboises.png\"><img loading=\"lazy\" decoding=\"async\" width=\"660\" height=\"1024\" src=\"https:\/\/spirits-import.de\/wp-content\/uploads\/2025\/01\/Salamandre_Framboises-660x1024.png\" alt=\"\" class=\"wp-image-1166\" srcset=\"https:\/\/spirits-import.de\/wp-content\/uploads\/2025\/01\/Salamandre_Framboises-660x1024.png 660w, https:\/\/spirits-import.de\/wp-content\/uploads\/2025\/01\/Salamandre_Framboises-193x300.png 193w, https:\/\/spirits-import.de\/wp-content\/uploads\/2025\/01\/Salamandre_Framboises-768x1192.png 768w, https:\/\/spirits-import.de\/wp-content\/uploads\/2025\/01\/Salamandre_Framboises-990x1536.png 990w, https:\/\/spirits-import.de\/wp-content\/uploads\/2025\/01\/Salamandre_Framboises-1319x2048.png 1319w, https:\/\/spirits-import.de\/wp-content\/uploads\/2025\/01\/Salamandre_Framboises.png 1353w\" sizes=\"auto, (max-width: 660px) 100vw, 660px\" \/><\/a><\/figure>\n<\/div>\n\n\n\n<div class=\"wp-block-column is-layout-flow wp-block-column-is-layout-flow\">\n<p class=\"has-text-align-center\"><strong>Schmales Bild<\/strong><br>Bildgr\u00f6\u00dfe:<br><strong>1340 x 850 Pixel<\/strong><br><\/p>\n\n\n\n<figure class=\"wp-block-image size-large is-style-twentytwentyone-border\"><a href=\"https:\/\/spirits-import.de\/wp-content\/uploads\/2025\/01\/Salamandre_Framboises_Small.png\"><img loading=\"lazy\" decoding=\"async\" width=\"1024\" height=\"650\" src=\"https:\/\/spirits-import.de\/wp-content\/uploads\/2025\/01\/Salamandre_Framboises_Small-1024x650.png\" alt=\"\" class=\"wp-image-1168\" srcset=\"https:\/\/spirits-import.de\/wp-content\/uploads\/2025\/01\/Salamandre_Framboises_Small-1024x650.png 1024w, https:\/\/spirits-import.de\/wp-content\/uploads\/2025\/01\/Salamandre_Framboises_Small-300x190.png 300w, https:\/\/spirits-import.de\/wp-content\/uploads\/2025\/01\/Salamandre_Framboises_Small-768x487.png 768w, https:\/\/spirits-import.de\/wp-content\/uploads\/2025\/01\/Salamandre_Framboises_Small.png 1340w\" sizes=\"auto, (max-width: 1024px) 100vw, 1024px\" \/><\/a><\/figure>\n<\/div>\n<\/div>\n\n\n\n<p><\/p>\n","protected":false},"excerpt":{"rendered":"<p>Standard BildBildgr\u00f6\u00dfe:1353 x 2100 Pixelideal f\u00fcr Online Shops Schmales BildBildgr\u00f6\u00dfe:1340 x 850 Pixel<\/p>\n","protected":false},"author":1,"featured_media":0,"parent":418,"menu_order":8,"comment_status":"closed","ping_status":"closed","template":"","meta":{"footnotes":""},"class_list":["post-1156","page","type-page","status-publish","hentry","entry"],"translation":{"provider":"WPGlobus","version":"3.0.2","language":"it","enabled_languages":["de","en","es","fr","it","nl"],"languages":{"de":{"title":true,"content":true,"excerpt":false},"en":{"title":false,"content":false,"excerpt":false},"es":{"title":false,"content":false,"excerpt":false},"fr":{"title":false,"content":false,"excerpt":false},"it":{"title":false,"content":false,"excerpt":false},"nl":{"title":false,"content":false,"excerpt":false}}},"_links":{"self":[{"href":"https:\/\/spirits-import.de\/it\/wp-json\/wp\/v2\/pages\/1156","targetHints":{"allow":["GET"]}}],"collection":[{"href":"https:\/\/spirits-import.de\/it\/wp-json\/wp\/v2\/pages"}],"about":[{"href":"https:\/\/spirits-import.de\/it\/wp-json\/wp\/v2\/types\/page"}],"author":[{"embeddable":true,"href":"https:\/\/spirits-import.de\/it\/wp-json\/wp\/v2\/users\/1"}],"replies":[{"embeddable":true,"href":"https:\/\/spirits-import.de\/it\/wp-json\/wp\/v2\/comments?post=1156"}],"version-history":[{"count":2,"href":"https:\/\/spirits-import.de\/it\/wp-json\/wp\/v2\/pages\/1156\/revisions"}],"predecessor-version":[{"id":1183,"href":"https:\/\/spirits-import.de\/it\/wp-json\/wp\/v2\/pages\/1156\/revisions\/1183"}],"up":[{"embeddable":true,"href":"https:\/\/spirits-import.de\/it\/wp-json\/wp\/v2\/pages\/418"}],"wp:attachment":[{"href":"https:\/\/spirits-import.de\/it\/wp-json\/wp\/v2\/media?parent=1156"}],"curies":[{"name":"wp","href":"https:\/\/api.w.org\/{rel}","templated":true}]}}