{"id":1150,"date":"2025-01-10T13:39:46","date_gmt":"2025-01-10T12:39:46","guid":{"rendered":"https:\/\/spirits-import.de\/medien\/medienuebersicht-distillerie-la-salamandre\/pruneaux-armagnac-bilder\/"},"modified":"2026-04-27T13:26:36","modified_gmt":"2026-04-27T11:26:36","slug":"pruneaux-armagnac-bilder","status":"publish","type":"page","link":"https:\/\/spirits-import.de\/it\/medien\/medienuebersicht-distillerie-la-salamandre\/pruneaux-armagnac-bilder\/","title":{"rendered":"Pruneaux Armagnac Bilder"},"content":{"rendered":"\n<div class=\"wp-block-columns is-layout-flex wp-container-core-columns-is-layout-9d6595d7 wp-block-columns-is-layout-flex\">\n<div class=\"wp-block-column is-layout-flow wp-block-column-is-layout-flow\">\n<p class=\"has-text-align-center\"><strong>Standard Bild<\/strong><br>Bildgr\u00f6\u00dfe:<br><strong>850x 1319 Pixel<\/strong><br>ideal f\u00fcr Online Shops<\/p>\n\n\n<div class=\"wp-block-image is-style-twentytwentyone-border\">\n<figure class=\"aligncenter size-large\"><a href=\"https:\/\/spirits-import.de\/wp-content\/uploads\/2026\/04\/Pflaumen-Salamandre.png\"><img loading=\"lazy\" decoding=\"async\" width=\"660\" height=\"1024\" src=\"https:\/\/spirits-import.de\/wp-content\/uploads\/2026\/04\/Pflaumen-Salamandre-660x1024.png\" alt=\"\" class=\"wp-image-1343\" srcset=\"https:\/\/spirits-import.de\/wp-content\/uploads\/2026\/04\/Pflaumen-Salamandre-660x1024.png 660w, https:\/\/spirits-import.de\/wp-content\/uploads\/2026\/04\/Pflaumen-Salamandre-193x300.png 193w, https:\/\/spirits-import.de\/wp-content\/uploads\/2026\/04\/Pflaumen-Salamandre-768x1192.png 768w, https:\/\/spirits-import.de\/wp-content\/uploads\/2026\/04\/Pflaumen-Salamandre.png 850w\" sizes=\"auto, (max-width: 660px) 100vw, 660px\" \/><\/a><\/figure>\n<\/div><\/div>\n\n\n\n<div class=\"wp-block-column is-layout-flow wp-block-column-is-layout-flow\">\n<p class=\"has-text-align-center\"><strong>Schmales Bild<\/strong><br>Bildgr\u00f6\u00dfe:<br><strong>800x 487 Pixel<\/strong><br><\/p>\n\n\n<div class=\"wp-block-image is-style-twentytwentyone-border\">\n<figure class=\"aligncenter size-full\"><a href=\"https:\/\/spirits-import.de\/wp-content\/uploads\/2026\/04\/Pflaumen-Salamandre_Small.png\"><img loading=\"lazy\" decoding=\"async\" width=\"800\" height=\"487\" src=\"https:\/\/spirits-import.de\/wp-content\/uploads\/2026\/04\/Pflaumen-Salamandre_Small.png\" alt=\"\" class=\"wp-image-1345\" srcset=\"https:\/\/spirits-import.de\/wp-content\/uploads\/2026\/04\/Pflaumen-Salamandre_Small.png 800w, https:\/\/spirits-import.de\/wp-content\/uploads\/2026\/04\/Pflaumen-Salamandre_Small-300x183.png 300w, https:\/\/spirits-import.de\/wp-content\/uploads\/2026\/04\/Pflaumen-Salamandre_Small-768x468.png 768w\" sizes=\"auto, (max-width: 800px) 100vw, 800px\" \/><\/a><\/figure>\n<\/div><\/div>\n<\/div>\n","protected":false},"excerpt":{"rendered":"<p>Standard BildBildgr\u00f6\u00dfe:850x 1319 Pixelideal f\u00fcr Online Shops Schmales BildBildgr\u00f6\u00dfe:800x 487 Pixel<\/p>\n","protected":false},"author":1,"featured_media":0,"parent":418,"menu_order":5,"comment_status":"closed","ping_status":"closed","template":"","meta":{"footnotes":""},"class_list":["post-1150","page","type-page","status-publish","hentry","entry"],"translation":{"provider":"WPGlobus","version":"3.0.2","language":"it","enabled_languages":["de","en","es","fr","it","nl"],"languages":{"de":{"title":true,"content":true,"excerpt":false},"en":{"title":false,"content":false,"excerpt":false},"es":{"title":false,"content":false,"excerpt":false},"fr":{"title":false,"content":false,"excerpt":false},"it":{"title":false,"content":false,"excerpt":false},"nl":{"title":false,"content":false,"excerpt":false}}},"_links":{"self":[{"href":"https:\/\/spirits-import.de\/it\/wp-json\/wp\/v2\/pages\/1150","targetHints":{"allow":["GET"]}}],"collection":[{"href":"https:\/\/spirits-import.de\/it\/wp-json\/wp\/v2\/pages"}],"about":[{"href":"https:\/\/spirits-import.de\/it\/wp-json\/wp\/v2\/types\/page"}],"author":[{"embeddable":true,"href":"https:\/\/spirits-import.de\/it\/wp-json\/wp\/v2\/users\/1"}],"replies":[{"embeddable":true,"href":"https:\/\/spirits-import.de\/it\/wp-json\/wp\/v2\/comments?post=1150"}],"version-history":[{"count":5,"href":"https:\/\/spirits-import.de\/it\/wp-json\/wp\/v2\/pages\/1150\/revisions"}],"predecessor-version":[{"id":1346,"href":"https:\/\/spirits-import.de\/it\/wp-json\/wp\/v2\/pages\/1150\/revisions\/1346"}],"up":[{"embeddable":true,"href":"https:\/\/spirits-import.de\/it\/wp-json\/wp\/v2\/pages\/418"}],"wp:attachment":[{"href":"https:\/\/spirits-import.de\/it\/wp-json\/wp\/v2\/media?parent=1150"}],"curies":[{"name":"wp","href":"https:\/\/api.w.org\/{rel}","templated":true}]}}