{"id":69,"date":"2021-01-26T15:16:27","date_gmt":"2021-01-26T14:16:27","guid":{"rendered":"http:\/\/spirits-import.de\/?page_id=69"},"modified":"2025-03-24T12:05:17","modified_gmt":"2025-03-24T11:05:17","slug":"fachhandel","status":"publish","type":"page","link":"https:\/\/spirits-import.de\/fr\/fachhandel\/","title":{"rendered":"Commerce sp\u00e9cialis\u00e9"},"content":{"rendered":"\n<p>Avec notre gamme de produits, nous voulons vous offrir un assortiment de spiritueux vaste et de grande qualit\u00e9. Nous avons des ann\u00e9es d&#8217;exp\u00e9rience dans la vente directe et sommes heureux d&#8217;\u00eatre votre interlocuteur pour nos produits. Vous pouvez \u00e9galement nous contacter \u00e0 tout moment s&#8217;il vous manque un gin ou un whisky sp\u00e9cial sur le march\u00e9 allemand. Nous nous efforcerons toujours de r\u00e9pondre \u00e0 vos souhaits le plus rapidement possible.<\/p>\n\n\n\n<figure class=\"wp-block-image size-large is-style-twentytwentyone-border\"><img loading=\"lazy\" decoding=\"async\" width=\"750\" height=\"500\" src=\"http:\/\/spirits-import.de\/wp-content\/uploads\/2021\/02\/Paletten.jpg\" alt=\"\" class=\"wp-image-171\" srcset=\"https:\/\/spirits-import.de\/wp-content\/uploads\/2021\/02\/Paletten.jpg 750w, https:\/\/spirits-import.de\/wp-content\/uploads\/2021\/02\/Paletten-300x200.jpg 300w\" sizes=\"auto, (max-width: 750px) 100vw, 750px\" \/><\/figure>\n\n\n\n<p>Avec notre assortiment, nous vous offrons une grande disponibilit\u00e9 des marchandises et des d\u00e9lais de livraison courts pour vos produits manquants. Nous aimerions \u00e9galement \u00eatre \u00e0 vos c\u00f4t\u00e9s, \u00e0 titre consultatif, pour promouvoir un d\u00e9veloppement attrayant de l&#8217;assortiment avec nos produits pour votre commerce de gros ou sp\u00e9cialis\u00e9. Nous offrons des prix \u00e9quitables et un service de qualit\u00e9 avec des d\u00e9lais de livraison rapides. N&#8217;h\u00e9sitez pas \u00e0 nous contacter.<\/p>\n","protected":false},"excerpt":{"rendered":"<p>Avec notre gamme de produits, nous voulons vous offrir un assortiment de spiritueux vaste et de grande qualit\u00e9. Nous avons des ann\u00e9es d&#8217;exp\u00e9rience dans la vente directe et sommes heureux d&#8217;\u00eatre votre interlocuteur pour nos produits. Vous pouvez \u00e9galement nous contacter \u00e0 tout moment s&#8217;il vous manque un gin ou un whisky sp\u00e9cial sur le&hellip; <a class=\"more-link\" href=\"https:\/\/spirits-import.de\/fr\/fachhandel\/\">Continue reading <span class=\"screen-reader-text\">Commerce sp\u00e9cialis\u00e9<\/span><\/a><\/p>\n","protected":false},"author":1,"featured_media":0,"parent":0,"menu_order":7,"comment_status":"closed","ping_status":"closed","template":"","meta":{"footnotes":""},"class_list":["post-69","page","type-page","status-publish","hentry","entry"],"translation":{"provider":"WPGlobus","version":"3.0.2","language":"fr","enabled_languages":["de","en","es","fr","it","nl"],"languages":{"de":{"title":true,"content":true,"excerpt":false},"en":{"title":true,"content":true,"excerpt":false},"es":{"title":true,"content":true,"excerpt":false},"fr":{"title":true,"content":true,"excerpt":false},"it":{"title":true,"content":true,"excerpt":false},"nl":{"title":true,"content":true,"excerpt":false}}},"_links":{"self":[{"href":"https:\/\/spirits-import.de\/fr\/wp-json\/wp\/v2\/pages\/69","targetHints":{"allow":["GET"]}}],"collection":[{"href":"https:\/\/spirits-import.de\/fr\/wp-json\/wp\/v2\/pages"}],"about":[{"href":"https:\/\/spirits-import.de\/fr\/wp-json\/wp\/v2\/types\/page"}],"author":[{"embeddable":true,"href":"https:\/\/spirits-import.de\/fr\/wp-json\/wp\/v2\/users\/1"}],"replies":[{"embeddable":true,"href":"https:\/\/spirits-import.de\/fr\/wp-json\/wp\/v2\/comments?post=69"}],"version-history":[{"count":50,"href":"https:\/\/spirits-import.de\/fr\/wp-json\/wp\/v2\/pages\/69\/revisions"}],"predecessor-version":[{"id":1212,"href":"https:\/\/spirits-import.de\/fr\/wp-json\/wp\/v2\/pages\/69\/revisions\/1212"}],"wp:attachment":[{"href":"https:\/\/spirits-import.de\/fr\/wp-json\/wp\/v2\/media?parent=69"}],"curies":[{"name":"wp","href":"https:\/\/api.w.org\/{rel}","templated":true}]}}