{"id":666,"date":"2022-10-26T13:50:26","date_gmt":"2022-10-26T11:50:29","guid":{"rendered":"https:\/\/spirits-import.de\/medien\/medienuebersicht-destil-leries-andorra\/anis-landorra-bilder\/"},"modified":"2022-10-26T15:50:59","modified_gmt":"2022-10-26T13:50:59","slug":"landorrana-bilder","status":"publish","type":"page","link":"https:\/\/spirits-import.de\/fr\/medien\/medienuebersicht-destil-leries-andorra\/landorrana-bilder\/","title":{"rendered":"L\u2019Andorrana Bilder"},"content":{"rendered":"\n<p>Breite Bilder der Flasche, ideal f\u00fcr Shops,<br>Aufl\u00f6sung 1993 x 3000 Pixel<\/p>\n\n\n\n<figure class=\"wp-block-image size-large is-resized\"><a href=\"https:\/\/spirits-import.de\/wp-content\/uploads\/2022\/10\/Anis_LAndorra_Breit.png\"><img loading=\"lazy\" decoding=\"async\" src=\"https:\/\/spirits-import.de\/wp-content\/uploads\/2022\/10\/Anis_LAndorra_Breit-660x1024.png\" alt=\"\" class=\"wp-image-672\" width=\"239\" height=\"370\" srcset=\"https:\/\/spirits-import.de\/wp-content\/uploads\/2022\/10\/Anis_LAndorra_Breit-660x1024.png 660w, https:\/\/spirits-import.de\/wp-content\/uploads\/2022\/10\/Anis_LAndorra_Breit-193x300.png 193w, https:\/\/spirits-import.de\/wp-content\/uploads\/2022\/10\/Anis_LAndorra_Breit-768x1192.png 768w, https:\/\/spirits-import.de\/wp-content\/uploads\/2022\/10\/Anis_LAndorra_Breit-990x1536.png 990w, https:\/\/spirits-import.de\/wp-content\/uploads\/2022\/10\/Anis_LAndorra_Breit-1320x2048.png 1320w, https:\/\/spirits-import.de\/wp-content\/uploads\/2022\/10\/Anis_LAndorra_Breit-1568x2434.png 1568w, https:\/\/spirits-import.de\/wp-content\/uploads\/2022\/10\/Anis_LAndorra_Breit.png 1933w\" sizes=\"auto, (max-width: 239px) 100vw, 239px\" \/><\/a><figcaption><a href=\"https:\/\/spirits-import.de\/wp-content\/uploads\/2022\/10\/Anis_LAndorra_Breit.png\" data-type=\"attachment\" data-id=\"672\">Anis LAndorrana<\/a><\/figcaption><\/figure>\n\n\n\n<p>Schmale Bilder der Flasche, Aufl\u00f6sung 814 x 3000 Pixel<\/p>\n\n\n\n<figure class=\"wp-block-image size-large is-resized\"><a href=\"https:\/\/spirits-import.de\/wp-content\/uploads\/2022\/10\/Anis_LAndorra_Small.png\"><img loading=\"lazy\" decoding=\"async\" src=\"https:\/\/spirits-import.de\/wp-content\/uploads\/2022\/10\/Anis_LAndorra_Small-278x1024.png\" alt=\"\" class=\"wp-image-674\" width=\"109\" height=\"400\" srcset=\"https:\/\/spirits-import.de\/wp-content\/uploads\/2022\/10\/Anis_LAndorra_Small-278x1024.png 278w, https:\/\/spirits-import.de\/wp-content\/uploads\/2022\/10\/Anis_LAndorra_Small-417x1536.png 417w, https:\/\/spirits-import.de\/wp-content\/uploads\/2022\/10\/Anis_LAndorra_Small-556x2048.png 556w\" sizes=\"auto, (max-width: 109px) 100vw, 109px\" \/><\/a><figcaption><a href=\"https:\/\/spirits-import.de\/wp-content\/uploads\/2022\/10\/Anis_LAndorra_Small.png\" data-type=\"attachment\" data-id=\"674\">Anis L&#8217;Andorrana Front Small<\/a><\/figcaption><\/figure>\n","protected":false},"excerpt":{"rendered":"<p>Breite Bilder der Flasche, ideal f\u00fcr Shops,Aufl\u00f6sung 1993 x 3000 Pixel Schmale Bilder der Flasche, Aufl\u00f6sung 814 x 3000 Pixel<\/p>\n","protected":false},"author":1,"featured_media":0,"parent":662,"menu_order":1,"comment_status":"closed","ping_status":"closed","template":"","meta":{"footnotes":""},"class_list":["post-666","page","type-page","status-publish","hentry","entry"],"translation":{"provider":"WPGlobus","version":"3.0.2","language":"fr","enabled_languages":["de","en","es","fr","it","nl"],"languages":{"de":{"title":true,"content":true,"excerpt":false},"en":{"title":false,"content":false,"excerpt":false},"es":{"title":false,"content":false,"excerpt":false},"fr":{"title":false,"content":false,"excerpt":false},"it":{"title":false,"content":false,"excerpt":false},"nl":{"title":false,"content":false,"excerpt":false}}},"_links":{"self":[{"href":"https:\/\/spirits-import.de\/fr\/wp-json\/wp\/v2\/pages\/666","targetHints":{"allow":["GET"]}}],"collection":[{"href":"https:\/\/spirits-import.de\/fr\/wp-json\/wp\/v2\/pages"}],"about":[{"href":"https:\/\/spirits-import.de\/fr\/wp-json\/wp\/v2\/types\/page"}],"author":[{"embeddable":true,"href":"https:\/\/spirits-import.de\/fr\/wp-json\/wp\/v2\/users\/1"}],"replies":[{"embeddable":true,"href":"https:\/\/spirits-import.de\/fr\/wp-json\/wp\/v2\/comments?post=666"}],"version-history":[{"count":5,"href":"https:\/\/spirits-import.de\/fr\/wp-json\/wp\/v2\/pages\/666\/revisions"}],"predecessor-version":[{"id":707,"href":"https:\/\/spirits-import.de\/fr\/wp-json\/wp\/v2\/pages\/666\/revisions\/707"}],"up":[{"embeddable":true,"href":"https:\/\/spirits-import.de\/fr\/wp-json\/wp\/v2\/pages\/662"}],"wp:attachment":[{"href":"https:\/\/spirits-import.de\/fr\/wp-json\/wp\/v2\/media?parent=666"}],"curies":[{"name":"wp","href":"https:\/\/api.w.org\/{rel}","templated":true}]}}