{"id":664,"date":"2022-10-26T13:50:29","date_gmt":"2022-10-26T11:50:29","guid":{"rendered":"https:\/\/spirits-import.de\/medien\/medienuebersicht-destil-leries-andorra\/pastis-huguet-bilder\/"},"modified":"2022-10-26T15:46:18","modified_gmt":"2022-10-26T13:46:18","slug":"pastis-huguet-bilder","status":"publish","type":"page","link":"https:\/\/spirits-import.de\/fr\/medien\/medienuebersicht-destil-leries-andorra\/pastis-huguet-bilder\/","title":{"rendered":"Pastis Huguet Bilder"},"content":{"rendered":"\n<p>Breite Bilder der Flasche, ideal f\u00fcr Shops,<br>Aufl\u00f6sung 1993 x 3000 Pixel<\/p>\n\n\n\n<figure class=\"wp-block-image size-large is-resized\"><a href=\"https:\/\/spirits-import.de\/wp-content\/uploads\/2022\/10\/Pastis_Huguet_Breit.png\"><img loading=\"lazy\" decoding=\"async\" src=\"https:\/\/spirits-import.de\/wp-content\/uploads\/2022\/10\/Pastis_Huguet_Breit-660x1024.png\" alt=\"\" class=\"wp-image-675\" width=\"199\" height=\"308\" srcset=\"https:\/\/spirits-import.de\/wp-content\/uploads\/2022\/10\/Pastis_Huguet_Breit-660x1024.png 660w, https:\/\/spirits-import.de\/wp-content\/uploads\/2022\/10\/Pastis_Huguet_Breit-193x300.png 193w, https:\/\/spirits-import.de\/wp-content\/uploads\/2022\/10\/Pastis_Huguet_Breit-768x1192.png 768w, https:\/\/spirits-import.de\/wp-content\/uploads\/2022\/10\/Pastis_Huguet_Breit-990x1536.png 990w, https:\/\/spirits-import.de\/wp-content\/uploads\/2022\/10\/Pastis_Huguet_Breit-1320x2048.png 1320w, https:\/\/spirits-import.de\/wp-content\/uploads\/2022\/10\/Pastis_Huguet_Breit-1568x2434.png 1568w, https:\/\/spirits-import.de\/wp-content\/uploads\/2022\/10\/Pastis_Huguet_Breit.png 1933w\" sizes=\"auto, (max-width: 199px) 100vw, 199px\" \/><\/a><figcaption><a href=\"https:\/\/spirits-import.de\/wp-content\/uploads\/2022\/10\/Pastis_Huguet_Breit.png\" data-type=\"attachment\" data-id=\"675\">Pastis Huguet Front<\/a><\/figcaption><\/figure>\n\n\n\n<p>Schmale Bilder der Flasche, Aufl\u00f6sung 814 x 3000 Pixel<\/p>\n\n\n\n<figure class=\"wp-block-image size-large is-resized\"><a href=\"https:\/\/spirits-import.de\/wp-content\/uploads\/2022\/10\/Pastis_Huguet_Small.png\"><img loading=\"lazy\" decoding=\"async\" src=\"https:\/\/spirits-import.de\/wp-content\/uploads\/2022\/10\/Pastis_Huguet_Small-278x1024.png\" alt=\"\" class=\"wp-image-677\" width=\"82\" height=\"300\"\/><\/a><figcaption><a href=\"https:\/\/spirits-import.de\/wp-content\/uploads\/2022\/10\/Pastis_Huguet_Small.png\" data-type=\"attachment\" data-id=\"677\">Pastis Huguet Front Small<\/a><\/figcaption><\/figure>\n","protected":false},"excerpt":{"rendered":"<p>Breite Bilder der Flasche, ideal f\u00fcr Shops,Aufl\u00f6sung 1993 x 3000 Pixel Schmale Bilder der Flasche, Aufl\u00f6sung 814 x 3000 Pixel<\/p>\n","protected":false},"author":1,"featured_media":0,"parent":662,"menu_order":0,"comment_status":"closed","ping_status":"closed","template":"","meta":{"footnotes":""},"class_list":["post-664","page","type-page","status-publish","hentry","entry"],"translation":{"provider":"WPGlobus","version":"3.0.2","language":"fr","enabled_languages":["de","en","es","fr","it","nl"],"languages":{"de":{"title":true,"content":true,"excerpt":false},"en":{"title":false,"content":false,"excerpt":false},"es":{"title":false,"content":false,"excerpt":false},"fr":{"title":false,"content":false,"excerpt":false},"it":{"title":false,"content":false,"excerpt":false},"nl":{"title":false,"content":false,"excerpt":false}}},"_links":{"self":[{"href":"https:\/\/spirits-import.de\/fr\/wp-json\/wp\/v2\/pages\/664","targetHints":{"allow":["GET"]}}],"collection":[{"href":"https:\/\/spirits-import.de\/fr\/wp-json\/wp\/v2\/pages"}],"about":[{"href":"https:\/\/spirits-import.de\/fr\/wp-json\/wp\/v2\/types\/page"}],"author":[{"embeddable":true,"href":"https:\/\/spirits-import.de\/fr\/wp-json\/wp\/v2\/users\/1"}],"replies":[{"embeddable":true,"href":"https:\/\/spirits-import.de\/fr\/wp-json\/wp\/v2\/comments?post=664"}],"version-history":[{"count":4,"href":"https:\/\/spirits-import.de\/fr\/wp-json\/wp\/v2\/pages\/664\/revisions"}],"predecessor-version":[{"id":702,"href":"https:\/\/spirits-import.de\/fr\/wp-json\/wp\/v2\/pages\/664\/revisions\/702"}],"up":[{"embeddable":true,"href":"https:\/\/spirits-import.de\/fr\/wp-json\/wp\/v2\/pages\/662"}],"wp:attachment":[{"href":"https:\/\/spirits-import.de\/fr\/wp-json\/wp\/v2\/media?parent=664"}],"curies":[{"name":"wp","href":"https:\/\/api.w.org\/{rel}","templated":true}]}}