{"id":6,"date":"2021-01-25T14:11:27","date_gmt":"2021-01-25T13:11:27","guid":{"rendered":"http:\/\/spirits-import.de\/wordpress\/?page_id=6"},"modified":"2023-10-12T13:04:07","modified_gmt":"2023-10-12T11:04:07","slug":"ueber-uns","status":"publish","type":"page","link":"https:\/\/spirits-import.de\/fr\/ueber-uns\/","title":{"rendered":"\u00c0 propos de l&#8217;Agence"},"content":{"rendered":"\n<p>Nous, l&#8217;\u00e9quipe de Spirits Import, voulons vous convaincre par notre comp\u00e9tence et notre fiabilit\u00e9. Pour notre assortiment et nos produits parle un haut degr\u00e9 d&#8217;actualit\u00e9, de flexibilit\u00e9 et de spontan\u00e9it\u00e9. A tout moment, nous sommes pr\u00eats \u00e0 vous parler de l&#8217;importation des spiritueux. Peu importe qu&#8217;il s&#8217;agisse d&#8217;un rhum jusqu&#8217;alors inconnu, d&#8217;un whisky d\u00e9j\u00e0 connu ou d&#8217;un gin de qualit\u00e9. Nous nous int\u00e9ressons \u00e0 tous les types de spiritueux et sommes pr\u00eats \u00e0 discuter de vos id\u00e9es, de l&#8217;aquavit \u00e0 l&#8217;eau-de-vie de prune.<\/p>\n\n\n\n<div class=\"wp-block-group\"><div class=\"wp-block-group__inner-container is-layout-flow wp-block-group-is-layout-flow\">\n<figure class=\"wp-block-image size-large is-style-twentytwentyone-border\"><img loading=\"lazy\" decoding=\"async\" width=\"750\" height=\"499\" src=\"http:\/\/spirits-import.de\/wp-content\/uploads\/2021\/02\/Lastwagen.jpg\" alt=\"\" class=\"wp-image-160\" srcset=\"https:\/\/spirits-import.de\/wp-content\/uploads\/2021\/02\/Lastwagen.jpg 750w, https:\/\/spirits-import.de\/wp-content\/uploads\/2021\/02\/Lastwagen-300x200.jpg 300w\" sizes=\"auto, (max-width: 750px) 100vw, 750px\" \/><\/figure>\n<\/div><\/div>\n\n\n\n<p>Nous pouvons convaincre gr\u00e2ce \u00e0 un r\u00e9seau bien \u00e9tabli dans l&#8217;industrie des spiritueux et nous voulons vous convaincre de nous aussi. Avec des prix toujours justes et fiables et pour vous des solutions adapt\u00e9es pour vos importations ou votre achat chez nous.<\/p>\n\n\n\n<p>Nous avons toujours le doigt sur le pouls des esprits et nous le resterons. Nous nous r\u00e9jouissons de vous accompagner sur votre chemin.<\/p>\n","protected":false},"excerpt":{"rendered":"<p>Nous, l&#8217;\u00e9quipe de Spirits Import, voulons vous convaincre par notre comp\u00e9tence et notre fiabilit\u00e9. Pour notre assortiment et nos produits parle un haut degr\u00e9 d&#8217;actualit\u00e9, de flexibilit\u00e9 et de spontan\u00e9it\u00e9. A tout moment, nous sommes pr\u00eats \u00e0 vous parler de l&#8217;importation des spiritueux. Peu importe qu&#8217;il s&#8217;agisse d&#8217;un rhum jusqu&#8217;alors inconnu, d&#8217;un whisky d\u00e9j\u00e0 connu&hellip; <a class=\"more-link\" href=\"https:\/\/spirits-import.de\/fr\/ueber-uns\/\">Continue reading <span class=\"screen-reader-text\">\u00c0 propos de l&#8217;Agence<\/span><\/a><\/p>\n","protected":false},"author":1,"featured_media":0,"parent":0,"menu_order":4,"comment_status":"closed","ping_status":"closed","template":"","meta":{"footnotes":""},"class_list":["post-6","page","type-page","status-publish","hentry","entry"],"translation":{"provider":"WPGlobus","version":"3.0.2","language":"fr","enabled_languages":["de","en","es","fr","it","nl"],"languages":{"de":{"title":true,"content":true,"excerpt":false},"en":{"title":true,"content":true,"excerpt":false},"es":{"title":true,"content":true,"excerpt":false},"fr":{"title":true,"content":true,"excerpt":false},"it":{"title":true,"content":true,"excerpt":false},"nl":{"title":true,"content":true,"excerpt":false}}},"_links":{"self":[{"href":"https:\/\/spirits-import.de\/fr\/wp-json\/wp\/v2\/pages\/6","targetHints":{"allow":["GET"]}}],"collection":[{"href":"https:\/\/spirits-import.de\/fr\/wp-json\/wp\/v2\/pages"}],"about":[{"href":"https:\/\/spirits-import.de\/fr\/wp-json\/wp\/v2\/types\/page"}],"author":[{"embeddable":true,"href":"https:\/\/spirits-import.de\/fr\/wp-json\/wp\/v2\/users\/1"}],"replies":[{"embeddable":true,"href":"https:\/\/spirits-import.de\/fr\/wp-json\/wp\/v2\/comments?post=6"}],"version-history":[{"count":23,"href":"https:\/\/spirits-import.de\/fr\/wp-json\/wp\/v2\/pages\/6\/revisions"}],"predecessor-version":[{"id":789,"href":"https:\/\/spirits-import.de\/fr\/wp-json\/wp\/v2\/pages\/6\/revisions\/789"}],"wp:attachment":[{"href":"https:\/\/spirits-import.de\/fr\/wp-json\/wp\/v2\/media?parent=6"}],"curies":[{"name":"wp","href":"https:\/\/api.w.org\/{rel}","templated":true}]}}