{"id":564,"date":"2022-05-20T10:20:26","date_gmt":"2022-05-20T08:20:26","guid":{"rendered":"https:\/\/spirits-import.de\/petit-prince-guillevic\/"},"modified":"2022-08-24T15:52:00","modified_gmt":"2022-08-24T13:52:00","slug":"petit-prince-guillevic","status":"publish","type":"page","link":"https:\/\/spirits-import.de\/fr\/fachhandel\/distillerie-du-gorvello\/petit-prince-guillevic\/","title":{"rendered":"Petit Prince Guillevic"},"content":{"rendered":"<div class=\"wp-block-image\">\n<figure class=\"alignright size-large is-resized\"><img loading=\"lazy\" decoding=\"async\" src=\"https:\/\/spirits-import.de\/wp-content\/uploads\/2022\/05\/Petit_Prince_front_small-246x1024.png\" alt=\"\" class=\"wp-image-595\" width=\"135\" height=\"562\" srcset=\"https:\/\/spirits-import.de\/wp-content\/uploads\/2022\/05\/Petit_Prince_front_small-246x1024.png 246w, https:\/\/spirits-import.de\/wp-content\/uploads\/2022\/05\/Petit_Prince_front_small-72x300.png 72w, https:\/\/spirits-import.de\/wp-content\/uploads\/2022\/05\/Petit_Prince_front_small-369x1536.png 369w, https:\/\/spirits-import.de\/wp-content\/uploads\/2022\/05\/Petit_Prince_front_small-492x2048.png 492w, https:\/\/spirits-import.de\/wp-content\/uploads\/2022\/05\/Petit_Prince_front_small.png 720w\" sizes=\"auto, (max-width: 135px) 100vw, 135px\" \/><\/figure>\n<\/div>\n\n\n<p>Der kleine Prinz aus der Distillerie du Gorvello ist eine Melang\u00e9 aus einem jungen Apfelbrand (Eau-de-Vie de Cidre) und dem frisch gepressten Saft der Apfelsorte Guillevic. Der Guillevic ist ein spezieller Most-Apfel, eine alte Z\u00fcchtung aus dem D\u00e9partement Morbihan. Der Mostapfel Guillevic wird auf \u00f6kologisch besonders wertvollen Streuobstwiesen angebaut. Wie sein Name bereits sagt, eignet sich diese Apfelsorte aufgrund des hohen Anteils an Gerbstoffen besonders f\u00fcr die Herstellung von Most, Saft und Fruchtwein.<\/p>\n\n\n\n<p>Der Eau-de-Vie de Cidre wird nach der Destillation durch die Zugabe von Apfelmost auf eine Trinkst\u00e4rke von 17% vol. herabgesetzt. Geschmacklich ist der Petit Prince Guillevic ein einzigartiges Erlebnis, welches viele Urlauber in der Bretagne kennenlernen durften. Seine leicht cremige Textur und die Balance zwischen S\u00fc\u00dfe und S\u00e4ure machen den Petit Prince Guillevic zu einem idealen Aperitif. Zur vollen Aromaentfaltung wird er idealerweise bei einer Temperatur zwischen 8\u00b0 und 10\u00b0 Celsius getrunken. Als Begleiter zu einer Mahlzeit passt er ideal zu K\u00e4se oder Gerichten mit Gefl\u00fcgel.<\/p>\n\n\n\n<figure class=\"wp-block-image size-large\"><img loading=\"lazy\" decoding=\"async\" width=\"1024\" height=\"592\" src=\"https:\/\/spirits-import.de\/wp-content\/uploads\/2022\/08\/Bio-Zertifikat-1024x592.jpg\" alt=\"\" class=\"wp-image-657\" srcset=\"https:\/\/spirits-import.de\/wp-content\/uploads\/2022\/08\/Bio-Zertifikat-1024x592.jpg 1024w, https:\/\/spirits-import.de\/wp-content\/uploads\/2022\/08\/Bio-Zertifikat-300x173.jpg 300w, https:\/\/spirits-import.de\/wp-content\/uploads\/2022\/08\/Bio-Zertifikat-768x444.jpg 768w, https:\/\/spirits-import.de\/wp-content\/uploads\/2022\/08\/Bio-Zertifikat-1536x888.jpg 1536w, https:\/\/spirits-import.de\/wp-content\/uploads\/2022\/08\/Bio-Zertifikat-1568x907.jpg 1568w, https:\/\/spirits-import.de\/wp-content\/uploads\/2022\/08\/Bio-Zertifikat.jpg 1942w\" sizes=\"auto, (max-width: 1024px) 100vw, 1024px\" \/><\/figure>\n","protected":false},"excerpt":{"rendered":"<p>Der kleine Prinz aus der Distillerie du Gorvello ist eine Melang\u00e9 aus einem jungen Apfelbrand (Eau-de-Vie de Cidre) und dem frisch gepressten Saft der Apfelsorte Guillevic. Der Guillevic ist ein spezieller Most-Apfel, eine alte Z\u00fcchtung aus dem D\u00e9partement Morbihan. Der Mostapfel Guillevic wird auf \u00f6kologisch besonders wertvollen Streuobstwiesen angebaut. Wie sein Name bereits sagt, eignet&hellip; <a class=\"more-link\" href=\"https:\/\/spirits-import.de\/fr\/fachhandel\/distillerie-du-gorvello\/petit-prince-guillevic\/\">Continue reading <span class=\"screen-reader-text\">Petit Prince Guillevic<\/span><\/a><\/p>\n","protected":false},"author":1,"featured_media":0,"parent":562,"menu_order":0,"comment_status":"closed","ping_status":"closed","template":"","meta":{"footnotes":""},"class_list":["post-564","page","type-page","status-publish","hentry","entry"],"translation":{"provider":"WPGlobus","version":"3.0.2","language":"fr","enabled_languages":["de","en","es","fr","it","nl"],"languages":{"de":{"title":true,"content":true,"excerpt":false},"en":{"title":false,"content":false,"excerpt":false},"es":{"title":false,"content":false,"excerpt":false},"fr":{"title":false,"content":false,"excerpt":false},"it":{"title":false,"content":false,"excerpt":false},"nl":{"title":false,"content":false,"excerpt":false}}},"_links":{"self":[{"href":"https:\/\/spirits-import.de\/fr\/wp-json\/wp\/v2\/pages\/564","targetHints":{"allow":["GET"]}}],"collection":[{"href":"https:\/\/spirits-import.de\/fr\/wp-json\/wp\/v2\/pages"}],"about":[{"href":"https:\/\/spirits-import.de\/fr\/wp-json\/wp\/v2\/types\/page"}],"author":[{"embeddable":true,"href":"https:\/\/spirits-import.de\/fr\/wp-json\/wp\/v2\/users\/1"}],"replies":[{"embeddable":true,"href":"https:\/\/spirits-import.de\/fr\/wp-json\/wp\/v2\/comments?post=564"}],"version-history":[{"count":4,"href":"https:\/\/spirits-import.de\/fr\/wp-json\/wp\/v2\/pages\/564\/revisions"}],"predecessor-version":[{"id":660,"href":"https:\/\/spirits-import.de\/fr\/wp-json\/wp\/v2\/pages\/564\/revisions\/660"}],"up":[{"embeddable":true,"href":"https:\/\/spirits-import.de\/fr\/wp-json\/wp\/v2\/pages\/562"}],"wp:attachment":[{"href":"https:\/\/spirits-import.de\/fr\/wp-json\/wp\/v2\/media?parent=564"}],"curies":[{"name":"wp","href":"https:\/\/api.w.org\/{rel}","templated":true}]}}