{"id":54,"date":"2021-01-26T14:37:46","date_gmt":"2021-01-26T13:37:46","guid":{"rendered":"http:\/\/spirits-import.de\/?page_id=54"},"modified":"2023-10-12T12:39:23","modified_gmt":"2023-10-12T10:39:23","slug":"importe","status":"publish","type":"page","link":"https:\/\/spirits-import.de\/fr\/importe\/","title":{"rendered":"Importer"},"content":{"rendered":"\n<p>Nous sommes votre partenaire fiable pour toute importation de spiritueux, que ce soit en provenance des pays de l&#8217;UE ou du monde entier.<\/p>\n\n\n\n<p>Nous sommes toujours \u00e0 l&#8217;aff\u00fbt des nouveaut\u00e9s en mati\u00e8re de spiritueux et des marques d\u00e9j\u00e0 connues qui enrichissent notre portefeuille. Nous sommes votre partenaire id\u00e9al pour l&#8217;importation de vos spiritueux, qu&#8217;il s&#8217;agisse de whisky, de gin ou de grappa. Nous nous int\u00e9ressons \u00e0 toutes les sortes d&#8217;importation de spiritueux et souhaitons devenir votre interlocuteur pour le march\u00e9 allemand.<\/p>\n\n\n\n<div class=\"wp-block-image\"><figure class=\"aligncenter size-large\"><img loading=\"lazy\" decoding=\"async\" width=\"750\" height=\"506\" src=\"http:\/\/spirits-import.de\/wp-content\/uploads\/2021\/02\/Schiff.jpg\" alt=\"\" class=\"wp-image-163\" srcset=\"https:\/\/spirits-import.de\/wp-content\/uploads\/2021\/02\/Schiff.jpg 750w, https:\/\/spirits-import.de\/wp-content\/uploads\/2021\/02\/Schiff-300x202.jpg 300w\" sizes=\"auto, (max-width: 750px) 100vw, 750px\" \/><\/figure><\/div>\n\n\n\n<p>Nous vous offrons un soutien personnalis\u00e9 pour vos produits et des voies d&#8217;importation simples. Nous nous occupons du d\u00e9douanement dans le pays d&#8217;importation et offrons de grandes facilit\u00e9s de stockage pour vos spiritueux.<\/p>\n\n\n\n<p>Nous souhaitons \u00e9tablir des partenariats \u00e0 long terme avec vous et vos produits et vous offrons un traitement respectueux de vous et de vos marques.<\/p>\n\n\n\n<p>Si vous \u00eates int\u00e9ress\u00e9 par une coop\u00e9ration, veuillez nous contacter \u00e0 tout moment.<\/p>\n","protected":false},"excerpt":{"rendered":"<p>Nous sommes votre partenaire fiable pour toute importation de spiritueux, que ce soit en provenance des pays de l&#8217;UE ou du monde entier. Nous sommes toujours \u00e0 l&#8217;aff\u00fbt des nouveaut\u00e9s en mati\u00e8re de spiritueux et des marques d\u00e9j\u00e0 connues qui enrichissent notre portefeuille. Nous sommes votre partenaire id\u00e9al pour l&#8217;importation de vos spiritueux, qu&#8217;il s&#8217;agisse&hellip; <a class=\"more-link\" href=\"https:\/\/spirits-import.de\/fr\/importe\/\">Continue reading <span class=\"screen-reader-text\">Importer<\/span><\/a><\/p>\n","protected":false},"author":1,"featured_media":0,"parent":0,"menu_order":5,"comment_status":"closed","ping_status":"closed","template":"","meta":{"footnotes":""},"class_list":["post-54","page","type-page","status-publish","hentry","entry"],"translation":{"provider":"WPGlobus","version":"3.0.2","language":"fr","enabled_languages":["de","en","es","fr","it","nl"],"languages":{"de":{"title":true,"content":true,"excerpt":false},"en":{"title":true,"content":true,"excerpt":false},"es":{"title":true,"content":true,"excerpt":false},"fr":{"title":true,"content":true,"excerpt":false},"it":{"title":true,"content":true,"excerpt":false},"nl":{"title":true,"content":true,"excerpt":false}}},"_links":{"self":[{"href":"https:\/\/spirits-import.de\/fr\/wp-json\/wp\/v2\/pages\/54","targetHints":{"allow":["GET"]}}],"collection":[{"href":"https:\/\/spirits-import.de\/fr\/wp-json\/wp\/v2\/pages"}],"about":[{"href":"https:\/\/spirits-import.de\/fr\/wp-json\/wp\/v2\/types\/page"}],"author":[{"embeddable":true,"href":"https:\/\/spirits-import.de\/fr\/wp-json\/wp\/v2\/users\/1"}],"replies":[{"embeddable":true,"href":"https:\/\/spirits-import.de\/fr\/wp-json\/wp\/v2\/comments?post=54"}],"version-history":[{"count":26,"href":"https:\/\/spirits-import.de\/fr\/wp-json\/wp\/v2\/pages\/54\/revisions"}],"predecessor-version":[{"id":790,"href":"https:\/\/spirits-import.de\/fr\/wp-json\/wp\/v2\/pages\/54\/revisions\/790"}],"wp:attachment":[{"href":"https:\/\/spirits-import.de\/fr\/wp-json\/wp\/v2\/media?parent=54"}],"curies":[{"name":"wp","href":"https:\/\/api.w.org\/{rel}","templated":true}]}}