{"id":5,"date":"2021-01-25T14:11:27","date_gmt":"2021-01-25T13:11:27","guid":{"rendered":"http:\/\/spirits-import.de\/wordpress\/?page_id=5"},"modified":"2021-02-04T15:03:13","modified_gmt":"2021-02-04T14:03:13","slug":"gestalte-deine-website-mit-bloecken","status":"publish","type":"page","link":"https:\/\/spirits-import.de\/fr\/","title":{"rendered":"Bienvenue \u00e0 Spirits Import"},"content":{"rendered":"\n<h2 class=\"alignwide has-text-align-wide has-huge-font-size wp-block-heading\" style=\"line-height:1.1\">Votre partenaire professionnel pour l&#8217;importation de spiritueux<\/h2>\n\n\n\n<div style=\"height:100px\" aria-hidden=\"true\" class=\"wp-block-spacer\"><\/div>\n\n\n\n<div class=\"wp-block-columns alignwide are-vertically-aligned-center is-style-twentytwentyone-columns-overlap is-layout-flex wp-container-core-columns-is-layout-9d6595d7 wp-block-columns-is-layout-flex\">\n<div class=\"wp-block-column is-vertically-aligned-center is-layout-flow wp-block-column-is-layout-flow\">\n<figure class=\"wp-block-image alignfull size-large is-style-twentytwentyone-border\"><img loading=\"lazy\" decoding=\"async\" width=\"1024\" height=\"683\" src=\"http:\/\/spirits-import.de\/wp-content\/uploads\/2021\/01\/container-1638068_1920-1024x683.jpg\" alt=\"Container Schiff\" class=\"wp-image-78\"\/><\/figure>\n<\/div>\n\n\n\n<div class=\"wp-block-column is-vertically-aligned-center is-layout-flow wp-block-column-is-layout-flow\">\n<figure class=\"wp-block-image size-large alignfull size-full is-style-twentytwentyone-border\"><img loading=\"lazy\" decoding=\"async\" width=\"1024\" height=\"683\" src=\"http:\/\/spirits-import.de\/wp-content\/uploads\/2021\/01\/whiskey-4832563_1920-1024x683.jpg\" alt=\"Whisky eingie\u00dfen\" class=\"wp-image-80\"\/><\/figure>\n\n\n\n<div style=\"height:100px\" aria-hidden=\"true\" class=\"wp-block-spacer\"><\/div>\n<\/div>\n<\/div>\n\n\n\n<div style=\"height:50px\" aria-hidden=\"true\" class=\"wp-block-spacer\"><\/div>\n\n\n\n<div class=\"wp-block-columns alignwide are-vertically-aligned-top is-layout-flex wp-container-core-columns-is-layout-9d6595d7 wp-block-columns-is-layout-flex\">\n<div class=\"wp-block-column is-vertically-aligned-top is-layout-flow wp-block-column-is-layout-flow\">\n<h3 class=\"wp-block-heading\">Comp\u00e9tences<\/h3>\n\n\n\n<p>Nous avons acc\u00e8s \u00e0 un r\u00e9seau solide dans l&#8217;industrie des spiritueux et nous nous distinguons par notre grande expertise des produits existants et notre grand int\u00e9r\u00eat pour les nouveaux produits.<\/p>\n\n\n\n<p><a href=\"\/fr\/ueber-uns\/\" data-type=\"URL\">En savoir plus sur nous.<\/a><\/p>\n<\/div>\n\n\n\n<div class=\"wp-block-column is-vertically-aligned-top is-layout-flow wp-block-column-is-layout-flow\">\n<h3 class=\"wp-block-heading\">Importations de spiritueux<\/h3>\n\n\n\n<p>Nous sommes votre interlocuteur pour les importations de spiritueux en Allemagne et dans l&#8217;Union europ\u00e9enne. Un traitement simple et une grande expertise pour les d\u00e9clarations en douane sont nos grands avantages.<br><br><a href=\"\/fr\/import\/\" data-type=\"URL\">En savoir plus sur les importations.<\/a><\/p>\n<\/div>\n\n\n\n<div class=\"wp-block-column is-vertically-aligned-top is-layout-flow wp-block-column-is-layout-flow\">\n<h3 class=\"wp-block-heading\">Commerce sp\u00e9cialis\u00e9<\/h3>\n\n\n\n<p>Nos produits sont destin\u00e9s aux grossistes et aux d\u00e9taillants sp\u00e9cialis\u00e9s. Si vous \u00eates int\u00e9ress\u00e9 par nos produits, veuillez nous contacter pour de plus amples informations.<\/p>\n\n\n\n<p><a href=\"\/fr\/fachhandel\/\" data-type=\"URL\">En savoir plus sur le commerce sp\u00e9cialis\u00e9.<\/a><\/p>\n<\/div>\n<\/div>\n\n\n\n<p><\/p>\n","protected":false},"excerpt":{"rendered":"<p>Votre partenaire professionnel pour l&#8217;importation de spiritueux Comp\u00e9tences Nous avons acc\u00e8s \u00e0 un r\u00e9seau solide dans l&#8217;industrie des spiritueux et nous nous distinguons par notre grande expertise des produits existants et notre grand int\u00e9r\u00eat pour les nouveaux produits. En savoir plus sur nous. Importations de spiritueux Nous sommes votre interlocuteur pour les importations de spiritueux&hellip; <a class=\"more-link\" href=\"https:\/\/spirits-import.de\/fr\/\">Continue reading <span class=\"screen-reader-text\">Bienvenue \u00e0 Spirits Import<\/span><\/a><\/p>\n","protected":false},"author":1,"featured_media":0,"parent":0,"menu_order":0,"comment_status":"closed","ping_status":"closed","template":"","meta":{"footnotes":""},"class_list":["post-5","page","type-page","status-publish","hentry","entry"],"translation":{"provider":"WPGlobus","version":"3.0.2","language":"fr","enabled_languages":["de","en","es","fr","it","nl"],"languages":{"de":{"title":true,"content":true,"excerpt":false},"en":{"title":true,"content":true,"excerpt":false},"es":{"title":true,"content":true,"excerpt":false},"fr":{"title":true,"content":true,"excerpt":false},"it":{"title":true,"content":true,"excerpt":false},"nl":{"title":true,"content":true,"excerpt":false}}},"_links":{"self":[{"href":"https:\/\/spirits-import.de\/fr\/wp-json\/wp\/v2\/pages\/5","targetHints":{"allow":["GET"]}}],"collection":[{"href":"https:\/\/spirits-import.de\/fr\/wp-json\/wp\/v2\/pages"}],"about":[{"href":"https:\/\/spirits-import.de\/fr\/wp-json\/wp\/v2\/types\/page"}],"author":[{"embeddable":true,"href":"https:\/\/spirits-import.de\/fr\/wp-json\/wp\/v2\/users\/1"}],"replies":[{"embeddable":true,"href":"https:\/\/spirits-import.de\/fr\/wp-json\/wp\/v2\/comments?post=5"}],"version-history":[{"count":36,"href":"https:\/\/spirits-import.de\/fr\/wp-json\/wp\/v2\/pages\/5\/revisions"}],"predecessor-version":[{"id":159,"href":"https:\/\/spirits-import.de\/fr\/wp-json\/wp\/v2\/pages\/5\/revisions\/159"}],"wp:attachment":[{"href":"https:\/\/spirits-import.de\/fr\/wp-json\/wp\/v2\/media?parent=5"}],"curies":[{"name":"wp","href":"https:\/\/api.w.org\/{rel}","templated":true}]}}