{"id":23,"date":"2021-01-25T14:25:43","date_gmt":"2021-01-25T13:25:43","guid":{"rendered":"http:\/\/spirits-import.de\/wordpress\/?page_id=23"},"modified":"2026-02-11T09:26:54","modified_gmt":"2026-02-11T08:26:54","slug":"impressum","status":"publish","type":"page","link":"https:\/\/spirits-import.de\/fr\/impressum\/","title":{"rendered":"Mentions l\u00e9gales"},"content":{"rendered":"\n<h2 class=\"wp-block-heading\">Spirits Import GmbH<\/h2>\n\n\n\n<p>Neidenburger Stra\u00dfe 21<br>28207 Bremen<br>Allemagne<\/p>\n\n\n\n<p>Courriel: info@spirits-import.de<br>T\u00e9l\u00e9phone: +49 421 43 77 49 43<\/p>\n\n\n\n<p>Tribunal d&#8217;enregistrement : Amtsgericht Bremen (Tribunal d&#8217;instance de Br\u00eame)<br>Num\u00e9ro d&#8217;enregistrement : HRB 36251 HB<br>Directeur g\u00e9n\u00e9ral : Torben Altvater<\/p>\n\n\n\n<p>Num\u00e9ro d&#8217;identification de la taxe de vente conform\u00e9ment \u00e0 l&#8217;article 27a de la loi sur la taxe de vente: DE338256373<\/p>\n\n\n\n<p>Spirits Import est certifi\u00e9 bio :<br>DE-\u00d6KO-037<\/p>\n\n\n\n<p>Plateforme de la Commission europ\u00e9enne pour la r\u00e9solution des conflits en ligne :<br><a href=\"https:\/\/ec.europa.eu\/consumers\/odr\" target=\"_blank\" rel=\"noreferrer noopener\">https:\/\/ec.europa.eu\/consumers\/odr<\/a><br>Nous ne sommes ni oblig\u00e9s ni dispos\u00e9s \u00e0 participer \u00e0 une proc\u00e9dure de r\u00e8glement des litiges devant un conseil d&#8217;arbitrage en mati\u00e8re de consommation.<\/p>\n\n\n\n<p>Responsable au sens du \u00a7 18 Abs. 2 MStV :<\/p>\n\n\n\n<p>Torben Altvater<br>Neidenburger Stra\u00dfe 21<br>28207 Bremen<br>Allemagne<\/p>\n","protected":false},"excerpt":{"rendered":"<p>Spirits Import GmbH Neidenburger Stra\u00dfe 2128207 BremenAllemagne Courriel: info@spirits-import.deT\u00e9l\u00e9phone: +49 421 43 77 49 43 Tribunal d&#8217;enregistrement : Amtsgericht Bremen (Tribunal d&#8217;instance de Br\u00eame)Num\u00e9ro d&#8217;enregistrement : HRB 36251 HBDirecteur g\u00e9n\u00e9ral : Torben Altvater Num\u00e9ro d&#8217;identification de la taxe de vente conform\u00e9ment \u00e0 l&#8217;article 27a de la loi sur la taxe de vente: DE338256373 Spirits Import&hellip; <a class=\"more-link\" href=\"https:\/\/spirits-import.de\/fr\/impressum\/\">Continue reading <span class=\"screen-reader-text\">Mentions l\u00e9gales<\/span><\/a><\/p>\n","protected":false},"author":1,"featured_media":0,"parent":0,"menu_order":2,"comment_status":"closed","ping_status":"closed","template":"","meta":{"footnotes":""},"class_list":["post-23","page","type-page","status-publish","hentry","entry"],"translation":{"provider":"WPGlobus","version":"3.0.2","language":"fr","enabled_languages":["de","en","es","fr","it","nl"],"languages":{"de":{"title":true,"content":true,"excerpt":false},"en":{"title":true,"content":true,"excerpt":false},"es":{"title":true,"content":true,"excerpt":false},"fr":{"title":true,"content":true,"excerpt":false},"it":{"title":true,"content":true,"excerpt":false},"nl":{"title":true,"content":true,"excerpt":false}}},"_links":{"self":[{"href":"https:\/\/spirits-import.de\/fr\/wp-json\/wp\/v2\/pages\/23","targetHints":{"allow":["GET"]}}],"collection":[{"href":"https:\/\/spirits-import.de\/fr\/wp-json\/wp\/v2\/pages"}],"about":[{"href":"https:\/\/spirits-import.de\/fr\/wp-json\/wp\/v2\/types\/page"}],"author":[{"embeddable":true,"href":"https:\/\/spirits-import.de\/fr\/wp-json\/wp\/v2\/users\/1"}],"replies":[{"embeddable":true,"href":"https:\/\/spirits-import.de\/fr\/wp-json\/wp\/v2\/comments?post=23"}],"version-history":[{"count":43,"href":"https:\/\/spirits-import.de\/fr\/wp-json\/wp\/v2\/pages\/23\/revisions"}],"predecessor-version":[{"id":1256,"href":"https:\/\/spirits-import.de\/fr\/wp-json\/wp\/v2\/pages\/23\/revisions\/1256"}],"wp:attachment":[{"href":"https:\/\/spirits-import.de\/fr\/wp-json\/wp\/v2\/media?parent=23"}],"curies":[{"name":"wp","href":"https:\/\/api.w.org\/{rel}","templated":true}]}}