{"id":1126,"date":"2024-09-09T12:10:51","date_gmt":"2024-09-09T10:10:51","guid":{"rendered":"https:\/\/spirits-import.de\/fachhandel\/palombaro\/"},"modified":"2024-09-09T12:19:58","modified_gmt":"2024-09-09T10:19:58","slug":"palombaro","status":"publish","type":"page","link":"https:\/\/spirits-import.de\/fr\/fachhandel\/palombaro\/","title":{"rendered":"Palombaro"},"content":{"rendered":"\n<p>Die Lik\u00f6re von Palombaro werden nur wenige Kilometer von der sch\u00f6nen Costa dei Trabocchi entfernt hergestellt, einer der malerischsten K\u00fcstenregionen der Abruzzen, die sich von Ortona bis Vasto erstreckt und ihren Namen von den Trabocchi hat, alten Holzkonstruktionen, die von den lokalen Fischern verwendet werden. Ein einzigartiges Gebiet, das die besten Rohstoffe liefert, um Produkte von h\u00f6chster Qualit\u00e4t und Authentizit\u00e4t herzustellen.<\/p>\n\n\n\n<h2 class=\"wp-block-heading\">Genziana<\/h2>\n\n\n<div class=\"wp-block-image\">\n<figure class=\"alignright size-large is-resized\"><img loading=\"lazy\" decoding=\"async\" width=\"453\" height=\"1024\" src=\"https:\/\/spirits-import.de\/wp-content\/uploads\/2024\/09\/Palombaro_Genziana_Small-453x1024.png\" alt=\"\" class=\"wp-image-1118\" style=\"width:135px;height:auto\" srcset=\"https:\/\/spirits-import.de\/wp-content\/uploads\/2024\/09\/Palombaro_Genziana_Small-453x1024.png 453w, https:\/\/spirits-import.de\/wp-content\/uploads\/2024\/09\/Palombaro_Genziana_Small-133x300.png 133w, https:\/\/spirits-import.de\/wp-content\/uploads\/2024\/09\/Palombaro_Genziana_Small-768x1738.png 768w, https:\/\/spirits-import.de\/wp-content\/uploads\/2024\/09\/Palombaro_Genziana_Small-679x1536.png 679w, https:\/\/spirits-import.de\/wp-content\/uploads\/2024\/09\/Palombaro_Genziana_Small.png 884w\" sizes=\"auto, (max-width: 453px) 100vw, 453px\" \/><\/figure>\n<\/div>\n\n\n<p>Ein Lik\u00f6r mit intensivem und anhaltendem Geschmack, der sich durch bittere und tonische Noten auszeichnet und aus der geschickten Kombination von Pecorino-Wein und Enzianwurzeln, einer Wildpflanze, die in den Bergen der Abruzzen w\u00e4chst, gewonnen wird. Perfekt, um pur genossen zu werden oder um Cocktails mit einem einzigartigen und originellen Geschmack zu bereichern. Leidenschaft und handwerkliche Sorgfalt verleihen diesem handgefilterten Enzian eine hervorragende Qualit\u00e4t, die auch die anspruchsvollsten und raffiniertesten Gaumen zufrieden stellt.<\/p>\n\n\n\n<h2 class=\"wp-block-heading\">Limoncello<\/h2>\n\n\n<div class=\"wp-block-image\">\n<figure class=\"alignright size-large is-resized\"><img loading=\"lazy\" decoding=\"async\" width=\"453\" height=\"1024\" src=\"https:\/\/spirits-import.de\/wp-content\/uploads\/2024\/09\/Palombaro_Limoncello_Small-453x1024.png\" alt=\"\" class=\"wp-image-1119\" style=\"width:138px;height:auto\" srcset=\"https:\/\/spirits-import.de\/wp-content\/uploads\/2024\/09\/Palombaro_Limoncello_Small-453x1024.png 453w, https:\/\/spirits-import.de\/wp-content\/uploads\/2024\/09\/Palombaro_Limoncello_Small-133x300.png 133w, https:\/\/spirits-import.de\/wp-content\/uploads\/2024\/09\/Palombaro_Limoncello_Small-768x1738.png 768w, https:\/\/spirits-import.de\/wp-content\/uploads\/2024\/09\/Palombaro_Limoncello_Small-679x1536.png 679w, https:\/\/spirits-import.de\/wp-content\/uploads\/2024\/09\/Palombaro_Limoncello_Small.png 884w\" sizes=\"auto, (max-width: 453px) 100vw, 453px\" \/><\/figure>\n<\/div>\n\n\n<p>Ein Lik\u00f6r mit frischen und lebendigen Noten und einem authentischen Geschmack, der aus einer sorgf\u00e4ltigen Auswahl von in den Abruzzen angebauten Zitronen gewonnen wird. Die handwerkliche Verarbeitung des Limoncello durch sorgf\u00e4ltige manuelle Filtration verleiht jeder Flasche einen einzigartigen und besonderen Charakter. Das Ergebnis ist ein frischer und intensiver Geschmack, der in ein reichhaltiges Aroma \u00fcbergeht und die authentische Essenz der Zitrone vollst\u00e4ndig widerspiegelt.<\/p>\n\n\n\n<h2 class=\"wp-block-heading\">Ratafia<\/h2>\n\n\n<div class=\"wp-block-image\">\n<figure class=\"alignright size-large is-resized\"><img loading=\"lazy\" decoding=\"async\" width=\"453\" height=\"1024\" src=\"https:\/\/spirits-import.de\/wp-content\/uploads\/2024\/09\/Palombaro_Ratafia_Small-453x1024.png\" alt=\"\" class=\"wp-image-1120\" style=\"width:141px;height:auto\" srcset=\"https:\/\/spirits-import.de\/wp-content\/uploads\/2024\/09\/Palombaro_Ratafia_Small-453x1024.png 453w, https:\/\/spirits-import.de\/wp-content\/uploads\/2024\/09\/Palombaro_Ratafia_Small-133x300.png 133w, https:\/\/spirits-import.de\/wp-content\/uploads\/2024\/09\/Palombaro_Ratafia_Small-768x1738.png 768w, https:\/\/spirits-import.de\/wp-content\/uploads\/2024\/09\/Palombaro_Ratafia_Small-679x1536.png 679w, https:\/\/spirits-import.de\/wp-content\/uploads\/2024\/09\/Palombaro_Ratafia_Small.png 884w\" sizes=\"auto, (max-width: 453px) 100vw, 453px\" \/><\/figure>\n<\/div>\n\n\n<p>Ratafia ist eine exzellente Verschmelzung von Tradition und Territorium, sorgf\u00e4ltig zubereitet mit einem der charakteristischsten Weine des Landes: Montepulciano. Der Saft der schwarzen Kirsche verleiht dem Lik\u00f6r eine unverwechselbare bittere Note und einen einzigartigen Charakter. Und das Ergebnis? Ein reichhaltiger, umh\u00fcllender Lik\u00f6r, der den unverwechselbaren Geschmack der Abruzzen mit jedem Schluck zelebriert.<\/p>\n","protected":false},"excerpt":{"rendered":"<p>Die Lik\u00f6re von Palombaro werden nur wenige Kilometer von der sch\u00f6nen Costa dei Trabocchi entfernt hergestellt, einer der malerischsten K\u00fcstenregionen der Abruzzen, die sich von Ortona bis Vasto erstreckt und ihren Namen von den Trabocchi hat, alten Holzkonstruktionen, die von den lokalen Fischern verwendet werden. Ein einzigartiges Gebiet, das die besten Rohstoffe liefert, um Produkte&hellip; <a class=\"more-link\" href=\"https:\/\/spirits-import.de\/fr\/fachhandel\/palombaro\/\">Continue reading <span class=\"screen-reader-text\">Palombaro<\/span><\/a><\/p>\n","protected":false},"author":1,"featured_media":0,"parent":69,"menu_order":11,"comment_status":"closed","ping_status":"closed","template":"","meta":{"footnotes":""},"class_list":["post-1126","page","type-page","status-publish","hentry","entry"],"translation":{"provider":"WPGlobus","version":"3.0.2","language":"fr","enabled_languages":["de","en","es","fr","it","nl"],"languages":{"de":{"title":true,"content":true,"excerpt":false},"en":{"title":false,"content":false,"excerpt":false},"es":{"title":false,"content":false,"excerpt":false},"fr":{"title":false,"content":false,"excerpt":false},"it":{"title":false,"content":false,"excerpt":false},"nl":{"title":false,"content":false,"excerpt":false}}},"_links":{"self":[{"href":"https:\/\/spirits-import.de\/fr\/wp-json\/wp\/v2\/pages\/1126","targetHints":{"allow":["GET"]}}],"collection":[{"href":"https:\/\/spirits-import.de\/fr\/wp-json\/wp\/v2\/pages"}],"about":[{"href":"https:\/\/spirits-import.de\/fr\/wp-json\/wp\/v2\/types\/page"}],"author":[{"embeddable":true,"href":"https:\/\/spirits-import.de\/fr\/wp-json\/wp\/v2\/users\/1"}],"replies":[{"embeddable":true,"href":"https:\/\/spirits-import.de\/fr\/wp-json\/wp\/v2\/comments?post=1126"}],"version-history":[{"count":2,"href":"https:\/\/spirits-import.de\/fr\/wp-json\/wp\/v2\/pages\/1126\/revisions"}],"predecessor-version":[{"id":1129,"href":"https:\/\/spirits-import.de\/fr\/wp-json\/wp\/v2\/pages\/1126\/revisions\/1129"}],"up":[{"embeddable":true,"href":"https:\/\/spirits-import.de\/fr\/wp-json\/wp\/v2\/pages\/69"}],"wp:attachment":[{"href":"https:\/\/spirits-import.de\/fr\/wp-json\/wp\/v2\/media?parent=1126"}],"curies":[{"name":"wp","href":"https:\/\/api.w.org\/{rel}","templated":true}]}}