{"id":69,"date":"2021-01-26T15:16:27","date_gmt":"2021-01-26T14:16:27","guid":{"rendered":"http:\/\/spirits-import.de\/?page_id=69"},"modified":"2025-03-24T12:05:17","modified_gmt":"2025-03-24T11:05:17","slug":"fachhandel","status":"publish","type":"page","link":"https:\/\/spirits-import.de\/es\/fachhandel\/","title":{"rendered":"Comercio especializado"},"content":{"rendered":"\n<p>Con nuestra gama de productos queremos ofrecerle un surtido amplio y de alta calidad de bebidas alcoh\u00f3licas. Tenemos a\u00f1os de experiencia en la venta directa y estamos encantados de ser su contacto para nuestros productos. Tambi\u00e9n puede ponerse en contacto con nosotros en cualquier momento si echa de menos una ginebra o un whisky especial en el mercado alem\u00e1n. Siempre trataremos de responder a sus deseos con la mayor rapidez posible.<\/p>\n\n\n\n<figure class=\"wp-block-image size-large is-style-twentytwentyone-border\"><img loading=\"lazy\" decoding=\"async\" width=\"750\" height=\"500\" src=\"http:\/\/spirits-import.de\/wp-content\/uploads\/2021\/02\/Paletten.jpg\" alt=\"\" class=\"wp-image-171\" srcset=\"https:\/\/spirits-import.de\/wp-content\/uploads\/2021\/02\/Paletten.jpg 750w, https:\/\/spirits-import.de\/wp-content\/uploads\/2021\/02\/Paletten-300x200.jpg 300w\" sizes=\"auto, (max-width: 750px) 100vw, 750px\" \/><\/figure>\n\n\n\n<p>Con nuestro surtido le ofrecemos una alta disponibilidad de mercanc\u00edas y cortos plazos de entrega de los productos que le faltan. Tambi\u00e9n nos gustar\u00eda estar a su lado en calidad de asesores para promover un atractivo desarrollo del surtido con nuestros productos para su comercio mayorista o especializado. Ofrecemos precios justos y un servicio de primera con plazos de entrega r\u00e1pidos. No dude en ponerse en contacto con nosotros.<\/p>\n","protected":false},"excerpt":{"rendered":"<p>Con nuestra gama de productos queremos ofrecerle un surtido amplio y de alta calidad de bebidas alcoh\u00f3licas. Tenemos a\u00f1os de experiencia en la venta directa y estamos encantados de ser su contacto para nuestros productos. Tambi\u00e9n puede ponerse en contacto con nosotros en cualquier momento si echa de menos una ginebra o un whisky especial&hellip; <a class=\"more-link\" href=\"https:\/\/spirits-import.de\/es\/fachhandel\/\">Continue reading <span class=\"screen-reader-text\">Comercio especializado<\/span><\/a><\/p>\n","protected":false},"author":1,"featured_media":0,"parent":0,"menu_order":7,"comment_status":"closed","ping_status":"closed","template":"","meta":{"footnotes":""},"class_list":["post-69","page","type-page","status-publish","hentry","entry"],"translation":{"provider":"WPGlobus","version":"3.0.2","language":"es","enabled_languages":["de","en","es","fr","it","nl"],"languages":{"de":{"title":true,"content":true,"excerpt":false},"en":{"title":true,"content":true,"excerpt":false},"es":{"title":true,"content":true,"excerpt":false},"fr":{"title":true,"content":true,"excerpt":false},"it":{"title":true,"content":true,"excerpt":false},"nl":{"title":true,"content":true,"excerpt":false}}},"_links":{"self":[{"href":"https:\/\/spirits-import.de\/es\/wp-json\/wp\/v2\/pages\/69","targetHints":{"allow":["GET"]}}],"collection":[{"href":"https:\/\/spirits-import.de\/es\/wp-json\/wp\/v2\/pages"}],"about":[{"href":"https:\/\/spirits-import.de\/es\/wp-json\/wp\/v2\/types\/page"}],"author":[{"embeddable":true,"href":"https:\/\/spirits-import.de\/es\/wp-json\/wp\/v2\/users\/1"}],"replies":[{"embeddable":true,"href":"https:\/\/spirits-import.de\/es\/wp-json\/wp\/v2\/comments?post=69"}],"version-history":[{"count":50,"href":"https:\/\/spirits-import.de\/es\/wp-json\/wp\/v2\/pages\/69\/revisions"}],"predecessor-version":[{"id":1212,"href":"https:\/\/spirits-import.de\/es\/wp-json\/wp\/v2\/pages\/69\/revisions\/1212"}],"wp:attachment":[{"href":"https:\/\/spirits-import.de\/es\/wp-json\/wp\/v2\/media?parent=69"}],"curies":[{"name":"wp","href":"https:\/\/api.w.org\/{rel}","templated":true}]}}