{"id":570,"date":"2022-05-20T10:20:26","date_gmt":"2022-05-20T08:20:26","guid":{"rendered":"https:\/\/spirits-import.de\/gin-heol-an-oriant-1672\/"},"modified":"2022-08-24T15:51:28","modified_gmt":"2022-08-24T13:51:28","slug":"gin-heol-an-oriant-1672","status":"publish","type":"page","link":"https:\/\/spirits-import.de\/es\/fachhandel\/distillerie-du-gorvello\/gin-heol-an-oriant-1672\/","title":{"rendered":"Gin Heol an Oriant 1672"},"content":{"rendered":"<div class=\"wp-block-image\">\n<figure class=\"alignright size-large is-resized\"><img loading=\"lazy\" decoding=\"async\" src=\"https:\/\/spirits-import.de\/wp-content\/uploads\/2022\/05\/Gin_Oriant_OP_small-808x1024.png\" alt=\"\" class=\"wp-image-591\" width=\"310\" height=\"392\" srcset=\"https:\/\/spirits-import.de\/wp-content\/uploads\/2022\/05\/Gin_Oriant_OP_small-808x1024.png 808w, https:\/\/spirits-import.de\/wp-content\/uploads\/2022\/05\/Gin_Oriant_OP_small-237x300.png 237w, https:\/\/spirits-import.de\/wp-content\/uploads\/2022\/05\/Gin_Oriant_OP_small-768x974.png 768w, https:\/\/spirits-import.de\/wp-content\/uploads\/2022\/05\/Gin_Oriant_OP_small-1211x1536.png 1211w, https:\/\/spirits-import.de\/wp-content\/uploads\/2022\/05\/Gin_Oriant_OP_small-1615x2048.png 1615w, https:\/\/spirits-import.de\/wp-content\/uploads\/2022\/05\/Gin_Oriant_OP_small-1568x1988.png 1568w\" sizes=\"auto, (max-width: 310px) 100vw, 310px\" \/><\/figure>\n<\/div>\n\n\n<p>\u201eHeol an Oriant\u201c ist bretonisch und bedeutet \u201eSonne des Orients\u201c. Der Name geh\u00f6rte einst einem Handelsschiff, welches im M\u00e4rz 1672 die Anker an der franz\u00f6sischen Atlantikk\u00fcste lichtete und Kurs auf den fernen Osten nahm. Auf der rund zweij\u00e4hrigen Reise wurde eine Seeroute zwischen Frankreich und dem geheimnisvollen Asien bestimmt, welches ein ganzes Jahrhundert bestand haben sollte. Und es wurde eine wertvolle Ladung exotischer Gew\u00fcrze nach Europa gebracht. Dazu geh\u00f6rten Pfeffer, S\u00fc\u00dfholz, Engelwurz und Koriander.<\/p>\n\n\n\n<figure class=\"wp-block-image size-large\"><img loading=\"lazy\" decoding=\"async\" width=\"1024\" height=\"592\" src=\"https:\/\/spirits-import.de\/wp-content\/uploads\/2022\/08\/Bio-Zertifikat-1024x592.jpg\" alt=\"\" class=\"wp-image-657\" srcset=\"https:\/\/spirits-import.de\/wp-content\/uploads\/2022\/08\/Bio-Zertifikat-1024x592.jpg 1024w, https:\/\/spirits-import.de\/wp-content\/uploads\/2022\/08\/Bio-Zertifikat-300x173.jpg 300w, https:\/\/spirits-import.de\/wp-content\/uploads\/2022\/08\/Bio-Zertifikat-768x444.jpg 768w, https:\/\/spirits-import.de\/wp-content\/uploads\/2022\/08\/Bio-Zertifikat-1536x888.jpg 1536w, https:\/\/spirits-import.de\/wp-content\/uploads\/2022\/08\/Bio-Zertifikat-1568x907.jpg 1568w, https:\/\/spirits-import.de\/wp-content\/uploads\/2022\/08\/Bio-Zertifikat.jpg 1942w\" sizes=\"auto, (max-width: 1024px) 100vw, 1024px\" \/><\/figure>\n\n\n\n<p>Gin Heol an Oriant 1672 wird in der Qualit\u00e4t eines \u201eLondon Dry Gin\u201c in der Bretagne unter ausschlie\u00dflicher Verwendung von Rohstoffen aus dem \u00f6kologischen Landbau hergestellt. Zu den insgesamt 17 Botanicals z\u00e4hlen neben dem Wacholder, Koriander, Kardamom, Kubebenpfeffer, Ceylon-Zimt, S\u00fc\u00dfholz, Engelwurz, Holunder, Zitronen- und Orangenschale und ein Hauch von Ingwer.<\/p>\n\n\n\n<figure class=\"wp-block-image size-full\"><img loading=\"lazy\" decoding=\"async\" width=\"661\" height=\"899\" src=\"https:\/\/spirits-import.de\/wp-content\/uploads\/2022\/08\/Gin-Heol-London-Spirits.jpg\" alt=\"\" class=\"wp-image-658\" srcset=\"https:\/\/spirits-import.de\/wp-content\/uploads\/2022\/08\/Gin-Heol-London-Spirits.jpg 661w, https:\/\/spirits-import.de\/wp-content\/uploads\/2022\/08\/Gin-Heol-London-Spirits-221x300.jpg 221w\" sizes=\"auto, (max-width: 661px) 100vw, 661px\" \/><\/figure>\n\n\n\n<p>Ein ausdrucksstarker Gin, der die Komplexit\u00e4t der Gew\u00fcrze mit der S\u00fc\u00dfe der Kr\u00e4uter und der Frische von Ingwer und Zitrone kombiniert. Verkosten Sie Gin Heol an Orient zur vollen Aromaentfaltung gerne pur. Als Gin Tonic empfiehlt sich ein Tonic mit mediterraner Aromatisierung, dekoriert mit einem Zweig von Thymian und\/oder einer Zitronenzeste.<\/p>\n","protected":false},"excerpt":{"rendered":"<p>\u201eHeol an Oriant\u201c ist bretonisch und bedeutet \u201eSonne des Orients\u201c. Der Name geh\u00f6rte einst einem Handelsschiff, welches im M\u00e4rz 1672 die Anker an der franz\u00f6sischen Atlantikk\u00fcste lichtete und Kurs auf den fernen Osten nahm. Auf der rund zweij\u00e4hrigen Reise wurde eine Seeroute zwischen Frankreich und dem geheimnisvollen Asien bestimmt, welches ein ganzes Jahrhundert bestand haben&hellip; <a class=\"more-link\" href=\"https:\/\/spirits-import.de\/es\/fachhandel\/distillerie-du-gorvello\/gin-heol-an-oriant-1672\/\">Continue reading <span class=\"screen-reader-text\">Gin Heol an Oriant 1672<\/span><\/a><\/p>\n","protected":false},"author":1,"featured_media":0,"parent":562,"menu_order":3,"comment_status":"closed","ping_status":"closed","template":"","meta":{"footnotes":""},"class_list":["post-570","page","type-page","status-publish","hentry","entry"],"translation":{"provider":"WPGlobus","version":"3.0.2","language":"es","enabled_languages":["de","en","es","fr","it","nl"],"languages":{"de":{"title":true,"content":true,"excerpt":false},"en":{"title":false,"content":false,"excerpt":false},"es":{"title":false,"content":false,"excerpt":false},"fr":{"title":false,"content":false,"excerpt":false},"it":{"title":false,"content":false,"excerpt":false},"nl":{"title":false,"content":false,"excerpt":false}}},"_links":{"self":[{"href":"https:\/\/spirits-import.de\/es\/wp-json\/wp\/v2\/pages\/570","targetHints":{"allow":["GET"]}}],"collection":[{"href":"https:\/\/spirits-import.de\/es\/wp-json\/wp\/v2\/pages"}],"about":[{"href":"https:\/\/spirits-import.de\/es\/wp-json\/wp\/v2\/types\/page"}],"author":[{"embeddable":true,"href":"https:\/\/spirits-import.de\/es\/wp-json\/wp\/v2\/users\/1"}],"replies":[{"embeddable":true,"href":"https:\/\/spirits-import.de\/es\/wp-json\/wp\/v2\/comments?post=570"}],"version-history":[{"count":5,"href":"https:\/\/spirits-import.de\/es\/wp-json\/wp\/v2\/pages\/570\/revisions"}],"predecessor-version":[{"id":659,"href":"https:\/\/spirits-import.de\/es\/wp-json\/wp\/v2\/pages\/570\/revisions\/659"}],"up":[{"embeddable":true,"href":"https:\/\/spirits-import.de\/es\/wp-json\/wp\/v2\/pages\/562"}],"wp:attachment":[{"href":"https:\/\/spirits-import.de\/es\/wp-json\/wp\/v2\/media?parent=570"}],"curies":[{"name":"wp","href":"https:\/\/api.w.org\/{rel}","templated":true}]}}