{"id":54,"date":"2021-01-26T14:37:46","date_gmt":"2021-01-26T13:37:46","guid":{"rendered":"http:\/\/spirits-import.de\/?page_id=54"},"modified":"2023-10-12T12:39:23","modified_gmt":"2023-10-12T10:39:23","slug":"importe","status":"publish","type":"page","link":"https:\/\/spirits-import.de\/es\/importe\/","title":{"rendered":"Importar"},"content":{"rendered":"\n<p>Somos su socio de confianza para cualquier importaci\u00f3n de bebidas alcoh\u00f3licas, ya sea de pa\u00edses de la UE o de todo el mundo.<\/p>\n\n\n\n<p>Siempre estamos atentos a las novedades en materia de bebidas alcoh\u00f3licas y a las marcas ya conocidas que enriquecen nuestra cartera. Somos su socio ideal para la importaci\u00f3n de sus licores, ya sea whisky, ginebra o grappa. Estamos interesados en todo tipo de importaci\u00f3n de bebidas alcoh\u00f3licas y nos gustar\u00eda ser su contacto para el mercado alem\u00e1n.<\/p>\n\n\n\n<div class=\"wp-block-image\"><figure class=\"aligncenter size-large\"><img loading=\"lazy\" decoding=\"async\" width=\"750\" height=\"506\" src=\"http:\/\/spirits-import.de\/wp-content\/uploads\/2021\/02\/Schiff.jpg\" alt=\"\" class=\"wp-image-163\" srcset=\"https:\/\/spirits-import.de\/wp-content\/uploads\/2021\/02\/Schiff.jpg 750w, https:\/\/spirits-import.de\/wp-content\/uploads\/2021\/02\/Schiff-300x202.jpg 300w\" sizes=\"auto, (max-width: 750px) 100vw, 750px\" \/><\/figure><\/div>\n\n\n\n<p>Le ofrecemos apoyo individualizado para sus productos y rutas de importaci\u00f3n sencillas. Nos encargamos de los tr\u00e1mites aduaneros en el pa\u00eds importador y ofrecemos amplias instalaciones de almacenamiento para sus bebidas espirituosas.<\/p>\n\n\n\n<p>Deseamos una colaboraci\u00f3n a largo plazo con usted y sus productos y ofrecemos un trato respetuoso con usted y sus marcas.<\/p>\n\n\n\n<p>Si est\u00e1 interesado n una cooperaci\u00f3n, p\u00f3ngase en contacto con nosotros en cualquier momento.<\/p>\n","protected":false},"excerpt":{"rendered":"<p>Somos su socio de confianza para cualquier importaci\u00f3n de bebidas alcoh\u00f3licas, ya sea de pa\u00edses de la UE o de todo el mundo. Siempre estamos atentos a las novedades en materia de bebidas alcoh\u00f3licas y a las marcas ya conocidas que enriquecen nuestra cartera. Somos su socio ideal para la importaci\u00f3n de sus licores, ya&hellip; <a class=\"more-link\" href=\"https:\/\/spirits-import.de\/es\/importe\/\">Continue reading <span class=\"screen-reader-text\">Importar<\/span><\/a><\/p>\n","protected":false},"author":1,"featured_media":0,"parent":0,"menu_order":5,"comment_status":"closed","ping_status":"closed","template":"","meta":{"footnotes":""},"class_list":["post-54","page","type-page","status-publish","hentry","entry"],"translation":{"provider":"WPGlobus","version":"3.0.2","language":"es","enabled_languages":["de","en","es","fr","it","nl"],"languages":{"de":{"title":true,"content":true,"excerpt":false},"en":{"title":true,"content":true,"excerpt":false},"es":{"title":true,"content":true,"excerpt":false},"fr":{"title":true,"content":true,"excerpt":false},"it":{"title":true,"content":true,"excerpt":false},"nl":{"title":true,"content":true,"excerpt":false}}},"_links":{"self":[{"href":"https:\/\/spirits-import.de\/es\/wp-json\/wp\/v2\/pages\/54","targetHints":{"allow":["GET"]}}],"collection":[{"href":"https:\/\/spirits-import.de\/es\/wp-json\/wp\/v2\/pages"}],"about":[{"href":"https:\/\/spirits-import.de\/es\/wp-json\/wp\/v2\/types\/page"}],"author":[{"embeddable":true,"href":"https:\/\/spirits-import.de\/es\/wp-json\/wp\/v2\/users\/1"}],"replies":[{"embeddable":true,"href":"https:\/\/spirits-import.de\/es\/wp-json\/wp\/v2\/comments?post=54"}],"version-history":[{"count":26,"href":"https:\/\/spirits-import.de\/es\/wp-json\/wp\/v2\/pages\/54\/revisions"}],"predecessor-version":[{"id":790,"href":"https:\/\/spirits-import.de\/es\/wp-json\/wp\/v2\/pages\/54\/revisions\/790"}],"wp:attachment":[{"href":"https:\/\/spirits-import.de\/es\/wp-json\/wp\/v2\/media?parent=54"}],"curies":[{"name":"wp","href":"https:\/\/api.w.org\/{rel}","templated":true}]}}