{"id":5,"date":"2021-01-25T14:11:27","date_gmt":"2021-01-25T13:11:27","guid":{"rendered":"http:\/\/spirits-import.de\/wordpress\/?page_id=5"},"modified":"2021-02-04T15:03:13","modified_gmt":"2021-02-04T14:03:13","slug":"gestalte-deine-website-mit-bloecken","status":"publish","type":"page","link":"https:\/\/spirits-import.de\/es\/","title":{"rendered":"Bienvenido a Spirits Import"},"content":{"rendered":"\n<h2 class=\"alignwide has-text-align-wide has-huge-font-size wp-block-heading\" style=\"line-height:1.1\">Su socio profesional para la importaci\u00f3n de bebidas alcoh\u00f3licas<\/h2>\n\n\n\n<div style=\"height:100px\" aria-hidden=\"true\" class=\"wp-block-spacer\"><\/div>\n\n\n\n<div class=\"wp-block-columns alignwide are-vertically-aligned-center is-style-twentytwentyone-columns-overlap is-layout-flex wp-container-core-columns-is-layout-9d6595d7 wp-block-columns-is-layout-flex\">\n<div class=\"wp-block-column is-vertically-aligned-center is-layout-flow wp-block-column-is-layout-flow\">\n<figure class=\"wp-block-image alignfull size-large is-style-twentytwentyone-border\"><img loading=\"lazy\" decoding=\"async\" width=\"1024\" height=\"683\" src=\"http:\/\/spirits-import.de\/wp-content\/uploads\/2021\/01\/container-1638068_1920-1024x683.jpg\" alt=\"Container Schiff\" class=\"wp-image-78\"\/><\/figure>\n<\/div>\n\n\n\n<div class=\"wp-block-column is-vertically-aligned-center is-layout-flow wp-block-column-is-layout-flow\">\n<figure class=\"wp-block-image size-large alignfull size-full is-style-twentytwentyone-border\"><img loading=\"lazy\" decoding=\"async\" width=\"1024\" height=\"683\" src=\"http:\/\/spirits-import.de\/wp-content\/uploads\/2021\/01\/whiskey-4832563_1920-1024x683.jpg\" alt=\"Whisky eingie\u00dfen\" class=\"wp-image-80\"\/><\/figure>\n\n\n\n<div style=\"height:100px\" aria-hidden=\"true\" class=\"wp-block-spacer\"><\/div>\n<\/div>\n<\/div>\n\n\n\n<div style=\"height:50px\" aria-hidden=\"true\" class=\"wp-block-spacer\"><\/div>\n\n\n\n<div class=\"wp-block-columns alignwide are-vertically-aligned-top is-layout-flex wp-container-core-columns-is-layout-9d6595d7 wp-block-columns-is-layout-flex\">\n<div class=\"wp-block-column is-vertically-aligned-top is-layout-flow wp-block-column-is-layout-flow\">\n<h3 class=\"wp-block-heading\">Experiencia<\/h3>\n\n\n\n<p>Tenemos acceso a una s\u00f3lida red en la industria de las bebidas alcoh\u00f3licas y nos distinguimos por nuestra gran experiencia en los productos existentes y nuestro gran inter\u00e9s en los nuevos productos.<\/p>\n\n\n\n<p><a href=\"\/es\/ueber-uns\/\" data-type=\"URL\">Conozca m\u00e1s sobre nosotros.<\/a><\/p>\n<\/div>\n\n\n\n<div class=\"wp-block-column is-vertically-aligned-top is-layout-flow wp-block-column-is-layout-flow\">\n<h3 class=\"wp-block-heading\">Importaci\u00f3n de licores<\/h3>\n\n\n\n<p>Somos su contacto para la importaci\u00f3n de bebidas alcoh\u00f3licas a Alemania y la Uni\u00f3n Europea. Una tramitaci\u00f3n sencilla y una gran experiencia para las declaraciones de aduana son nuestras grandes ventajas.<br><br><a href=\"\/es\/import\/\" data-type=\"URL\">M\u00e1s informaci\u00f3n sobre las importaciones.<\/a><\/p>\n<\/div>\n\n\n\n<div class=\"wp-block-column is-vertically-aligned-top is-layout-flow wp-block-column-is-layout-flow\">\n<h3 class=\"wp-block-heading\">Comercio especializado<\/h3>\n\n\n\n<p>Nuestros productos se dirigen a mayoristas y minoristas especializados. Si est\u00e1 interesado en nuestros productos, p\u00f3ngase en contacto con nosotros para obtener m\u00e1s informaci\u00f3n.<\/p>\n\n\n\n<p><a href=\"\/es\/fachhandel\/\" data-type=\"URL\">M\u00e1s informaci\u00f3n sobre el comercio.<\/a><\/p>\n<\/div>\n<\/div>\n\n\n\n<p><\/p>\n","protected":false},"excerpt":{"rendered":"<p>Su socio profesional para la importaci\u00f3n de bebidas alcoh\u00f3licas Experiencia Tenemos acceso a una s\u00f3lida red en la industria de las bebidas alcoh\u00f3licas y nos distinguimos por nuestra gran experiencia en los productos existentes y nuestro gran inter\u00e9s en los nuevos productos. Conozca m\u00e1s sobre nosotros. Importaci\u00f3n de licores Somos su contacto para la importaci\u00f3n&hellip; <a class=\"more-link\" href=\"https:\/\/spirits-import.de\/es\/\">Continue reading <span class=\"screen-reader-text\">Bienvenido a Spirits Import<\/span><\/a><\/p>\n","protected":false},"author":1,"featured_media":0,"parent":0,"menu_order":0,"comment_status":"closed","ping_status":"closed","template":"","meta":{"footnotes":""},"class_list":["post-5","page","type-page","status-publish","hentry","entry"],"translation":{"provider":"WPGlobus","version":"3.0.2","language":"es","enabled_languages":["de","en","es","fr","it","nl"],"languages":{"de":{"title":true,"content":true,"excerpt":false},"en":{"title":true,"content":true,"excerpt":false},"es":{"title":true,"content":true,"excerpt":false},"fr":{"title":true,"content":true,"excerpt":false},"it":{"title":true,"content":true,"excerpt":false},"nl":{"title":true,"content":true,"excerpt":false}}},"_links":{"self":[{"href":"https:\/\/spirits-import.de\/es\/wp-json\/wp\/v2\/pages\/5","targetHints":{"allow":["GET"]}}],"collection":[{"href":"https:\/\/spirits-import.de\/es\/wp-json\/wp\/v2\/pages"}],"about":[{"href":"https:\/\/spirits-import.de\/es\/wp-json\/wp\/v2\/types\/page"}],"author":[{"embeddable":true,"href":"https:\/\/spirits-import.de\/es\/wp-json\/wp\/v2\/users\/1"}],"replies":[{"embeddable":true,"href":"https:\/\/spirits-import.de\/es\/wp-json\/wp\/v2\/comments?post=5"}],"version-history":[{"count":36,"href":"https:\/\/spirits-import.de\/es\/wp-json\/wp\/v2\/pages\/5\/revisions"}],"predecessor-version":[{"id":159,"href":"https:\/\/spirits-import.de\/es\/wp-json\/wp\/v2\/pages\/5\/revisions\/159"}],"wp:attachment":[{"href":"https:\/\/spirits-import.de\/es\/wp-json\/wp\/v2\/media?parent=5"}],"curies":[{"name":"wp","href":"https:\/\/api.w.org\/{rel}","templated":true}]}}