{"id":392,"date":"2022-02-24T10:03:03","date_gmt":"2022-02-24T09:03:03","guid":{"rendered":"https:\/\/spirits-import.de\/?page_id=392"},"modified":"2022-02-24T10:03:03","modified_gmt":"2022-02-24T09:03:03","slug":"aperitif-le-cerisier","status":"publish","type":"page","link":"https:\/\/spirits-import.de\/es\/fachhandel\/distillerie-la-salamandre\/aperitif-le-cerisier\/","title":{"rendered":"Ap\u00e9ritif Le Cerisier"},"content":{"rendered":"\n<p>Ap\u00e9ritif Le Cerisier stammt aus der franz\u00f6sischen Distillerie La Salamandre in der s\u00fcdwestlichen Region P\u00e9rigord. Im eigentlichen Sinne handelt sich um einen Lik\u00f6r auf Basis von Kirschsaft mit dem f\u00fcr eine Spirituose geringstm\u00f6glichen Alkoholgehalt von 15% vol. Seine handwerkliche Herstellung und sein einzigartiger, fruchtiger Geschmack wurde 2020 in <a rel=\"noreferrer noopener\" href=\"https:\/\/palmares.concours-general-agricole.fr\/produits\/2220393-1767\" target=\"_blank\">Paris bei der Concours Gen\u00e9ral mit einer Silbermedaille<\/a> ausgezeichnet. Der Kirschlik\u00f6r aus dem P\u00e9rigord wei\u00df als klassischer Ap\u00e9ritif pur genauso zu \u00fcberzeugen, wie als Beigabe zum Dessert in einer Roten Gr\u00fctze, \u00fcber Vanilleeis oder in einer saftigen Kirschtorte.<\/p>\n\n\n\n<div class=\"wp-block-image\"><figure class=\"alignright size-full is-resized\"><img loading=\"lazy\" decoding=\"async\" src=\"https:\/\/spirits-import.de\/wp-content\/uploads\/2022\/02\/Aperitif_la_Cerisier_Small.png\" alt=\"\" class=\"wp-image-472\" width=\"191\" height=\"610\" srcset=\"https:\/\/spirits-import.de\/wp-content\/uploads\/2022\/02\/Aperitif_la_Cerisier_Small.png 313w, https:\/\/spirits-import.de\/wp-content\/uploads\/2022\/02\/Aperitif_la_Cerisier_Small-94x300.png 94w\" sizes=\"auto, (max-width: 191px) 100vw, 191px\" \/><\/figure><\/div>\n\n\n\n<p>In der Distillerie La Salamandre wird der Ap\u00e9ritif Le Cerisier mit handwerklichem Geschick und nach traditioneller Rezeptur hergestellt. Seinen einzigartigen Geschmack und die harmonische Textur verdankt der Lik\u00f6r den ausgew\u00e4hlten Zutaten, unter denen die sonnengereiften Kirschen nat\u00fcrlich die Wichtigste darstellt. Geschmacklich ausbalanciert zwischen dem Aroma s\u00fc\u00dfer Kirschen und einer feinen S\u00e4ure eignet sich der Ap\u00e9ritif Le Cerisier ganz hervorragend f\u00fcr den Beginn eines besonderen Men\u00fcs. In der K\u00fcche ist Ap\u00e9ritif Le Cerisier nat\u00fcrlicher Partner fruchtiger S\u00fc\u00dfspeisen und Desserts.<\/p>\n\n\n\n<p>F\u00fcr die Lagerung von Ap\u00e9ritif Le Cerisier wird ein dunkler, k\u00fchler Ort empfohlen. Wichtig ist der Schutz vor Sonneneinstrahlung und W\u00e4rmequellen, da diese die Qualit\u00e4t und den Geschmack negativ beeinflussen. Nach dem \u00d6ffnen sollte der Ap\u00e9ritif gek\u00fchlt aufbewahrt und innerhalb von 6 Wochen aufgebraucht werden. Die Lagerung und Aufbewahrung sollten stehend erfolgen. Geringf\u00fcgige Ausflockungen am Boden der Flasche sind ein Qualit\u00e4tsmerkmal und zeugen vom Einsatz nat\u00fcrlicher Zutaten. Diese stellen keine Minderung der Qualit\u00e4t dar.<\/p>\n","protected":false},"excerpt":{"rendered":"<p>Ap\u00e9ritif Le Cerisier stammt aus der franz\u00f6sischen Distillerie La Salamandre in der s\u00fcdwestlichen Region P\u00e9rigord. Im eigentlichen Sinne handelt sich um einen Lik\u00f6r auf Basis von Kirschsaft mit dem f\u00fcr eine Spirituose geringstm\u00f6glichen Alkoholgehalt von 15% vol. Seine handwerkliche Herstellung und sein einzigartiger, fruchtiger Geschmack wurde 2020 in Paris bei der Concours Gen\u00e9ral mit einer&hellip; <a class=\"more-link\" href=\"https:\/\/spirits-import.de\/es\/fachhandel\/distillerie-la-salamandre\/aperitif-le-cerisier\/\">Continue reading <span class=\"screen-reader-text\">Ap\u00e9ritif Le Cerisier<\/span><\/a><\/p>\n","protected":false},"author":1,"featured_media":0,"parent":384,"menu_order":2,"comment_status":"closed","ping_status":"closed","template":"","meta":{"footnotes":""},"class_list":["post-392","page","type-page","status-publish","hentry","entry"],"translation":{"provider":"WPGlobus","version":"3.0.2","language":"es","enabled_languages":["de","en","es","fr","it","nl"],"languages":{"de":{"title":true,"content":true,"excerpt":false},"en":{"title":false,"content":false,"excerpt":false},"es":{"title":false,"content":false,"excerpt":false},"fr":{"title":false,"content":false,"excerpt":false},"it":{"title":false,"content":false,"excerpt":false},"nl":{"title":false,"content":false,"excerpt":false}}},"_links":{"self":[{"href":"https:\/\/spirits-import.de\/es\/wp-json\/wp\/v2\/pages\/392","targetHints":{"allow":["GET"]}}],"collection":[{"href":"https:\/\/spirits-import.de\/es\/wp-json\/wp\/v2\/pages"}],"about":[{"href":"https:\/\/spirits-import.de\/es\/wp-json\/wp\/v2\/types\/page"}],"author":[{"embeddable":true,"href":"https:\/\/spirits-import.de\/es\/wp-json\/wp\/v2\/users\/1"}],"replies":[{"embeddable":true,"href":"https:\/\/spirits-import.de\/es\/wp-json\/wp\/v2\/comments?post=392"}],"version-history":[{"count":2,"href":"https:\/\/spirits-import.de\/es\/wp-json\/wp\/v2\/pages\/392\/revisions"}],"predecessor-version":[{"id":473,"href":"https:\/\/spirits-import.de\/es\/wp-json\/wp\/v2\/pages\/392\/revisions\/473"}],"up":[{"embeddable":true,"href":"https:\/\/spirits-import.de\/es\/wp-json\/wp\/v2\/pages\/384"}],"wp:attachment":[{"href":"https:\/\/spirits-import.de\/es\/wp-json\/wp\/v2\/media?parent=392"}],"curies":[{"name":"wp","href":"https:\/\/api.w.org\/{rel}","templated":true}]}}