{"id":258,"date":"2021-10-13T16:09:09","date_gmt":"2021-10-13T14:09:09","guid":{"rendered":"https:\/\/spirits-import.de\/?page_id=258"},"modified":"2023-03-29T13:48:11","modified_gmt":"2023-03-29T11:48:11","slug":"genepi-lancienne-bilder","status":"publish","type":"page","link":"https:\/\/spirits-import.de\/es\/medien\/medienuebersicht-distillerie-des-alpes\/genepi-lancienne-bilder\/","title":{"rendered":"G\u00e9n\u00e9pi l\u2019Ancienne Bilder"},"content":{"rendered":"\n<p>Breite Bilder der Flasche, ideal f\u00fcr Shops &#8211; vorne und hinten<br>Aufl\u00f6sung: 1993 x 3000 Pixel<\/p>\n\n\n\n<div class=\"wp-block-columns is-layout-flex wp-container-core-columns-is-layout-9d6595d7 wp-block-columns-is-layout-flex\">\n<div class=\"wp-block-column is-layout-flow wp-block-column-is-layout-flow\">\n<figure class=\"wp-block-image size-large\"><a href=\"https:\/\/spirits-import.de\/wp-content\/uploads\/2023\/03\/Genepi_new_front.png\"><img loading=\"lazy\" decoding=\"async\" width=\"680\" height=\"1024\" src=\"https:\/\/spirits-import.de\/wp-content\/uploads\/2023\/03\/Genepi_new_front-680x1024.png\" alt=\"\" class=\"wp-image-773\" srcset=\"https:\/\/spirits-import.de\/wp-content\/uploads\/2023\/03\/Genepi_new_front-680x1024.png 680w, https:\/\/spirits-import.de\/wp-content\/uploads\/2023\/03\/Genepi_new_front-199x300.png 199w, https:\/\/spirits-import.de\/wp-content\/uploads\/2023\/03\/Genepi_new_front-768x1156.png 768w, https:\/\/spirits-import.de\/wp-content\/uploads\/2023\/03\/Genepi_new_front-1020x1536.png 1020w, https:\/\/spirits-import.de\/wp-content\/uploads\/2023\/03\/Genepi_new_front-1361x2048.png 1361w, https:\/\/spirits-import.de\/wp-content\/uploads\/2023\/03\/Genepi_new_front-1568x2360.png 1568w, https:\/\/spirits-import.de\/wp-content\/uploads\/2023\/03\/Genepi_new_front.png 1993w\" sizes=\"auto, (max-width: 680px) 100vw, 680px\" \/><\/a><figcaption class=\"wp-element-caption\"><a href=\"https:\/\/spirits-import.de\/wp-content\/uploads\/2023\/03\/Genepi_new_front.png\" data-type=\"attachment\" data-id=\"773\">Genepi Front<\/a><\/figcaption><\/figure>\n<\/div>\n\n\n\n<div class=\"wp-block-column is-layout-flow wp-block-column-is-layout-flow\">\n<figure class=\"wp-block-image size-large\"><a href=\"https:\/\/spirits-import.de\/wp-content\/uploads\/2023\/03\/Genepi_new_back.png\"><img loading=\"lazy\" decoding=\"async\" width=\"680\" height=\"1024\" src=\"https:\/\/spirits-import.de\/wp-content\/uploads\/2023\/03\/Genepi_new_back-680x1024.png\" alt=\"\" class=\"wp-image-774\" srcset=\"https:\/\/spirits-import.de\/wp-content\/uploads\/2023\/03\/Genepi_new_back-680x1024.png 680w, https:\/\/spirits-import.de\/wp-content\/uploads\/2023\/03\/Genepi_new_back-199x300.png 199w, https:\/\/spirits-import.de\/wp-content\/uploads\/2023\/03\/Genepi_new_back-768x1156.png 768w, https:\/\/spirits-import.de\/wp-content\/uploads\/2023\/03\/Genepi_new_back-1020x1536.png 1020w, https:\/\/spirits-import.de\/wp-content\/uploads\/2023\/03\/Genepi_new_back-1361x2048.png 1361w, https:\/\/spirits-import.de\/wp-content\/uploads\/2023\/03\/Genepi_new_back-1568x2360.png 1568w, https:\/\/spirits-import.de\/wp-content\/uploads\/2023\/03\/Genepi_new_back.png 1993w\" sizes=\"auto, (max-width: 680px) 100vw, 680px\" \/><\/a><figcaption class=\"wp-element-caption\"><a href=\"https:\/\/spirits-import.de\/wp-content\/uploads\/2023\/03\/Genepi_new_back.png\" data-type=\"attachment\" data-id=\"774\">Genepi Back<\/a><\/figcaption><\/figure>\n<\/div>\n<\/div>\n\n\n\n<hr class=\"wp-block-separator has-css-opacity\"\/>\n\n\n\n<p>Schmale Bilder der Flasche, vorne und hinten <br>Aufl\u00f6sung: 1060 x 1300 Pixel<\/p>\n\n\n\n<div class=\"wp-block-columns is-layout-flex wp-container-core-columns-is-layout-9d6595d7 wp-block-columns-is-layout-flex\">\n<div class=\"wp-block-column is-layout-flow wp-block-column-is-layout-flow\">\n<figure class=\"wp-block-image size-large is-resized\"><a href=\"https:\/\/spirits-import.de\/wp-content\/uploads\/2023\/03\/Genepi_new_front_small.png\"><img loading=\"lazy\" decoding=\"async\" src=\"https:\/\/spirits-import.de\/wp-content\/uploads\/2023\/03\/Genepi_new_front_small-402x1024.png\" alt=\"\" class=\"wp-image-772\" width=\"184\" height=\"467\"\/><\/a><figcaption class=\"wp-element-caption\"><a href=\"https:\/\/spirits-import.de\/wp-content\/uploads\/2023\/03\/Genepi_new_front_small.png\" data-type=\"attachment\" data-id=\"772\">Genepi Small Front<\/a><\/figcaption><\/figure>\n<\/div>\n\n\n\n<div class=\"wp-block-column is-layout-flow wp-block-column-is-layout-flow\">\n<figure class=\"wp-block-image size-large is-resized\"><a href=\"https:\/\/spirits-import.de\/wp-content\/uploads\/2023\/03\/Genepi_new_back_small.png\"><img loading=\"lazy\" decoding=\"async\" src=\"https:\/\/spirits-import.de\/wp-content\/uploads\/2023\/03\/Genepi_new_back_small-402x1024.png\" alt=\"\" class=\"wp-image-769\" width=\"184\" height=\"468\" srcset=\"https:\/\/spirits-import.de\/wp-content\/uploads\/2023\/03\/Genepi_new_back_small-402x1024.png 402w, https:\/\/spirits-import.de\/wp-content\/uploads\/2023\/03\/Genepi_new_back_small-118x300.png 118w, https:\/\/spirits-import.de\/wp-content\/uploads\/2023\/03\/Genepi_new_back_small-768x1956.png 768w, https:\/\/spirits-import.de\/wp-content\/uploads\/2023\/03\/Genepi_new_back_small-603x1536.png 603w, https:\/\/spirits-import.de\/wp-content\/uploads\/2023\/03\/Genepi_new_back_small-804x2048.png 804w, https:\/\/spirits-import.de\/wp-content\/uploads\/2023\/03\/Genepi_new_back_small.png 1178w\" sizes=\"auto, (max-width: 184px) 100vw, 184px\" \/><\/a><figcaption class=\"wp-element-caption\"><a href=\"https:\/\/spirits-import.de\/wp-content\/uploads\/2023\/03\/Genepi_new_back_small.png\" data-type=\"attachment\" data-id=\"769\">Genepi Small Back<\/a><\/figcaption><\/figure>\n<\/div>\n<\/div>\n","protected":false},"excerpt":{"rendered":"<p>Breite Bilder der Flasche, ideal f\u00fcr Shops &#8211; vorne und hintenAufl\u00f6sung: 1993 x 3000 Pixel Schmale Bilder der Flasche, vorne und hinten Aufl\u00f6sung: 1060 x 1300 Pixel<\/p>\n","protected":false},"author":1,"featured_media":0,"parent":270,"menu_order":1,"comment_status":"closed","ping_status":"closed","template":"","meta":{"footnotes":""},"class_list":["post-258","page","type-page","status-publish","hentry","entry"],"translation":{"provider":"WPGlobus","version":"3.0.2","language":"es","enabled_languages":["de","en","es","fr","it","nl"],"languages":{"de":{"title":true,"content":true,"excerpt":false},"en":{"title":false,"content":false,"excerpt":false},"es":{"title":false,"content":false,"excerpt":false},"fr":{"title":false,"content":false,"excerpt":false},"it":{"title":false,"content":false,"excerpt":false},"nl":{"title":false,"content":false,"excerpt":false}}},"_links":{"self":[{"href":"https:\/\/spirits-import.de\/es\/wp-json\/wp\/v2\/pages\/258","targetHints":{"allow":["GET"]}}],"collection":[{"href":"https:\/\/spirits-import.de\/es\/wp-json\/wp\/v2\/pages"}],"about":[{"href":"https:\/\/spirits-import.de\/es\/wp-json\/wp\/v2\/types\/page"}],"author":[{"embeddable":true,"href":"https:\/\/spirits-import.de\/es\/wp-json\/wp\/v2\/users\/1"}],"replies":[{"embeddable":true,"href":"https:\/\/spirits-import.de\/es\/wp-json\/wp\/v2\/comments?post=258"}],"version-history":[{"count":7,"href":"https:\/\/spirits-import.de\/es\/wp-json\/wp\/v2\/pages\/258\/revisions"}],"predecessor-version":[{"id":779,"href":"https:\/\/spirits-import.de\/es\/wp-json\/wp\/v2\/pages\/258\/revisions\/779"}],"up":[{"embeddable":true,"href":"https:\/\/spirits-import.de\/es\/wp-json\/wp\/v2\/pages\/270"}],"wp:attachment":[{"href":"https:\/\/spirits-import.de\/es\/wp-json\/wp\/v2\/media?parent=258"}],"curies":[{"name":"wp","href":"https:\/\/api.w.org\/{rel}","templated":true}]}}