{"id":252,"date":"2021-10-13T16:09:31","date_gmt":"2021-10-13T14:09:31","guid":{"rendered":"https:\/\/spirits-import.de\/?page_id=252"},"modified":"2021-10-13T16:09:53","modified_gmt":"2021-10-13T14:09:53","slug":"pastis-des-alpes-bilder","status":"publish","type":"page","link":"https:\/\/spirits-import.de\/es\/medien\/medienuebersicht-distillerie-des-alpes\/pastis-des-alpes-bilder\/","title":{"rendered":"Pastis des Alpes Bilder"},"content":{"rendered":"\n<p>Breite Bilder der Flasche, ideal f\u00fcr Shops &#8211; vorne und hinten<br>Aufl\u00f6sung 1993 x 3000 Pixel<\/p>\n\n\n\n<figure class=\"wp-block-gallery columns-2 is-cropped wp-block-gallery-1 is-layout-flex wp-block-gallery-is-layout-flex\"><ul class=\"blocks-gallery-grid\"><li class=\"blocks-gallery-item\"><figure><img loading=\"lazy\" decoding=\"async\" width=\"680\" height=\"1024\" src=\"https:\/\/spirits-import.de\/wp-content\/uploads\/2021\/10\/Pastis_front-680x1024.png\" alt=\"\" data-id=\"244\" data-full-url=\"https:\/\/spirits-import.de\/wp-content\/uploads\/2021\/10\/Pastis_front.png\" data-link=\"https:\/\/spirits-import.de\/pastis_front\/\" class=\"wp-image-244\" srcset=\"https:\/\/spirits-import.de\/wp-content\/uploads\/2021\/10\/Pastis_front-680x1024.png 680w, https:\/\/spirits-import.de\/wp-content\/uploads\/2021\/10\/Pastis_front-199x300.png 199w, https:\/\/spirits-import.de\/wp-content\/uploads\/2021\/10\/Pastis_front-768x1156.png 768w, https:\/\/spirits-import.de\/wp-content\/uploads\/2021\/10\/Pastis_front-1020x1536.png 1020w, https:\/\/spirits-import.de\/wp-content\/uploads\/2021\/10\/Pastis_front-1361x2048.png 1361w, https:\/\/spirits-import.de\/wp-content\/uploads\/2021\/10\/Pastis_front-1568x2360.png 1568w, https:\/\/spirits-import.de\/wp-content\/uploads\/2021\/10\/Pastis_front.png 1993w\" sizes=\"auto, (max-width: 680px) 100vw, 680px\" \/><figcaption class=\"blocks-gallery-item__caption\"><a href=\"https:\/\/spirits-import.de\/wp-content\/uploads\/2021\/10\/Pastis_front.png\" data-type=\"URL\" data-id=\"https:\/\/spirits-import.de\/wp-content\/uploads\/2021\/10\/Pastis_front.png\" target=\"_blank\" rel=\"noreferrer noopener\">Pastis Front<\/a><\/figcaption><\/figure><\/li><li class=\"blocks-gallery-item\"><figure><img loading=\"lazy\" decoding=\"async\" width=\"680\" height=\"1024\" src=\"https:\/\/spirits-import.de\/wp-content\/uploads\/2021\/10\/Pastis_back-680x1024.png\" alt=\"\" data-id=\"243\" data-full-url=\"https:\/\/spirits-import.de\/wp-content\/uploads\/2021\/10\/Pastis_back.png\" data-link=\"https:\/\/spirits-import.de\/pastis_back\/\" class=\"wp-image-243\" srcset=\"https:\/\/spirits-import.de\/wp-content\/uploads\/2021\/10\/Pastis_back-680x1024.png 680w, https:\/\/spirits-import.de\/wp-content\/uploads\/2021\/10\/Pastis_back-199x300.png 199w, https:\/\/spirits-import.de\/wp-content\/uploads\/2021\/10\/Pastis_back-768x1156.png 768w, https:\/\/spirits-import.de\/wp-content\/uploads\/2021\/10\/Pastis_back-1020x1536.png 1020w, https:\/\/spirits-import.de\/wp-content\/uploads\/2021\/10\/Pastis_back-1361x2048.png 1361w, https:\/\/spirits-import.de\/wp-content\/uploads\/2021\/10\/Pastis_back-1568x2360.png 1568w, https:\/\/spirits-import.de\/wp-content\/uploads\/2021\/10\/Pastis_back.png 1993w\" sizes=\"auto, (max-width: 680px) 100vw, 680px\" \/><figcaption class=\"blocks-gallery-item__caption\"><a href=\"https:\/\/spirits-import.de\/wp-content\/uploads\/2021\/10\/Pastis_back.png\" target=\"_blank\" rel=\"noreferrer noopener\">Pastis Back<\/a><\/figcaption><\/figure><\/li><\/ul><\/figure>\n\n\n\n<hr class=\"wp-block-separator alignfull\"\/>\n\n\n\n<p>Schmale Bilder der Flasche, vorne und hinten<br>Aufl\u00f6sung 1060 x 1300 Pixel<\/p>\n\n\n\n<figure class=\"wp-block-gallery columns-2 is-cropped wp-block-gallery-2 is-layout-flex wp-block-gallery-is-layout-flex\"><ul class=\"blocks-gallery-grid\"><li class=\"blocks-gallery-item\"><figure><img loading=\"lazy\" decoding=\"async\" width=\"362\" height=\"1024\" src=\"https:\/\/spirits-import.de\/wp-content\/uploads\/2021\/10\/Pastis_front_small-362x1024.png\" alt=\"\" data-id=\"239\" data-full-url=\"https:\/\/spirits-import.de\/wp-content\/uploads\/2021\/10\/Pastis_front_small.png\" data-link=\"https:\/\/spirits-import.de\/?attachment_id=239\" class=\"wp-image-239\" srcset=\"https:\/\/spirits-import.de\/wp-content\/uploads\/2021\/10\/Pastis_front_small-362x1024.png 362w, https:\/\/spirits-import.de\/wp-content\/uploads\/2021\/10\/Pastis_front_small-106x300.png 106w, https:\/\/spirits-import.de\/wp-content\/uploads\/2021\/10\/Pastis_front_small-768x2174.png 768w, https:\/\/spirits-import.de\/wp-content\/uploads\/2021\/10\/Pastis_front_small-543x1536.png 543w, https:\/\/spirits-import.de\/wp-content\/uploads\/2021\/10\/Pastis_front_small-724x2048.png 724w, https:\/\/spirits-import.de\/wp-content\/uploads\/2021\/10\/Pastis_front_small.png 1060w\" sizes=\"auto, (max-width: 362px) 100vw, 362px\" \/><figcaption class=\"blocks-gallery-item__caption\"><a href=\"https:\/\/spirits-import.de\/wp-content\/uploads\/2021\/10\/Pastis_front_small.png\" target=\"_blank\" rel=\"noreferrer noopener\">Pastis Front Small<\/a><\/figcaption><\/figure><\/li><li class=\"blocks-gallery-item\"><figure><img loading=\"lazy\" decoding=\"async\" width=\"362\" height=\"1024\" src=\"https:\/\/spirits-import.de\/wp-content\/uploads\/2021\/10\/Pastis_back_small-362x1024.png\" alt=\"\" data-id=\"248\" data-full-url=\"https:\/\/spirits-import.de\/wp-content\/uploads\/2021\/10\/Pastis_back_small.png\" data-link=\"https:\/\/spirits-import.de\/pastis_back_small\/\" class=\"wp-image-248\" srcset=\"https:\/\/spirits-import.de\/wp-content\/uploads\/2021\/10\/Pastis_back_small-362x1024.png 362w, https:\/\/spirits-import.de\/wp-content\/uploads\/2021\/10\/Pastis_back_small-106x300.png 106w, https:\/\/spirits-import.de\/wp-content\/uploads\/2021\/10\/Pastis_back_small-768x2174.png 768w, https:\/\/spirits-import.de\/wp-content\/uploads\/2021\/10\/Pastis_back_small-543x1536.png 543w, https:\/\/spirits-import.de\/wp-content\/uploads\/2021\/10\/Pastis_back_small-724x2048.png 724w, https:\/\/spirits-import.de\/wp-content\/uploads\/2021\/10\/Pastis_back_small.png 1060w\" sizes=\"auto, (max-width: 362px) 100vw, 362px\" \/><figcaption class=\"blocks-gallery-item__caption\"><a href=\"https:\/\/spirits-import.de\/wp-content\/uploads\/2021\/10\/Pastis_back_small.png\" target=\"_blank\" rel=\"noreferrer noopener\">Pastis Back Small<\/a><\/figcaption><\/figure><\/li><\/ul><\/figure>\n\n\n\n<p><\/p>\n","protected":false},"excerpt":{"rendered":"<p>Breite Bilder der Flasche, ideal f\u00fcr Shops &#8211; vorne und hintenAufl\u00f6sung 1993 x 3000 Pixel Schmale Bilder der Flasche, vorne und hintenAufl\u00f6sung 1060 x 1300 Pixel<\/p>\n","protected":false},"author":1,"featured_media":0,"parent":270,"menu_order":0,"comment_status":"closed","ping_status":"closed","template":"","meta":{"footnotes":""},"class_list":["post-252","page","type-page","status-publish","hentry","entry"],"translation":{"provider":"WPGlobus","version":"3.0.2","language":"es","enabled_languages":["de","en","es","fr","it","nl"],"languages":{"de":{"title":true,"content":true,"excerpt":false},"en":{"title":false,"content":false,"excerpt":false},"es":{"title":false,"content":false,"excerpt":false},"fr":{"title":false,"content":false,"excerpt":false},"it":{"title":false,"content":false,"excerpt":false},"nl":{"title":false,"content":false,"excerpt":false}}},"_links":{"self":[{"href":"https:\/\/spirits-import.de\/es\/wp-json\/wp\/v2\/pages\/252","targetHints":{"allow":["GET"]}}],"collection":[{"href":"https:\/\/spirits-import.de\/es\/wp-json\/wp\/v2\/pages"}],"about":[{"href":"https:\/\/spirits-import.de\/es\/wp-json\/wp\/v2\/types\/page"}],"author":[{"embeddable":true,"href":"https:\/\/spirits-import.de\/es\/wp-json\/wp\/v2\/users\/1"}],"replies":[{"embeddable":true,"href":"https:\/\/spirits-import.de\/es\/wp-json\/wp\/v2\/comments?post=252"}],"version-history":[{"count":8,"href":"https:\/\/spirits-import.de\/es\/wp-json\/wp\/v2\/pages\/252\/revisions"}],"predecessor-version":[{"id":265,"href":"https:\/\/spirits-import.de\/es\/wp-json\/wp\/v2\/pages\/252\/revisions\/265"}],"up":[{"embeddable":true,"href":"https:\/\/spirits-import.de\/es\/wp-json\/wp\/v2\/pages\/270"}],"wp:attachment":[{"href":"https:\/\/spirits-import.de\/es\/wp-json\/wp\/v2\/media?parent=252"}],"curies":[{"name":"wp","href":"https:\/\/api.w.org\/{rel}","templated":true}]}}