{"id":23,"date":"2021-01-25T14:25:43","date_gmt":"2021-01-25T13:25:43","guid":{"rendered":"http:\/\/spirits-import.de\/wordpress\/?page_id=23"},"modified":"2026-02-11T09:26:54","modified_gmt":"2026-02-11T08:26:54","slug":"impressum","status":"publish","type":"page","link":"https:\/\/spirits-import.de\/es\/impressum\/","title":{"rendered":"Pie de imprenta"},"content":{"rendered":"\n<h2 class=\"wp-block-heading\">Spirits Import GmbH<\/h2>\n\n\n\n<p>Neidenburger Stra\u00dfe 21<br>28207 Bremen<br>Alemania<\/p>\n\n\n\n<p>Correo: info@spirits-import.de<br>Tel\u00e9fono: +49 421 43 77 49 43 <\/p>\n\n\n\n<p>Tribunal de registro: Amtsgericht Bremen (Tribunal Local de Bremen)<br>N\u00famero de registro: HRB 36251 HB<br>Director general: Torben Altvater<\/p>\n\n\n\n<p>N\u00famero de identificaci\u00f3n del impuesto sobre la venta seg\u00fan la ley del impuesto sobre la venta \u00a727a: DE338256373<\/p>\n\n\n\n<p>Spirits Import est\u00e1 certificada como ecol\u00f3gica:<br>DE-\u00d6KO-037<\/p>\n\n\n\n<p>Plataforma de la Comisi\u00f3n Europea para la resoluci\u00f3n de litigios en l\u00ednea:<br><a href=\"https:\/\/ec.europa.eu\/consumers\/odr\" target=\"_blank\" rel=\"noreferrer noopener\">https:\/\/ec.europa.eu\/consumers\/odr<\/a><br>No estamos obligados ni dispuestos a participar en un procedimiento de resoluci\u00f3n de conflictos ante una junta de arbitraje de consumo.<\/p>\n\n\n\n<p>Responsable en el sentido del art\u00edculo 18 Abs. 2 MStV:<\/p>\n\n\n\n<p>Torben Altvater<br>Neidenburger Stra\u00dfe 21<br>28207 Bremen<br>Alemania<\/p>\n","protected":false},"excerpt":{"rendered":"<p>Spirits Import GmbH Neidenburger Stra\u00dfe 2128207 BremenAlemania Correo: info@spirits-import.deTel\u00e9fono: +49 421 43 77 49 43 Tribunal de registro: Amtsgericht Bremen (Tribunal Local de Bremen)N\u00famero de registro: HRB 36251 HBDirector general: Torben Altvater N\u00famero de identificaci\u00f3n del impuesto sobre la venta seg\u00fan la ley del impuesto sobre la venta \u00a727a: DE338256373 Spirits Import est\u00e1 certificada como&hellip; <a class=\"more-link\" href=\"https:\/\/spirits-import.de\/es\/impressum\/\">Continue reading <span class=\"screen-reader-text\">Pie de imprenta<\/span><\/a><\/p>\n","protected":false},"author":1,"featured_media":0,"parent":0,"menu_order":2,"comment_status":"closed","ping_status":"closed","template":"","meta":{"footnotes":""},"class_list":["post-23","page","type-page","status-publish","hentry","entry"],"translation":{"provider":"WPGlobus","version":"3.0.2","language":"es","enabled_languages":["de","en","es","fr","it","nl"],"languages":{"de":{"title":true,"content":true,"excerpt":false},"en":{"title":true,"content":true,"excerpt":false},"es":{"title":true,"content":true,"excerpt":false},"fr":{"title":true,"content":true,"excerpt":false},"it":{"title":true,"content":true,"excerpt":false},"nl":{"title":true,"content":true,"excerpt":false}}},"_links":{"self":[{"href":"https:\/\/spirits-import.de\/es\/wp-json\/wp\/v2\/pages\/23","targetHints":{"allow":["GET"]}}],"collection":[{"href":"https:\/\/spirits-import.de\/es\/wp-json\/wp\/v2\/pages"}],"about":[{"href":"https:\/\/spirits-import.de\/es\/wp-json\/wp\/v2\/types\/page"}],"author":[{"embeddable":true,"href":"https:\/\/spirits-import.de\/es\/wp-json\/wp\/v2\/users\/1"}],"replies":[{"embeddable":true,"href":"https:\/\/spirits-import.de\/es\/wp-json\/wp\/v2\/comments?post=23"}],"version-history":[{"count":43,"href":"https:\/\/spirits-import.de\/es\/wp-json\/wp\/v2\/pages\/23\/revisions"}],"predecessor-version":[{"id":1256,"href":"https:\/\/spirits-import.de\/es\/wp-json\/wp\/v2\/pages\/23\/revisions\/1256"}],"wp:attachment":[{"href":"https:\/\/spirits-import.de\/es\/wp-json\/wp\/v2\/media?parent=23"}],"curies":[{"name":"wp","href":"https:\/\/api.w.org\/{rel}","templated":true}]}}