{"id":782,"date":"2023-10-12T09:47:41","date_gmt":"2023-10-12T07:47:41","guid":{"rendered":"https:\/\/spirits-import.de\/?page_id=782"},"modified":"2023-10-12T09:47:41","modified_gmt":"2023-10-12T07:47:41","slug":"hauts-de-montrouge","status":"publish","type":"page","link":"https:\/\/spirits-import.de\/en\/fachhandel\/hauts-de-montrouge\/","title":{"rendered":"Hauts de Montrouge"},"content":{"rendered":"\n<h2 class=\"wp-block-heading\">Genuss f\u00fcr den Gaumen: Pflaumen in Armagnac<\/h2>\n\n\n\n<p>In einem kompakten 0,04-Liter-Glas mit einem praktischen Twist-Off-Deckel erwartet Sie eine exklusive Delikatesse: Pflaumen in Armagnac mit einem Alkoholgehalt von 16% vol. Diese erlesenen Pflaumen stammen aus der Region d&#8217;Agen, die seit dem 11. Jahrhundert f\u00fcr den Anbau dieser k\u00f6stlichen Fr\u00fcchte bekannt ist.<\/p>\n\n\n\n<p>Die Pflaumen d&#8217;Agen sind eine gesch\u00fctzte geografische Angabe, und die Umgebung um die Stadt ist von ausgedehnten Plantagen mit Pflaumenb\u00e4umen gepr\u00e4gt. Die Geschichte dieser Frucht reicht bis in die Zeit der Kreuzz\u00fcge zur\u00fcck, als sie von den Kreuzrittern aus dem Nahen Osten nach Frankreich gebracht wurde. Die M\u00f6nche im nahe gelegenen Lot Tal k\u00f6nnten die ersten gewesen sein, die diese Pflaumen trockneten und als D\u00f6rrobst verkauften. Heute werden j\u00e4hrlich etwa 35.000 Tonnen D\u00f6rrpflaumen in verschiedenen Manufakturen in Agen verarbeitet.<\/p>\n\n\n\n<p>Das Besondere an diesen Pflaumen in Armagnac ist ihre einzigartige Herstellung. Die leicht getrockneten Pflaumen werden in schmackhaftem Bas-Armagnac eingelegt, der einen Alkoholgehalt von 40% vol. aufweist. Dadurch entsteht eine harmonische Verbindung zwischen der intensiven Fruchtigkeit der Pflaumen und der Tiefe des Armagnacs. Jedes Glas wiegt circa 97 Gramm, inklusive der circa 38 Gramm Pflaumen.<\/p>\n\n\n\n<p>In einem Umkarton mit insgesamt 96 Gl\u00e4sern finden Sie 8 Trays aus Karton, jeweils mit 12 Gl\u00e4sern. Diese Pflaumen in Armagnac sind ein beliebter Genuss zu jeder Gelegenheit. Der Geschmack der Pflaumen wird durch die leichte Antrocknung bewahrt und durch eine Prise Armagnac verfeinert und leicht ges\u00fc\u00dft.<\/p>\n\n\n\n<p>Traditionell werden diese K\u00f6stlichkeiten am Ende einer Mahlzeit mit K\u00e4se genossen und lassen sich ganz einfach mit einem Zahnstocher verzehren. Doch sie sind auch vielseitig in der K\u00fcche einsetzbar und eignen sich hervorragend zur Zubereitung s\u00fc\u00dfer oder herzhafter Gerichte.<\/p>\n\n\n\n<p>In Deutschland sind Pflaumen in Armagnac ein Klassiker zur Weihnachtszeit. Die kleinen Gl\u00e4schen werden leicht erw\u00e4rmt und offen serviert. Je nach Wunsch k\u00f6nnen sie mit Sahne und Schokostreuseln oder -so\u00dfe verfeinert werden. Dabei wird zuerst die Pflaume genossen, und anschlie\u00dfend kann der vollmundige Armagnac aus dem Glas getrunken werden.<\/p>\n\n\n\n<p>Pflaumen in Armagnac sind ein wahres Fest f\u00fcr anspruchsvolle Gaumen und ein Symbol f\u00fcr h\u00f6chste Qualit\u00e4t und Tradition. G\u00f6nnen Sie sich oder Ihren Lieben dieses unvergessliche Geschmackserlebnis und entdecken Sie die einzigartige Verschmelzung von Pflaumen und Armagnac.<\/p>\n","protected":false},"excerpt":{"rendered":"<p>Genuss f\u00fcr den Gaumen: Pflaumen in Armagnac In einem kompakten 0,04-Liter-Glas mit einem praktischen Twist-Off-Deckel erwartet Sie eine exklusive Delikatesse: Pflaumen in Armagnac mit einem Alkoholgehalt von 16% vol. Diese erlesenen Pflaumen stammen aus der Region d&#8217;Agen, die seit dem 11. Jahrhundert f\u00fcr den Anbau dieser k\u00f6stlichen Fr\u00fcchte bekannt ist. Die Pflaumen d&#8217;Agen sind eine&hellip; <a class=\"more-link\" href=\"https:\/\/spirits-import.de\/en\/fachhandel\/hauts-de-montrouge\/\">Continue reading <span class=\"screen-reader-text\">Hauts de Montrouge<\/span><\/a><\/p>\n","protected":false},"author":1,"featured_media":0,"parent":69,"menu_order":5,"comment_status":"closed","ping_status":"closed","template":"","meta":{"footnotes":""},"class_list":["post-782","page","type-page","status-publish","hentry","entry"],"translation":{"provider":"WPGlobus","version":"3.0.2","language":"en","enabled_languages":["de","en","es","fr","it","nl"],"languages":{"de":{"title":true,"content":true,"excerpt":false},"en":{"title":false,"content":false,"excerpt":false},"es":{"title":false,"content":false,"excerpt":false},"fr":{"title":false,"content":false,"excerpt":false},"it":{"title":false,"content":false,"excerpt":false},"nl":{"title":false,"content":false,"excerpt":false}}},"_links":{"self":[{"href":"https:\/\/spirits-import.de\/en\/wp-json\/wp\/v2\/pages\/782","targetHints":{"allow":["GET"]}}],"collection":[{"href":"https:\/\/spirits-import.de\/en\/wp-json\/wp\/v2\/pages"}],"about":[{"href":"https:\/\/spirits-import.de\/en\/wp-json\/wp\/v2\/types\/page"}],"author":[{"embeddable":true,"href":"https:\/\/spirits-import.de\/en\/wp-json\/wp\/v2\/users\/1"}],"replies":[{"embeddable":true,"href":"https:\/\/spirits-import.de\/en\/wp-json\/wp\/v2\/comments?post=782"}],"version-history":[{"count":2,"href":"https:\/\/spirits-import.de\/en\/wp-json\/wp\/v2\/pages\/782\/revisions"}],"predecessor-version":[{"id":784,"href":"https:\/\/spirits-import.de\/en\/wp-json\/wp\/v2\/pages\/782\/revisions\/784"}],"up":[{"embeddable":true,"href":"https:\/\/spirits-import.de\/en\/wp-json\/wp\/v2\/pages\/69"}],"wp:attachment":[{"href":"https:\/\/spirits-import.de\/en\/wp-json\/wp\/v2\/media?parent=782"}],"curies":[{"name":"wp","href":"https:\/\/api.w.org\/{rel}","templated":true}]}}