{"id":1112,"date":"2024-09-09T11:32:58","date_gmt":"2024-09-09T09:32:58","guid":{"rendered":"https:\/\/spirits-import.de\/medien\/medienuebersicht-palombaro\/"},"modified":"2024-09-09T11:43:36","modified_gmt":"2024-09-09T09:43:36","slug":"medienuebersicht-palombaro","status":"publish","type":"page","link":"https:\/\/spirits-import.de\/en\/medien\/medienuebersicht-palombaro\/","title":{"rendered":"Medien\u00fcbersicht Palombaro"},"content":{"rendered":"\n<p>Breite Bilder der Flasche, ideal f\u00fcr Shops,<br>Aufl\u00f6sung 1993 x 3000 Pixel<\/p>\n\n\n\n<div class=\"wp-block-columns is-layout-flex wp-container-core-columns-is-layout-9d6595d7 wp-block-columns-is-layout-flex\">\n<div class=\"wp-block-column is-layout-flow wp-block-column-is-layout-flow\">\n<figure class=\"wp-block-image size-large is-resized\"><a href=\"https:\/\/spirits-import.de\/wp-content\/uploads\/2024\/09\/Palombaro_Genziana.png\"><img loading=\"lazy\" decoding=\"async\" width=\"660\" height=\"1024\" src=\"https:\/\/spirits-import.de\/wp-content\/uploads\/2024\/09\/Palombaro_Genziana-660x1024.png\" alt=\"\" class=\"wp-image-1115\" style=\"width:177px;height:auto\" srcset=\"https:\/\/spirits-import.de\/wp-content\/uploads\/2024\/09\/Palombaro_Genziana-660x1024.png 660w, https:\/\/spirits-import.de\/wp-content\/uploads\/2024\/09\/Palombaro_Genziana-193x300.png 193w, https:\/\/spirits-import.de\/wp-content\/uploads\/2024\/09\/Palombaro_Genziana-768x1192.png 768w, https:\/\/spirits-import.de\/wp-content\/uploads\/2024\/09\/Palombaro_Genziana-990x1536.png 990w, https:\/\/spirits-import.de\/wp-content\/uploads\/2024\/09\/Palombaro_Genziana-1319x2048.png 1319w, https:\/\/spirits-import.de\/wp-content\/uploads\/2024\/09\/Palombaro_Genziana.png 1353w\" sizes=\"auto, (max-width: 660px) 100vw, 660px\" \/><\/a><\/figure>\n\n\n\n<p class=\"has-text-align-center\"><a href=\"https:\/\/spirits-import.de\/wp-content\/uploads\/2024\/09\/Palombaro_Genziana.png\" data-type=\"attachment\" data-id=\"1115\">Genziana<\/a><\/p>\n<\/div>\n\n\n\n<div class=\"wp-block-column is-layout-flow wp-block-column-is-layout-flow\">\n<figure class=\"wp-block-image size-large\"><a href=\"https:\/\/spirits-import.de\/wp-content\/uploads\/2024\/09\/Palombaro_Limoncello.png\"><img loading=\"lazy\" decoding=\"async\" width=\"660\" height=\"1024\" src=\"https:\/\/spirits-import.de\/wp-content\/uploads\/2024\/09\/Palombaro_Limoncello-660x1024.png\" alt=\"\" class=\"wp-image-1116\" srcset=\"https:\/\/spirits-import.de\/wp-content\/uploads\/2024\/09\/Palombaro_Limoncello-660x1024.png 660w, https:\/\/spirits-import.de\/wp-content\/uploads\/2024\/09\/Palombaro_Limoncello-193x300.png 193w, https:\/\/spirits-import.de\/wp-content\/uploads\/2024\/09\/Palombaro_Limoncello-768x1192.png 768w, https:\/\/spirits-import.de\/wp-content\/uploads\/2024\/09\/Palombaro_Limoncello-990x1536.png 990w, https:\/\/spirits-import.de\/wp-content\/uploads\/2024\/09\/Palombaro_Limoncello-1319x2048.png 1319w, https:\/\/spirits-import.de\/wp-content\/uploads\/2024\/09\/Palombaro_Limoncello.png 1353w\" sizes=\"auto, (max-width: 660px) 100vw, 660px\" \/><\/a><\/figure>\n\n\n\n<p class=\"has-text-align-center\"><a href=\"https:\/\/spirits-import.de\/wp-content\/uploads\/2024\/09\/Palombaro_Limoncello.png\" data-type=\"attachment\" data-id=\"1116\">Limoncello<\/a><\/p>\n<\/div>\n\n\n\n<div class=\"wp-block-column is-layout-flow wp-block-column-is-layout-flow\">\n<figure class=\"wp-block-image size-large\"><a href=\"https:\/\/spirits-import.de\/wp-content\/uploads\/2024\/09\/Palombaro_Ratafia.png\"><img loading=\"lazy\" decoding=\"async\" width=\"660\" height=\"1024\" src=\"https:\/\/spirits-import.de\/wp-content\/uploads\/2024\/09\/Palombaro_Ratafia-660x1024.png\" alt=\"\" class=\"wp-image-1117\" srcset=\"https:\/\/spirits-import.de\/wp-content\/uploads\/2024\/09\/Palombaro_Ratafia-660x1024.png 660w, https:\/\/spirits-import.de\/wp-content\/uploads\/2024\/09\/Palombaro_Ratafia-193x300.png 193w, https:\/\/spirits-import.de\/wp-content\/uploads\/2024\/09\/Palombaro_Ratafia-768x1192.png 768w, https:\/\/spirits-import.de\/wp-content\/uploads\/2024\/09\/Palombaro_Ratafia-990x1536.png 990w, https:\/\/spirits-import.de\/wp-content\/uploads\/2024\/09\/Palombaro_Ratafia-1319x2048.png 1319w, https:\/\/spirits-import.de\/wp-content\/uploads\/2024\/09\/Palombaro_Ratafia.png 1353w\" sizes=\"auto, (max-width: 660px) 100vw, 660px\" \/><\/a><\/figure>\n\n\n\n<p class=\"has-text-align-center\"><a href=\"https:\/\/spirits-import.de\/wp-content\/uploads\/2024\/09\/Palombaro_Ratafia.png\" data-type=\"attachment\" data-id=\"1117\">Ratafia<\/a><\/p>\n<\/div>\n<\/div>\n\n\n\n<p>Schmale Bilder der Flasche, <br>Aufl\u00f6sung 814 x 3000 Pixel<\/p>\n\n\n\n<div class=\"wp-block-columns is-layout-flex wp-container-core-columns-is-layout-9d6595d7 wp-block-columns-is-layout-flex\">\n<div class=\"wp-block-column is-layout-flow wp-block-column-is-layout-flow\"><div class=\"wp-block-image\">\n<figure class=\"aligncenter size-large is-resized\"><a href=\"https:\/\/spirits-import.de\/wp-content\/uploads\/2024\/09\/Palombaro_Genziana_Small.png\"><img loading=\"lazy\" decoding=\"async\" width=\"453\" height=\"1024\" src=\"https:\/\/spirits-import.de\/wp-content\/uploads\/2024\/09\/Palombaro_Genziana_Small-453x1024.png\" alt=\"\" class=\"wp-image-1118\" style=\"width:123px;height:auto\" srcset=\"https:\/\/spirits-import.de\/wp-content\/uploads\/2024\/09\/Palombaro_Genziana_Small-453x1024.png 453w, https:\/\/spirits-import.de\/wp-content\/uploads\/2024\/09\/Palombaro_Genziana_Small-133x300.png 133w, https:\/\/spirits-import.de\/wp-content\/uploads\/2024\/09\/Palombaro_Genziana_Small-768x1738.png 768w, https:\/\/spirits-import.de\/wp-content\/uploads\/2024\/09\/Palombaro_Genziana_Small-679x1536.png 679w, https:\/\/spirits-import.de\/wp-content\/uploads\/2024\/09\/Palombaro_Genziana_Small.png 884w\" sizes=\"auto, (max-width: 453px) 100vw, 453px\" \/><\/a><\/figure>\n<\/div>\n\n\n<p class=\"has-text-align-center\"><a href=\"https:\/\/spirits-import.de\/wp-content\/uploads\/2024\/09\/Palombaro_Genziana_Small.png\" data-type=\"attachment\" data-id=\"1118\">Genziana Small<\/a><\/p>\n<\/div>\n\n\n\n<div class=\"wp-block-column is-layout-flow wp-block-column-is-layout-flow\"><div class=\"wp-block-image\">\n<figure class=\"aligncenter size-large is-resized\"><a href=\"https:\/\/spirits-import.de\/wp-content\/uploads\/2024\/09\/Palombaro_Limoncello_Small.png\"><img loading=\"lazy\" decoding=\"async\" width=\"453\" height=\"1024\" src=\"https:\/\/spirits-import.de\/wp-content\/uploads\/2024\/09\/Palombaro_Limoncello_Small-453x1024.png\" alt=\"\" class=\"wp-image-1119\" style=\"width:123px;height:auto\" srcset=\"https:\/\/spirits-import.de\/wp-content\/uploads\/2024\/09\/Palombaro_Limoncello_Small-453x1024.png 453w, https:\/\/spirits-import.de\/wp-content\/uploads\/2024\/09\/Palombaro_Limoncello_Small-133x300.png 133w, https:\/\/spirits-import.de\/wp-content\/uploads\/2024\/09\/Palombaro_Limoncello_Small-768x1738.png 768w, https:\/\/spirits-import.de\/wp-content\/uploads\/2024\/09\/Palombaro_Limoncello_Small-679x1536.png 679w, https:\/\/spirits-import.de\/wp-content\/uploads\/2024\/09\/Palombaro_Limoncello_Small.png 884w\" sizes=\"auto, (max-width: 453px) 100vw, 453px\" \/><\/a><\/figure>\n<\/div>\n\n\n<p class=\"has-text-align-center\"><a href=\"https:\/\/spirits-import.de\/wp-content\/uploads\/2024\/09\/Palombaro_Limoncello_Small.png\" data-type=\"attachment\" data-id=\"1119\">Limoncello Small<\/a><\/p>\n<\/div>\n\n\n\n<div class=\"wp-block-column is-layout-flow wp-block-column-is-layout-flow\"><div class=\"wp-block-image\">\n<figure class=\"aligncenter size-large is-resized\"><a href=\"https:\/\/spirits-import.de\/wp-content\/uploads\/2024\/09\/Palombaro_Ratafia_Small.png\"><img loading=\"lazy\" decoding=\"async\" width=\"453\" height=\"1024\" src=\"https:\/\/spirits-import.de\/wp-content\/uploads\/2024\/09\/Palombaro_Ratafia_Small-453x1024.png\" alt=\"\" class=\"wp-image-1120\" style=\"width:123px;height:auto\" srcset=\"https:\/\/spirits-import.de\/wp-content\/uploads\/2024\/09\/Palombaro_Ratafia_Small-453x1024.png 453w, https:\/\/spirits-import.de\/wp-content\/uploads\/2024\/09\/Palombaro_Ratafia_Small-133x300.png 133w, https:\/\/spirits-import.de\/wp-content\/uploads\/2024\/09\/Palombaro_Ratafia_Small-768x1738.png 768w, https:\/\/spirits-import.de\/wp-content\/uploads\/2024\/09\/Palombaro_Ratafia_Small-679x1536.png 679w, https:\/\/spirits-import.de\/wp-content\/uploads\/2024\/09\/Palombaro_Ratafia_Small.png 884w\" sizes=\"auto, (max-width: 453px) 100vw, 453px\" \/><\/a><\/figure>\n<\/div>\n\n\n<p class=\"has-text-align-center\"><a href=\"https:\/\/spirits-import.de\/wp-content\/uploads\/2024\/09\/Palombaro_Ratafia_Small.png\" data-type=\"attachment\" data-id=\"1120\">Ratafia Small<\/a><\/p>\n<\/div>\n<\/div>\n","protected":false},"excerpt":{"rendered":"<p>Breite Bilder der Flasche, ideal f\u00fcr Shops,Aufl\u00f6sung 1993 x 3000 Pixel Genziana Limoncello Ratafia Schmale Bilder der Flasche, Aufl\u00f6sung 814 x 3000 Pixel Genziana Small Limoncello Small Ratafia Small<\/p>\n","protected":false},"author":1,"featured_media":0,"parent":949,"menu_order":10,"comment_status":"closed","ping_status":"closed","template":"","meta":{"footnotes":""},"class_list":["post-1112","page","type-page","status-publish","hentry","entry"],"translation":{"provider":"WPGlobus","version":"3.0.2","language":"en","enabled_languages":["de","en","es","fr","it","nl"],"languages":{"de":{"title":true,"content":true,"excerpt":false},"en":{"title":false,"content":false,"excerpt":false},"es":{"title":false,"content":false,"excerpt":false},"fr":{"title":false,"content":false,"excerpt":false},"it":{"title":false,"content":false,"excerpt":false},"nl":{"title":false,"content":false,"excerpt":false}}},"_links":{"self":[{"href":"https:\/\/spirits-import.de\/en\/wp-json\/wp\/v2\/pages\/1112","targetHints":{"allow":["GET"]}}],"collection":[{"href":"https:\/\/spirits-import.de\/en\/wp-json\/wp\/v2\/pages"}],"about":[{"href":"https:\/\/spirits-import.de\/en\/wp-json\/wp\/v2\/types\/page"}],"author":[{"embeddable":true,"href":"https:\/\/spirits-import.de\/en\/wp-json\/wp\/v2\/users\/1"}],"replies":[{"embeddable":true,"href":"https:\/\/spirits-import.de\/en\/wp-json\/wp\/v2\/comments?post=1112"}],"version-history":[{"count":3,"href":"https:\/\/spirits-import.de\/en\/wp-json\/wp\/v2\/pages\/1112\/revisions"}],"predecessor-version":[{"id":1125,"href":"https:\/\/spirits-import.de\/en\/wp-json\/wp\/v2\/pages\/1112\/revisions\/1125"}],"up":[{"embeddable":true,"href":"https:\/\/spirits-import.de\/en\/wp-json\/wp\/v2\/pages\/949"}],"wp:attachment":[{"href":"https:\/\/spirits-import.de\/en\/wp-json\/wp\/v2\/media?parent=1112"}],"curies":[{"name":"wp","href":"https:\/\/api.w.org\/{rel}","templated":true}]}}